{"id":985,"date":"2022-01-10T18:52:19","date_gmt":"2022-01-10T18:52:19","guid":{"rendered":"https:\/\/new.arb.ro\/?page_id=985"},"modified":"2024-09-05T15:07:48","modified_gmt":"2024-09-05T12:07:48","slug":"sistemul-bancar-din-romania","status":"publish","type":"page","link":"https:\/\/www.arb.ro\/en\/sistemul-bancar-din-romania\/","title":{"rendered":"The Romanian banking system"},"content":{"rendered":"<div data-elementor-type=\"wp-page\" data-elementor-id=\"985\" class=\"elementor elementor-985\" data-elementor-post-type=\"page\">\n\t\t\t\t<div class=\"elementor-element elementor-element-de7c728 e-flex e-con-boxed e-con e-parent\" data-id=\"de7c728\" data-element_type=\"container\" data-e-type=\"container\">\n\t\t\t\t\t<div class=\"e-con-inner\">\n\t\t\t\t<div class=\"elementor-element elementor-element-3fdfeca elementor-widget elementor-widget-heading\" data-id=\"3fdfeca\" data-element_type=\"widget\" data-e-type=\"widget\" data-widget_type=\"heading.default\">\n\t\t\t\t<div class=\"elementor-widget-container\">\n\t\t\t\t\t<h2 class=\"elementor-heading-title elementor-size-default\">Evolu\u021bia sistemului bancar din Rom\u00e2nia<\/h2>\t\t\t\t<\/div>\n\t\t\t\t<\/div>\n\t\t\t\t\t<\/div>\n\t\t\t\t<\/div>\n\t\t<div class=\"elementor-element elementor-element-1d763b00 e-flex e-con-boxed e-con e-parent\" data-id=\"1d763b00\" data-element_type=\"container\" data-e-type=\"container\">\n\t\t\t\t\t<div class=\"e-con-inner\">\n\t\t\t\t<div class=\"elementor-element elementor-element-5a13404 elementor-widget elementor-widget-text-editor\" data-id=\"5a13404\" data-element_type=\"widget\" data-e-type=\"widget\" data-widget_type=\"text-editor.default\">\n\t\t\t\t<div class=\"elementor-widget-container\">\n\t\t\t\t\t\t\t\t\t<p>Sistemul bancar din Rom\u00e2nia se afl\u0103 \u00eentr-o pozi\u021bie pruden\u021bial\u0103 \u0219i financiar\u0103 adecvat\u0103, mai to\u021bi indicatorii fiind situa\u021bi peste mediile sectoarelor bancare din Uniunea European\u0103. B\u0103ncile din Rom\u00e2nia sunt solide \u0219i bine capitalizate, indicatorul de solvabilitate a ajuns la 24,05% \u00een luna iunie 2024, de trei ori peste minimul solicitat. Din perspectiva lichidit\u0103\u021bii, indicatorii se plaseaz\u0103 la niveluri confortabile \u0219i, \u00een plus, structura bilan\u021bier\u0103 a b\u0103ncilor este orientat\u0103 c\u0103tre active lichide. Indicatorul de acoperire a necesarului de lichiditate se situa la 286,05%, potrivit datelor BNR la luna martie 2024, \u00een timp ce media european\u0103 era de 167,1% \u00een decembrie 2023.<\/p><p>Gradul de acoperire cu provizioane a creditelor neperformante era de 65,94% \u00een martie 2024, mult mai ridicat fa\u021b\u0103 de media european\u0103, de 42,3%, \u00een decembrie 2023, asigur\u00e2nd astfel stabilitate \u0219i rezilien\u021b\u0103. Rata creditelor neperformante a fost de 2,49% \u00een iunie 2024, la o diferen\u021b\u0103 redus\u0103 de media european\u0103 care este de 1,9%. B\u0103ncile au suficient\u0103 marj\u0103 de manevr\u0103 s\u0103 creasc\u0103 creditarea pe baze sustenabile, to\u021bi indicatorii care indic\u0103 stabilitatea, lichiditatea \u0219i rezilien\u021ba fiind adecva\u021bi.<\/p><p>Asigurarea unei finan\u021b\u0103ri agile \u0219i sustenabile, posibil\u0103 \u00eentr-un context \u00een care b\u0103ncilor le sunt asigurate inclusiv condi\u021bii optime privind cre\u0219terea capitaliz\u0103rii, produce ca efecte cre\u0219terea economic\u0103, prin cre\u0219terea consumului \u0219i a investi\u021biilor \u0219i, implicit, asigurarea resurselor de care au nevoie, mai ales \u00een actualul context, statul rom\u00e2n, popula\u021bia \u0219i companiile. Altfel, economia Rom\u00e2niei devine mai vulnerabil\u0103 la eventuale \u0219ocuri externe de natura crizelor interna\u021bionale, mai ales c\u00e2nd travers\u0103m \u00eenc\u0103 o serie de crize suprapuse.<\/p>\t\t\t\t\t\t\t\t<\/div>\n\t\t\t\t<\/div>\n\t\t\t\t<div class=\"elementor-element elementor-element-a5dbac2 elementor-widget elementor-widget-heading\" data-id=\"a5dbac2\" data-element_type=\"widget\" data-e-type=\"widget\" data-widget_type=\"heading.default\">\n\t\t\t\t<div class=\"elementor-widget-container\">\n\t\t\t\t\t<h2 class=\"elementor-heading-title elementor-size-default\">Rentabilitatea sistemului bancar<\/h2>\t\t\t\t<\/div>\n\t\t\t\t<\/div>\n\t\t\t\t<div class=\"elementor-element elementor-element-2f42dac elementor-widget elementor-widget-text-editor\" data-id=\"2f42dac\" data-element_type=\"widget\" data-e-type=\"widget\" data-widget_type=\"text-editor.default\">\n\t\t\t\t<div class=\"elementor-widget-container\">\n\t\t\t\t\t\t\t\t\t<p>Sectorul bancar se situeaz\u0103 la finele clasamentului rentabilit\u0103\u021bii activelor \u00een raport cu celelalte sectoare economice din Rom\u00e2nia, la nivelul anului 2023, ocup\u00e2nd locul 24 din 24. Rentabilitatea activelor (ROA) sistemului bancar s-a situat la 1,8%, de aproximativ 4 ori mai pu\u021bin dec\u00e2t media na\u021bional\u0103 de 6,9%. Industria bancar\u0103 se pozi\u021bioneaz\u0103 pe locul 9 din 24 \u00een topul sectoarelor economice din perspectiva rentabilit\u0103\u021bii capitalurilor, \u00een anul 2023. Rentabilitatea capitalurilor companiilor nefinanciare (ROE mediu al sectoarelor economice) a fost de 17,4% \u00een anul 2023, \u00een timp ce b\u0103ncile au avut o rentabilitate a capitalurilor de 20,1%.<\/p><p>Rezultatele bune ob\u021binute de b\u0103nci se datoreaz\u0103 cre\u0219terii volumului credit\u0103rii, eficien\u021bei sporite mai ales pe fondul digitaliz\u0103rii \u0219i revers\u0103rii unor provizioane constituite \u00een anii pandemiei c\u00e2nd riscul era mai crescut.\u00a0\u00a0\u00a0<\/p>\t\t\t\t\t\t\t\t<\/div>\n\t\t\t\t<\/div>\n\t\t\t\t<div class=\"elementor-element elementor-element-53bc508 elementor-widget elementor-widget-heading\" data-id=\"53bc508\" data-element_type=\"widget\" data-e-type=\"widget\" data-widget_type=\"heading.default\">\n\t\t\t\t<div class=\"elementor-widget-container\">\n\t\t\t\t\t<h2 class=\"elementor-heading-title elementor-size-default\">Gradul de intermedierea financiar\u0103<\/h2>\t\t\t\t<\/div>\n\t\t\t\t<\/div>\n\t\t\t\t<div class=\"elementor-element elementor-element-9238648 elementor-widget elementor-widget-text-editor\" data-id=\"9238648\" data-element_type=\"widget\" data-e-type=\"widget\" data-widget_type=\"text-editor.default\">\n\t\t\t\t<div class=\"elementor-widget-container\">\n\t\t\t\t\t\t\t\t\t<p>Rom\u00e2nia are un poten\u021bial extraordinar de dezvoltare economic\u0103 prin credit. \u00cen Rom\u00e2nia gradul de intermediere financiar\u0103, calculat ca ponderea creditului neguvernamental \u00een PIB, se plaseaz\u0103 la 24%, \u00een anul 2023, fa\u021b\u0103 de o medie european\u0103 de 90%. Rom\u00e2nia se men\u021bine pe ultima pozi\u021bie \u00een topul Uniunii Europene \u00een ceea ce prive\u0219te gradul de intermediere financiar\u0103 calculat \u0219i ca pondere a activelor sectorului bancar \u00een PIB, de 49,9%, indicatorul fiind de circa 4,4 ori mai mic fa\u021b\u0103 de media Uniunii Europene.<\/p><p>Importan\u021ba intermedierii financiare este dat\u0103 de influen\u021ba pozitiv\u0103 a acesteia asupra dezvolt\u0103rii economice a unei \u021b\u0103ri, corela\u021bia fiind puternic\u0103, de 0,8. Intermedierea financiar\u0103 creeaz\u0103 premisele necesare cre\u0219terii economice viitoare. Volumul creditelor noi acordate de institu\u021biile de credit din Rom\u00e2nia, \u00een perioada ianuarie 2020 &#8211; decembrie 2023, marcat\u0103 de pandemia de coronavirus \u0219i efectele r\u0103zboiului din Ucraina, se ridic\u0103 la 461 miliarde lei. Creditele noi, acordate \u00een cei patru ani, dep\u0103\u0219esc cu peste 19% soldul creditului neguvernamental \u00eenregistrat la finele lunii decembrie 2023 \u0219i reprezint\u0103 echivalentul a unei treimi din Produsul Intern Brut al Rom\u00e2niei. B\u0103ncile din Rom\u00e2nia au acordat anul trecut credite noi popula\u021biei \u0219i companiilor \u00een valoare de 140 miliarde lei, \u00een cre\u0219tere cu 10,41% comparativ cu volumul \u00eemprumuturilor noi accesate \u00een 2022.<\/p><p>\u00cen primele 7 luni ale anului 2024, volumul creditelor noi acordate de b\u0103ncile din Rom\u00e2nia se cifreaz\u0103 la 100,2 miliarde lei, \u00een cre\u0219tere cu\u00a0 30% comparativ cu perioada similar\u0103 a anului trecut. Creditarea a fost impulsionat\u0103 de creditele acordate popula\u021biei. \u00cenainte de pandemie, aproximativ 60% din profiturile ob\u021binute de b\u0103nci au fost capitalizate. \u00cen ultimii ani, acest procent a crescut, ceea ce \u00eenseamn\u0103 c\u0103 profiturile b\u0103ncilor sunt direc\u021bionate \u00een mare parte \u00een capitalizarea suplimentar\u0103 \u0219i astfel cre\u0219te capacitatea b\u0103ncilor de a finan\u021ba companiile, popula\u021bia \u0219i statul rom\u00e2n.<\/p><p>Cre\u0219terea f\u0103r\u0103 precedent a ratei infla\u021biei la nivel mondial a impus major\u0103ri ale dob\u00e2nzilor de politic\u0103 monetar\u0103, \u00een special \u00een 2022, ceea ce a condus la cre\u0219terea dob\u00e2nzilor la credite \u0219i depozite. \u00cen pofida acestui fapt, rata creditelor neperformante a \u00eenregistrat sc\u0103deri, dovedind eficien\u021ba m\u0103surilor de restructurare oferite de institu\u021biile de credit \u00een situa\u021bia clien\u021bilor care au \u00eent\u00e2mpinat dificult\u0103\u021bi de plat\u0103 temporare. \u00cen prezent asist\u0103m la relaxarea tabloului de politic\u0103 monetar\u0103, BNR reduc\u00e2nd \u00een dou\u0103 etape dob\u00e2nda de politic\u0103 monetar\u0103.<\/p><p>Rata anual\u0103 a infla\u021biei a sc\u0103zut p\u00e2n\u0103 la 5,42%, pe termen scurt \u0219i mediu fiind a\u0219teptate ajust\u0103ri \u00een jos ale dob\u00e2nzii de politic\u0103 monetar\u0103, chiar dac\u0103 acest aspect nu se va \u00eent\u00e2mpla cu amplitudini mari. Sistemul bancar a demonstrat c\u0103 este parte din solu\u021bie la crizele suprapuse, asigur\u00e2nd finan\u021bare \u00een ritm sus\u021binut \u0219i pe baze sustenabile, economisire la dob\u00e2nzi competitive \u00een raport cu alte state \u0219i alte produse \u0219i servicii digitale. B\u0103ncile contribuie la finan\u021barea afacerilor, a proiectelor de investi\u021bii \u0219i a locuin\u021belor, pentru 2,3 milioane debitori, stimul\u00e2nd astfel cre\u0219terea economic\u0103 \u0219i crearea de locuri de munc\u0103.<\/p>\t\t\t\t\t\t\t\t<\/div>\n\t\t\t\t<\/div>\n\t\t\t\t<div class=\"elementor-element elementor-element-e5e822b elementor-widget elementor-widget-heading\" data-id=\"e5e822b\" data-element_type=\"widget\" data-e-type=\"widget\" data-widget_type=\"heading.default\">\n\t\t\t\t<div class=\"elementor-widget-container\">\n\t\t\t\t\t<h2 class=\"elementor-heading-title elementor-size-default\">Incluziunea financiar\u0103<\/h2>\t\t\t\t<\/div>\n\t\t\t\t<\/div>\n\t\t\t\t<div class=\"elementor-element elementor-element-6bc18ec elementor-widget elementor-widget-text-editor\" data-id=\"6bc18ec\" data-element_type=\"widget\" data-e-type=\"widget\" data-widget_type=\"text-editor.default\">\n\t\t\t\t<div class=\"elementor-widget-container\">\n\t\t\t\t\t\t\t\t\t<p>B\u0103ncile sunt preocupate de eficientizarea costurilor \u0219i a timpului\/modului de lucru pentru cre\u0219terea satisfac\u021biei clien\u021bilor prin automatizare. Investi\u021biile \u00een tehnologie (big data, Inteligen\u021b\u0103 artificial\u0103, Blockchain \u0219i cloud computing) s-au intensificat. Digitalizarea a accelerat \u00een toat\u0103 aceast\u0103 perioad\u0103. Institu\u021biile de credit investesc \u00een tehnologie \u0219i inova\u021bie, oferta de produse \u0219i servicii online cunosc\u00e2nd o cre\u0219tere semnificativ\u0103 de la debutul pandemiei, din perspectiva eficien\u021bei \u0219i accesibilit\u0103\u021bii. \u00cen perioada pandemic\u0103, s-a produs extinderea gamei de produse\/servicii online, mai mult de jum\u0103tate dintre b\u0103nci oferind deschiderea de conturi online, depozite online, accesarea de credite de consum online etc..<\/p><p>\u00cen 2017, ponderea pl\u0103\u021bilor efectuate cu cardul \u00een compara\u021bie cu retragerile de numerar de la bancomate era de circa 26%. \u00cen 2023, valoarea pl\u0103\u021bilor cu cardul reprezint\u0103 96% din valoarea retragerilor de numerar de la ATM.<\/p><p>Gradul de incluziune financiar\u0103 \u00een r\u00e2ndul adul\u021bilor din Rom\u00e2nia a avansat la 71%, \u00een cre\u0219tere comparativ cu nivelul \u00eenregistrat \u00een urm\u0103 cu doi ani, de 68%, se arat\u0103 \u00een cercetarea de pia\u021b\u0103 &#8222;<em>Sistemul bancar \u00een percep\u021bia rom\u00e2nilor: creditarea \u0219i incluziunea financiar\u0103 a rom\u00e2nilor\u201d<\/em>, realizat\u0103 de c\u0103tre Institutul Rom\u00e2n pentru Evaluare \u0219i Strategie (IRES) pentru Asocia\u021bia Rom\u00e2n\u0103 a B\u0103ncilor.<\/p><p>Cercetarea relev\u0103 c\u0103 aproximativ 77% dintre b\u0103rba\u021bi au produse \u0219i servicii bancare \u00een compara\u021bie cu doar 66% dintre femei. 97% dintre persoanele cu educa\u021bie superioar\u0103 de\u021bin cel pu\u021bin conturi curente la b\u0103nci. Cea mai ridicat\u0103 pondere a rom\u00e2nilor care nu au conturi curente se \u00eenregistreaz\u0103 \u00een r\u00e2ndul persoanelor cu educa\u021bie sc\u0103zut\u0103, venituri reduse \u0219i cu v\u00e2rsta de peste 65 de ani, \u00een pofida gratuit\u0103\u021bii contului curent de pl\u0103\u021bi de baz\u0103. \u00cen func\u021bie de reziden\u021b\u0103, 82% din popula\u021bia din mediul urban de\u021bine produse \u0219i servicii bancare, comparativ cu 60% dintre adul\u021bii din mediul rural.<\/p><p>\u00cen topul motivelor pentru care persoanele nu de\u021bin un cont curent, 37% dintre responden\u021bi afirm\u0103 c\u0103 au venituri prea mici, 20% dintre ei sunt pl\u0103ti\u021bi \u00een numerar, 18% subliniaz\u0103 c\u0103 toate pl\u0103\u021bile sunt realizate \u00een numerar, iar 7% nu \u00eel consider\u0103 util. Aproximativ 70% dintre responden\u021bii cu conturi bancare afirm\u0103 c\u0103 folosesc carduri de debit. Cardul de credit este utilizat de 25% dintre responden\u021bii studiului. La nivel na\u021bional, 34% dintre responden\u021bii care de\u021bin produse \u0219i servicii bancare declar\u0103 c\u0103 au credite de la b\u0103nci, propor\u021bie \u00een cre\u0219tere fa\u021b\u0103 de cea din anul 2022, de 31%. Au credite \u00een special responden\u021bii cu v\u00e2rsta \u00eentre 36-50 de ani, cu educa\u021bie superioar\u0103, cu venituri mari \u0219i care locuiesc \u00een mediul urban. Dintre rom\u00e2nii care au accesat credite, 54% afirm\u0103 c\u0103 au \u00een derulare credite de consum, 18% credite ipotecare\/imobiliare standard, 13% pentru produse luate \u00een rate \u0219i 10% \u00eemprumuturi Prima\/Noua Cas\u0103. Aproximativ 17% dintre participan\u021bii la studiu care utilizeaz\u0103 produse \u0219i servicii bancare au depozite bancare, iar 17,5% de\u021bin conturi de economii.<\/p><p>B\u0103ncile r\u0103m\u00e2n preocupate de intensificarea digitaliz\u0103rii cu asigurarea securit\u0103\u021bii cibernetice pentru eficientizarea costurilor \u0219i cre\u0219terea satisfac\u021biei clien\u021bilor. Sistemul bancar din Rom\u00e2nia este solid \u0219i rezilient \u0219i poate s\u0103-\u0219i \u00eendeplineasc\u0103 mandatul implicit pe care \u00eel are, de cre\u0219tere a gradului de intermediere financiar\u0103 pe baze sustenabile.<\/p>\t\t\t\t\t\t\t\t<\/div>\n\t\t\t\t<\/div>\n\t\t\t\t\t<\/div>\n\t\t\t\t<\/div>\n\t\t\t\t<\/div>","protected":false},"excerpt":{"rendered":"<p>Evolu\u021bia sistemului bancar din Rom\u00e2nia Sistemul bancar din Rom\u00e2nia se afl\u0103 \u00eentr-o pozi\u021bie pruden\u021bial\u0103 \u0219i financiar\u0103 adecvat\u0103, mai to\u021bi indicatorii fiind situa\u021bi peste mediile sectoarelor bancare din Uniunea European\u0103. B\u0103ncile din Rom\u00e2nia sunt solide \u0219i bine capitalizate, indicatorul de solvabilitate a ajuns la 24,05% \u00een luna iunie 2024, de trei ori peste minimul solicitat. Din [&hellip;]<\/p>\n","protected":false},"author":5,"featured_media":0,"parent":0,"menu_order":0,"comment_status":"closed","ping_status":"closed","template":"","meta":{"inline_featured_image":false,"footnotes":""},"class_list":["post-985","page","type-page","status-publish","hentry"],"acf":[],"yoast_head":"<!-- This site is optimized with the Yoast SEO plugin v27.3 - https:\/\/yoast.com\/product\/yoast-seo-wordpress\/ -->\n<title>Sistemul bancar din Rom\u00e2nia - Asocia\u021bia Rom\u00e2n\u0103 a B\u0103ncilor (ARB)<\/title>\n<meta name=\"robots\" content=\"index, follow, max-snippet:-1, max-image-preview:large, max-video-preview:-1\" \/>\n<link rel=\"canonical\" href=\"https:\/\/www.arb.ro\/en\/sistemul-bancar-din-romania\/\" \/>\n<meta property=\"og:locale\" content=\"en_US\" \/>\n<meta property=\"og:type\" content=\"article\" \/>\n<meta property=\"og:title\" content=\"Sistemul bancar din Rom\u00e2nia - Asocia\u021bia Rom\u00e2n\u0103 a B\u0103ncilor (ARB)\" \/>\n<meta property=\"og:description\" content=\"Evolu\u021bia sistemului bancar din Rom\u00e2nia Sistemul bancar din Rom\u00e2nia se afl\u0103 \u00eentr-o pozi\u021bie pruden\u021bial\u0103 \u0219i financiar\u0103 adecvat\u0103, mai to\u021bi indicatorii fiind situa\u021bi peste mediile sectoarelor bancare din Uniunea European\u0103. B\u0103ncile din Rom\u00e2nia sunt solide \u0219i bine capitalizate, indicatorul de solvabilitate a ajuns la 24,05% \u00een luna iunie 2024, de trei ori peste minimul solicitat. Din [&hellip;]\" \/>\n<meta property=\"og:url\" content=\"https:\/\/www.arb.ro\/en\/sistemul-bancar-din-romania\/\" \/>\n<meta property=\"og:site_name\" content=\"Asocia\u021bia Rom\u00e2n\u0103 a B\u0103ncilor (ARB)\" \/>\n<meta property=\"article:modified_time\" content=\"2024-09-05T12:07:48+00:00\" \/>\n<meta name=\"twitter:card\" content=\"summary_large_image\" \/>\n<meta name=\"twitter:label1\" content=\"Est. reading time\" \/>\n\t<meta name=\"twitter:data1\" content=\"7 minutes\" \/>\n<script type=\"application\/ld+json\" class=\"yoast-schema-graph\">{\"@context\":\"https:\\\/\\\/schema.org\",\"@graph\":[{\"@type\":\"WebPage\",\"@id\":\"https:\\\/\\\/www.arb.ro\\\/en\\\/sistemul-bancar-din-romania\\\/\",\"url\":\"https:\\\/\\\/www.arb.ro\\\/en\\\/sistemul-bancar-din-romania\\\/\",\"name\":\"Sistemul bancar din Rom\u00e2nia - Asocia\u021bia Rom\u00e2n\u0103 a B\u0103ncilor (ARB)\",\"isPartOf\":{\"@id\":\"https:\\\/\\\/www.arb.ro\\\/#website\"},\"datePublished\":\"2022-01-10T18:52:19+00:00\",\"dateModified\":\"2024-09-05T12:07:48+00:00\",\"breadcrumb\":{\"@id\":\"https:\\\/\\\/www.arb.ro\\\/en\\\/sistemul-bancar-din-romania\\\/#breadcrumb\"},\"inLanguage\":\"en-US\",\"potentialAction\":[{\"@type\":\"ReadAction\",\"target\":[\"https:\\\/\\\/www.arb.ro\\\/en\\\/sistemul-bancar-din-romania\\\/\"]}]},{\"@type\":\"BreadcrumbList\",\"@id\":\"https:\\\/\\\/www.arb.ro\\\/en\\\/sistemul-bancar-din-romania\\\/#breadcrumb\",\"itemListElement\":[{\"@type\":\"ListItem\",\"position\":1,\"name\":\"Home\",\"item\":\"https:\\\/\\\/www.arb.ro\\\/\"},{\"@type\":\"ListItem\",\"position\":2,\"name\":\"Sistemul bancar din Rom\u00e2nia\"}]},{\"@type\":\"WebSite\",\"@id\":\"https:\\\/\\\/www.arb.ro\\\/#website\",\"url\":\"https:\\\/\\\/www.arb.ro\\\/\",\"name\":\"Asocia\u021bia Rom\u00e2n\u0103 a B\u0103ncilor (ARB)\",\"description\":\"Asocia\u021bia Rom\u00e2n\u0103 a B\u0103ncilor\",\"publisher\":{\"@id\":\"https:\\\/\\\/www.arb.ro\\\/#organization\"},\"potentialAction\":[{\"@type\":\"SearchAction\",\"target\":{\"@type\":\"EntryPoint\",\"urlTemplate\":\"https:\\\/\\\/www.arb.ro\\\/?s={search_term_string}\"},\"query-input\":{\"@type\":\"PropertyValueSpecification\",\"valueRequired\":true,\"valueName\":\"search_term_string\"}}],\"inLanguage\":\"en-US\"},{\"@type\":\"Organization\",\"@id\":\"https:\\\/\\\/www.arb.ro\\\/#organization\",\"name\":\"Asocia\u021bia Rom\u00e2n\u0103 a B\u0103ncilor (ARB)\",\"url\":\"https:\\\/\\\/www.arb.ro\\\/\",\"logo\":{\"@type\":\"ImageObject\",\"inLanguage\":\"en-US\",\"@id\":\"https:\\\/\\\/www.arb.ro\\\/#\\\/schema\\\/logo\\\/image\\\/\",\"url\":\"https:\\\/\\\/www.arb.ro\\\/wp-content\\\/uploads\\\/ARB_35_TRANSPARENCY.png\",\"contentUrl\":\"https:\\\/\\\/www.arb.ro\\\/wp-content\\\/uploads\\\/ARB_35_TRANSPARENCY.png\",\"width\":1820,\"height\":1987,\"caption\":\"Asocia\u021bia Rom\u00e2n\u0103 a B\u0103ncilor (ARB)\"},\"image\":{\"@id\":\"https:\\\/\\\/www.arb.ro\\\/#\\\/schema\\\/logo\\\/image\\\/\"}}]}<\/script>\n<!-- \/ Yoast SEO plugin. -->","yoast_head_json":{"title":"Sistemul bancar din Rom\u00e2nia - Asocia\u021bia Rom\u00e2n\u0103 a B\u0103ncilor (ARB)","robots":{"index":"index","follow":"follow","max-snippet":"max-snippet:-1","max-image-preview":"max-image-preview:large","max-video-preview":"max-video-preview:-1"},"canonical":"https:\/\/www.arb.ro\/en\/sistemul-bancar-din-romania\/","og_locale":"en_US","og_type":"article","og_title":"Sistemul bancar din Rom\u00e2nia - Asocia\u021bia Rom\u00e2n\u0103 a B\u0103ncilor (ARB)","og_description":"Evolu\u021bia sistemului bancar din Rom\u00e2nia Sistemul bancar din Rom\u00e2nia se afl\u0103 \u00eentr-o pozi\u021bie pruden\u021bial\u0103 \u0219i financiar\u0103 adecvat\u0103, mai to\u021bi indicatorii fiind situa\u021bi peste mediile sectoarelor bancare din Uniunea European\u0103. B\u0103ncile din Rom\u00e2nia sunt solide \u0219i bine capitalizate, indicatorul de solvabilitate a ajuns la 24,05% \u00een luna iunie 2024, de trei ori peste minimul solicitat. Din [&hellip;]","og_url":"https:\/\/www.arb.ro\/en\/sistemul-bancar-din-romania\/","og_site_name":"Asocia\u021bia Rom\u00e2n\u0103 a B\u0103ncilor (ARB)","article_modified_time":"2024-09-05T12:07:48+00:00","twitter_card":"summary_large_image","twitter_misc":{"Est. reading time":"7 minutes"},"schema":{"@context":"https:\/\/schema.org","@graph":[{"@type":"WebPage","@id":"https:\/\/www.arb.ro\/en\/sistemul-bancar-din-romania\/","url":"https:\/\/www.arb.ro\/en\/sistemul-bancar-din-romania\/","name":"Sistemul bancar din Rom\u00e2nia - Asocia\u021bia Rom\u00e2n\u0103 a B\u0103ncilor (ARB)","isPartOf":{"@id":"https:\/\/www.arb.ro\/#website"},"datePublished":"2022-01-10T18:52:19+00:00","dateModified":"2024-09-05T12:07:48+00:00","breadcrumb":{"@id":"https:\/\/www.arb.ro\/en\/sistemul-bancar-din-romania\/#breadcrumb"},"inLanguage":"en-US","potentialAction":[{"@type":"ReadAction","target":["https:\/\/www.arb.ro\/en\/sistemul-bancar-din-romania\/"]}]},{"@type":"BreadcrumbList","@id":"https:\/\/www.arb.ro\/en\/sistemul-bancar-din-romania\/#breadcrumb","itemListElement":[{"@type":"ListItem","position":1,"name":"Home","item":"https:\/\/www.arb.ro\/"},{"@type":"ListItem","position":2,"name":"Sistemul bancar din Rom\u00e2nia"}]},{"@type":"WebSite","@id":"https:\/\/www.arb.ro\/#website","url":"https:\/\/www.arb.ro\/","name":"Asocia\u021bia Rom\u00e2n\u0103 a B\u0103ncilor (ARB)","description":"Romanian Association of Banks","publisher":{"@id":"https:\/\/www.arb.ro\/#organization"},"potentialAction":[{"@type":"SearchAction","target":{"@type":"EntryPoint","urlTemplate":"https:\/\/www.arb.ro\/?s={search_term_string}"},"query-input":{"@type":"PropertyValueSpecification","valueRequired":true,"valueName":"search_term_string"}}],"inLanguage":"en-US"},{"@type":"Organization","@id":"https:\/\/www.arb.ro\/#organization","name":"Asocia\u021bia Rom\u00e2n\u0103 a B\u0103ncilor (ARB)","url":"https:\/\/www.arb.ro\/","logo":{"@type":"ImageObject","inLanguage":"en-US","@id":"https:\/\/www.arb.ro\/#\/schema\/logo\/image\/","url":"https:\/\/www.arb.ro\/wp-content\/uploads\/ARB_35_TRANSPARENCY.png","contentUrl":"https:\/\/www.arb.ro\/wp-content\/uploads\/ARB_35_TRANSPARENCY.png","width":1820,"height":1987,"caption":"Asocia\u021bia Rom\u00e2n\u0103 a B\u0103ncilor (ARB)"},"image":{"@id":"https:\/\/www.arb.ro\/#\/schema\/logo\/image\/"}}]}},"_links":{"self":[{"href":"https:\/\/www.arb.ro\/en\/wp-json\/wp\/v2\/pages\/985","targetHints":{"allow":["GET"]}}],"collection":[{"href":"https:\/\/www.arb.ro\/en\/wp-json\/wp\/v2\/pages"}],"about":[{"href":"https:\/\/www.arb.ro\/en\/wp-json\/wp\/v2\/types\/page"}],"author":[{"embeddable":true,"href":"https:\/\/www.arb.ro\/en\/wp-json\/wp\/v2\/users\/5"}],"replies":[{"embeddable":true,"href":"https:\/\/www.arb.ro\/en\/wp-json\/wp\/v2\/comments?post=985"}],"version-history":[{"count":0,"href":"https:\/\/www.arb.ro\/en\/wp-json\/wp\/v2\/pages\/985\/revisions"}],"wp:attachment":[{"href":"https:\/\/www.arb.ro\/en\/wp-json\/wp\/v2\/media?parent=985"}],"curies":[{"name":"wp","href":"https:\/\/api.w.org\/{rel}","templated":true}]}}