{"id":969,"date":"2026-01-14T10:03:36","date_gmt":"2026-01-14T08:03:36","guid":{"rendered":"https:\/\/new.arb.ro\/?page_id=969"},"modified":"2026-01-14T18:26:19","modified_gmt":"2026-01-14T16:26:19","slug":"institutul-bancar-roman","status":"publish","type":"page","link":"https:\/\/www.arb.ro\/en\/despre-arb\/institutul-bancar-roman\/","title":{"rendered":"The Romanian Bank Institute"},"content":{"rendered":"<div data-elementor-type=\"wp-page\" data-elementor-id=\"969\" class=\"elementor elementor-969\" data-elementor-post-type=\"page\">\n\t\t\t\t<div class=\"elementor-element elementor-element-48150ab2 e-flex e-con-boxed e-con e-parent\" data-id=\"48150ab2\" data-element_type=\"container\" data-e-type=\"container\">\n\t\t\t\t\t<div class=\"e-con-inner\">\n\t\t\t\t<div class=\"elementor-element elementor-element-4c36e26 elementor-widget elementor-widget-heading\" data-id=\"4c36e26\" data-element_type=\"widget\" data-e-type=\"widget\" data-widget_type=\"heading.default\">\n\t\t\t\t<div class=\"elementor-widget-container\">\n\t\t\t\t\t<h2 class=\"elementor-heading-title elementor-size-default\">The Romanian Bank Institute\n<\/h2>\t\t\t\t<\/div>\n\t\t\t\t<\/div>\n\t\t\t\t<div class=\"elementor-element elementor-element-58eb0730 elementor-widget elementor-widget-text-editor\" data-id=\"58eb0730\" data-element_type=\"widget\" data-e-type=\"widget\" data-widget_type=\"text-editor.default\">\n\t\t\t\t<div class=\"elementor-widget-container\">\n\t\t\t\t\t\t\t\t\t<p>Set up in 1991, the Romanian Banking Institute (RBI) has as main target vocational training, by specializing the staff working in banks, according to the requirements established by credit institutions and the National Bank of Romania, in cooperation with the Romanian Association of Banks and the programmes endorsed by its Board.<\/p><p>The relationship and the collaboration of the Romanian Association of Banks with the Romanian Banking Institute are conducted considering that the RBA is a founding member and a Board member of the RBI.<\/p><p>Lately, the collaboration with the Romanian Banking Institute has become stronger, due to the ongoing direct link of the Institute representatives with the experts of the specialised commissions of the Romanian Association of Banks, where current topics are being debated for each segment of banking, out of which course, seminar and workshop requirements are being devised, subsequently organized by the Romanian Banking Institute for the employees working in the banking sector.<\/p>\t\t\t\t\t\t\t\t<\/div>\n\t\t\t\t<\/div>\n\t\t\t\t<div class=\"elementor-element elementor-element-8462a33 elementor-widget elementor-widget-text-editor\" data-id=\"8462a33\" data-element_type=\"widget\" data-e-type=\"widget\" data-widget_type=\"text-editor.default\">\n\t\t\t\t<div class=\"elementor-widget-container\">\n\t\t\t\t\t\t\t\t\t<h6><strong>Pentru mai multe detalii \u0219i contact, v\u0103 rug\u0103m s\u0103 accesa\u021bi:\u00a0<\/strong><\/h6><h6><a href=\"https:\/\/www.ibr-rbi.ro\/\" target=\"_blank\" rel=\"noopener\">https:\/\/www.ibr-rbi.ro\/<\/a><\/h6>\t\t\t\t\t\t\t\t<\/div>\n\t\t\t\t<\/div>\n\t\t\t\t\t<\/div>\n\t\t\t\t<\/div>\n\t\t\t\t<\/div>","protected":false},"excerpt":{"rendered":"<p>Institutul Bancar Rom\u00e2n \u00cenfiin\u0163at \u00een anul 1991, Institutul Bancar Rom\u00e2n are ca principal obiectiv perfec\u0163ionarea profesional\u0103, preg\u0103tirea \u015fi specializarea personalului bancar, \u00een conformitate cu cerin\u0163ele stabilite de institu\u0163iile de credit \u015fi Banca Na\u0163ional\u0103 a Rom\u00e2niei, \u00een cooperare cu Asocia\u0163ia Rom\u00e2n\u0103 a B\u0103ncilor \u015fi cu programele aprobate de Consiliul de Administra\u0163ie al Institutului Bancar Rom\u00e2n. Rela\u0163ia [&hellip;]<\/p>\n","protected":false},"author":5,"featured_media":0,"parent":123,"menu_order":0,"comment_status":"closed","ping_status":"closed","template":"","meta":{"inline_featured_image":false,"footnotes":""},"class_list":["post-969","page","type-page","status-publish","hentry"],"acf":[],"yoast_head":"<!-- This site is optimized with the Yoast SEO plugin v27.3 - https:\/\/yoast.com\/product\/yoast-seo-wordpress\/ -->\n<title>Institutul Bancar Rom\u00e2n - Asocia\u021bia Rom\u00e2n\u0103 a B\u0103ncilor (ARB)<\/title>\n<meta name=\"robots\" content=\"index, follow, max-snippet:-1, max-image-preview:large, max-video-preview:-1\" \/>\n<link rel=\"canonical\" href=\"https:\/\/www.arb.ro\/en\/despre-arb\/institutul-bancar-roman\/\" \/>\n<meta property=\"og:locale\" content=\"en_US\" \/>\n<meta property=\"og:type\" content=\"article\" \/>\n<meta property=\"og:title\" content=\"Institutul Bancar Rom\u00e2n - Asocia\u021bia Rom\u00e2n\u0103 a B\u0103ncilor (ARB)\" \/>\n<meta property=\"og:description\" content=\"Institutul Bancar Rom\u00e2n \u00cenfiin\u0163at \u00een anul 1991, Institutul Bancar Rom\u00e2n are ca principal obiectiv perfec\u0163ionarea profesional\u0103, preg\u0103tirea \u015fi specializarea personalului bancar, \u00een conformitate cu cerin\u0163ele stabilite de institu\u0163iile de credit \u015fi Banca Na\u0163ional\u0103 a Rom\u00e2niei, \u00een cooperare cu Asocia\u0163ia Rom\u00e2n\u0103 a B\u0103ncilor \u015fi cu programele aprobate de Consiliul de Administra\u0163ie al Institutului Bancar Rom\u00e2n. Rela\u0163ia [&hellip;]\" \/>\n<meta property=\"og:url\" content=\"https:\/\/www.arb.ro\/en\/despre-arb\/institutul-bancar-roman\/\" \/>\n<meta property=\"og:site_name\" content=\"Asocia\u021bia Rom\u00e2n\u0103 a B\u0103ncilor (ARB)\" \/>\n<meta property=\"article:modified_time\" content=\"2026-01-14T16:26:19+00:00\" \/>\n<meta name=\"twitter:card\" content=\"summary_large_image\" \/>\n<meta name=\"twitter:label1\" content=\"Est. reading time\" \/>\n\t<meta name=\"twitter:data1\" content=\"1 minute\" \/>\n<script type=\"application\/ld+json\" class=\"yoast-schema-graph\">{\"@context\":\"https:\\\/\\\/schema.org\",\"@graph\":[{\"@type\":\"WebPage\",\"@id\":\"https:\\\/\\\/www.arb.ro\\\/despre-arb\\\/institutul-bancar-roman\\\/\",\"url\":\"https:\\\/\\\/www.arb.ro\\\/despre-arb\\\/institutul-bancar-roman\\\/\",\"name\":\"Institutul Bancar Rom\u00e2n - Asocia\u021bia Rom\u00e2n\u0103 a B\u0103ncilor (ARB)\",\"isPartOf\":{\"@id\":\"https:\\\/\\\/www.arb.ro\\\/#website\"},\"datePublished\":\"2026-01-14T08:03:36+00:00\",\"dateModified\":\"2026-01-14T16:26:19+00:00\",\"breadcrumb\":{\"@id\":\"https:\\\/\\\/www.arb.ro\\\/despre-arb\\\/institutul-bancar-roman\\\/#breadcrumb\"},\"inLanguage\":\"en-US\",\"potentialAction\":[{\"@type\":\"ReadAction\",\"target\":[\"https:\\\/\\\/www.arb.ro\\\/despre-arb\\\/institutul-bancar-roman\\\/\"]}]},{\"@type\":\"BreadcrumbList\",\"@id\":\"https:\\\/\\\/www.arb.ro\\\/despre-arb\\\/institutul-bancar-roman\\\/#breadcrumb\",\"itemListElement\":[{\"@type\":\"ListItem\",\"position\":1,\"name\":\"Home\",\"item\":\"https:\\\/\\\/www.arb.ro\\\/\"},{\"@type\":\"ListItem\",\"position\":2,\"name\":\"Despre ARB\",\"item\":\"https:\\\/\\\/www.arb.ro\\\/despre-arb\\\/\"},{\"@type\":\"ListItem\",\"position\":3,\"name\":\"Institutul Bancar Rom\u00e2n\"}]},{\"@type\":\"WebSite\",\"@id\":\"https:\\\/\\\/www.arb.ro\\\/#website\",\"url\":\"https:\\\/\\\/www.arb.ro\\\/\",\"name\":\"Asocia\u021bia Rom\u00e2n\u0103 a B\u0103ncilor (ARB)\",\"description\":\"Asocia\u021bia Rom\u00e2n\u0103 a B\u0103ncilor\",\"publisher\":{\"@id\":\"https:\\\/\\\/www.arb.ro\\\/#organization\"},\"potentialAction\":[{\"@type\":\"SearchAction\",\"target\":{\"@type\":\"EntryPoint\",\"urlTemplate\":\"https:\\\/\\\/www.arb.ro\\\/?s={search_term_string}\"},\"query-input\":{\"@type\":\"PropertyValueSpecification\",\"valueRequired\":true,\"valueName\":\"search_term_string\"}}],\"inLanguage\":\"en-US\"},{\"@type\":\"Organization\",\"@id\":\"https:\\\/\\\/www.arb.ro\\\/#organization\",\"name\":\"Asocia\u021bia Rom\u00e2n\u0103 a B\u0103ncilor (ARB)\",\"url\":\"https:\\\/\\\/www.arb.ro\\\/\",\"logo\":{\"@type\":\"ImageObject\",\"inLanguage\":\"en-US\",\"@id\":\"https:\\\/\\\/www.arb.ro\\\/#\\\/schema\\\/logo\\\/image\\\/\",\"url\":\"https:\\\/\\\/www.arb.ro\\\/wp-content\\\/uploads\\\/ARB_35_TRANSPARENCY.png\",\"contentUrl\":\"https:\\\/\\\/www.arb.ro\\\/wp-content\\\/uploads\\\/ARB_35_TRANSPARENCY.png\",\"width\":1820,\"height\":1987,\"caption\":\"Asocia\u021bia Rom\u00e2n\u0103 a B\u0103ncilor (ARB)\"},\"image\":{\"@id\":\"https:\\\/\\\/www.arb.ro\\\/#\\\/schema\\\/logo\\\/image\\\/\"}}]}<\/script>\n<!-- \/ Yoast SEO plugin. -->","yoast_head_json":{"title":"Institutul Bancar Rom\u00e2n - Asocia\u021bia Rom\u00e2n\u0103 a B\u0103ncilor (ARB)","robots":{"index":"index","follow":"follow","max-snippet":"max-snippet:-1","max-image-preview":"max-image-preview:large","max-video-preview":"max-video-preview:-1"},"canonical":"https:\/\/www.arb.ro\/en\/despre-arb\/institutul-bancar-roman\/","og_locale":"en_US","og_type":"article","og_title":"Institutul Bancar Rom\u00e2n - Asocia\u021bia Rom\u00e2n\u0103 a B\u0103ncilor (ARB)","og_description":"Institutul Bancar Rom\u00e2n \u00cenfiin\u0163at \u00een anul 1991, Institutul Bancar Rom\u00e2n are ca principal obiectiv perfec\u0163ionarea profesional\u0103, preg\u0103tirea \u015fi specializarea personalului bancar, \u00een conformitate cu cerin\u0163ele stabilite de institu\u0163iile de credit \u015fi Banca Na\u0163ional\u0103 a Rom\u00e2niei, \u00een cooperare cu Asocia\u0163ia Rom\u00e2n\u0103 a B\u0103ncilor \u015fi cu programele aprobate de Consiliul de Administra\u0163ie al Institutului Bancar Rom\u00e2n. Rela\u0163ia [&hellip;]","og_url":"https:\/\/www.arb.ro\/en\/despre-arb\/institutul-bancar-roman\/","og_site_name":"Asocia\u021bia Rom\u00e2n\u0103 a B\u0103ncilor (ARB)","article_modified_time":"2026-01-14T16:26:19+00:00","twitter_card":"summary_large_image","twitter_misc":{"Est. reading time":"1 minute"},"schema":{"@context":"https:\/\/schema.org","@graph":[{"@type":"WebPage","@id":"https:\/\/www.arb.ro\/despre-arb\/institutul-bancar-roman\/","url":"https:\/\/www.arb.ro\/despre-arb\/institutul-bancar-roman\/","name":"Institutul Bancar Rom\u00e2n - Asocia\u021bia Rom\u00e2n\u0103 a B\u0103ncilor (ARB)","isPartOf":{"@id":"https:\/\/www.arb.ro\/#website"},"datePublished":"2026-01-14T08:03:36+00:00","dateModified":"2026-01-14T16:26:19+00:00","breadcrumb":{"@id":"https:\/\/www.arb.ro\/despre-arb\/institutul-bancar-roman\/#breadcrumb"},"inLanguage":"en-US","potentialAction":[{"@type":"ReadAction","target":["https:\/\/www.arb.ro\/despre-arb\/institutul-bancar-roman\/"]}]},{"@type":"BreadcrumbList","@id":"https:\/\/www.arb.ro\/despre-arb\/institutul-bancar-roman\/#breadcrumb","itemListElement":[{"@type":"ListItem","position":1,"name":"Home","item":"https:\/\/www.arb.ro\/"},{"@type":"ListItem","position":2,"name":"Despre ARB","item":"https:\/\/www.arb.ro\/despre-arb\/"},{"@type":"ListItem","position":3,"name":"Institutul Bancar Rom\u00e2n"}]},{"@type":"WebSite","@id":"https:\/\/www.arb.ro\/#website","url":"https:\/\/www.arb.ro\/","name":"Asocia\u021bia Rom\u00e2n\u0103 a B\u0103ncilor (ARB)","description":"Romanian Association of Banks","publisher":{"@id":"https:\/\/www.arb.ro\/#organization"},"potentialAction":[{"@type":"SearchAction","target":{"@type":"EntryPoint","urlTemplate":"https:\/\/www.arb.ro\/?s={search_term_string}"},"query-input":{"@type":"PropertyValueSpecification","valueRequired":true,"valueName":"search_term_string"}}],"inLanguage":"en-US"},{"@type":"Organization","@id":"https:\/\/www.arb.ro\/#organization","name":"Asocia\u021bia Rom\u00e2n\u0103 a B\u0103ncilor (ARB)","url":"https:\/\/www.arb.ro\/","logo":{"@type":"ImageObject","inLanguage":"en-US","@id":"https:\/\/www.arb.ro\/#\/schema\/logo\/image\/","url":"https:\/\/www.arb.ro\/wp-content\/uploads\/ARB_35_TRANSPARENCY.png","contentUrl":"https:\/\/www.arb.ro\/wp-content\/uploads\/ARB_35_TRANSPARENCY.png","width":1820,"height":1987,"caption":"Asocia\u021bia Rom\u00e2n\u0103 a B\u0103ncilor (ARB)"},"image":{"@id":"https:\/\/www.arb.ro\/#\/schema\/logo\/image\/"}}]}},"_links":{"self":[{"href":"https:\/\/www.arb.ro\/en\/wp-json\/wp\/v2\/pages\/969","targetHints":{"allow":["GET"]}}],"collection":[{"href":"https:\/\/www.arb.ro\/en\/wp-json\/wp\/v2\/pages"}],"about":[{"href":"https:\/\/www.arb.ro\/en\/wp-json\/wp\/v2\/types\/page"}],"author":[{"embeddable":true,"href":"https:\/\/www.arb.ro\/en\/wp-json\/wp\/v2\/users\/5"}],"replies":[{"embeddable":true,"href":"https:\/\/www.arb.ro\/en\/wp-json\/wp\/v2\/comments?post=969"}],"version-history":[{"count":8,"href":"https:\/\/www.arb.ro\/en\/wp-json\/wp\/v2\/pages\/969\/revisions"}],"predecessor-version":[{"id":3686049,"href":"https:\/\/www.arb.ro\/en\/wp-json\/wp\/v2\/pages\/969\/revisions\/3686049"}],"up":[{"embeddable":true,"href":"https:\/\/www.arb.ro\/en\/wp-json\/wp\/v2\/pages\/123"}],"wp:attachment":[{"href":"https:\/\/www.arb.ro\/en\/wp-json\/wp\/v2\/media?parent=969"}],"curies":[{"name":"wp","href":"https:\/\/api.w.org\/{rel}","templated":true}]}}