{"id":967,"date":"2026-01-14T10:02:12","date_gmt":"2026-01-14T08:02:12","guid":{"rendered":"https:\/\/new.arb.ro\/?page_id=967"},"modified":"2026-01-14T18:25:32","modified_gmt":"2026-01-14T16:25:32","slug":"transfond","status":"publish","type":"page","link":"https:\/\/www.arb.ro\/en\/despre-arb\/transfond\/","title":{"rendered":"TRANSFOND"},"content":{"rendered":"<div data-elementor-type=\"wp-page\" data-elementor-id=\"967\" class=\"elementor elementor-967\" data-elementor-post-type=\"page\">\n\t\t\t\t<div class=\"elementor-element elementor-element-1d7f4eaf e-flex e-con-boxed e-con e-parent\" data-id=\"1d7f4eaf\" data-element_type=\"container\" data-e-type=\"container\">\n\t\t\t\t\t<div class=\"e-con-inner\">\n\t\t\t\t<div class=\"elementor-element elementor-element-d1e7143 elementor-widget elementor-widget-heading\" data-id=\"d1e7143\" data-element_type=\"widget\" data-e-type=\"widget\" data-widget_type=\"heading.default\">\n\t\t\t\t<div class=\"elementor-widget-container\">\n\t\t\t\t\t<h2 class=\"elementor-heading-title elementor-size-default\">TRANSFOND\n<\/h2>\t\t\t\t<\/div>\n\t\t\t\t<\/div>\n\t\t\t\t<div class=\"elementor-element elementor-element-fc1a8d7 elementor-widget elementor-widget-text-editor\" data-id=\"fc1a8d7\" data-element_type=\"widget\" data-e-type=\"widget\" data-widget_type=\"text-editor.default\">\n\t\t\t\t<div class=\"elementor-widget-container\">\n\t\t\t\t\t\t\t\t\t<p>Following the specials efforts of the central bank and the banking community to conduct a structural reform of the payment and settlement systems in Romania, currently, Romania has a modern payment system, compatible with those of the European Union.<\/p><p>The operator of the Electronic Payment System of Romania is TRANSFOND \u2013 the Company for Fund Transfer and Settlement, a private firm established\nby the banking community of Romania, having as shareholders the National Bank of Romania and 23 commercial banks. The main line of business of TRANSFOND is to provide clearing and settlement services of cashless payments in national currency for credit institutions, the National Bank of Romania, the State Treasury and other financial institutions.<\/p><p>The main tasks of TRANSFOND are:<\/p><ul><li>to manage and operate the SENT (automated clearing house) system;<\/li><li>the technical administration and the operating of the ReGIS (real-time gross settlement system) system, according to the mandate given by the National Bank of Romania;<\/li><li>the technical operating of the SaFIR (system for deposit and settlement of government securities) system;<\/li><li>to provide support services for the participants in the three systems.<\/li><\/ul>\t\t\t\t\t\t\t\t<\/div>\n\t\t\t\t<\/div>\n\t\t\t\t<div class=\"elementor-element elementor-element-9cdb048 elementor-widget elementor-widget-text-editor\" data-id=\"9cdb048\" data-element_type=\"widget\" data-e-type=\"widget\" data-widget_type=\"text-editor.default\">\n\t\t\t\t<div class=\"elementor-widget-container\">\n\t\t\t\t\t\t\t\t\t<h6><strong>Pentru mai multe detalii \u0219i contact, v\u0103 rug\u0103m s\u0103 accesa\u021bi:\u00a0<\/strong><\/h6><h6><a href=\"https:\/\/transfond.ro\/\" target=\"_blank\" rel=\"noopener\">https:\/\/transfond.ro\/<\/a><\/h6>\t\t\t\t\t\t\t\t<\/div>\n\t\t\t\t<\/div>\n\t\t\t\t\t<\/div>\n\t\t\t\t<\/div>\n\t\t\t\t<\/div>","protected":false},"excerpt":{"rendered":"<p>TRANSFOND Ca urmare a eforturilor deosebite depuse at\u00e2t de banca central\u0103, c\u00e2t \u015fi de comunitatea bancar\u0103 pentru o reform\u0103 structural\u0103 a sistemelor de pl\u0103\u0163i \u015fi decont\u0103ri din Rom\u00e2nia, \u00een prezent Rom\u00e2nia dispune de un sistem de pl\u0103\u0163i modern, la nivelul celor existente \u00een Uniunea European\u0103. Operatorul Sistemului Electronic de Pl\u0103\u0163i din Rom\u00e2nia este TRANSFOND \u2013 [&hellip;]<\/p>\n","protected":false},"author":5,"featured_media":0,"parent":123,"menu_order":0,"comment_status":"closed","ping_status":"closed","template":"","meta":{"inline_featured_image":false,"footnotes":""},"class_list":["post-967","page","type-page","status-publish","hentry"],"acf":[],"yoast_head":"<!-- This site is optimized with the Yoast SEO plugin v27.4 - https:\/\/yoast.com\/product\/yoast-seo-wordpress\/ -->\n<title>TRANSFOND - Asocia\u021bia Rom\u00e2n\u0103 a B\u0103ncilor (ARB)<\/title>\n<meta name=\"robots\" content=\"index, follow, max-snippet:-1, max-image-preview:large, max-video-preview:-1\" \/>\n<link rel=\"canonical\" href=\"https:\/\/www.arb.ro\/en\/despre-arb\/transfond\/\" \/>\n<meta property=\"og:locale\" content=\"en_US\" \/>\n<meta property=\"og:type\" content=\"article\" \/>\n<meta property=\"og:title\" content=\"TRANSFOND - Asocia\u021bia Rom\u00e2n\u0103 a B\u0103ncilor (ARB)\" \/>\n<meta property=\"og:description\" content=\"TRANSFOND Ca urmare a eforturilor deosebite depuse at\u00e2t de banca central\u0103, c\u00e2t \u015fi de comunitatea bancar\u0103 pentru o reform\u0103 structural\u0103 a sistemelor de pl\u0103\u0163i \u015fi decont\u0103ri din Rom\u00e2nia, \u00een prezent Rom\u00e2nia dispune de un sistem de pl\u0103\u0163i modern, la nivelul celor existente \u00een Uniunea European\u0103. Operatorul Sistemului Electronic de Pl\u0103\u0163i din Rom\u00e2nia este TRANSFOND \u2013 [&hellip;]\" \/>\n<meta property=\"og:url\" content=\"https:\/\/www.arb.ro\/en\/despre-arb\/transfond\/\" \/>\n<meta property=\"og:site_name\" content=\"Asocia\u021bia Rom\u00e2n\u0103 a B\u0103ncilor (ARB)\" \/>\n<meta property=\"article:modified_time\" content=\"2026-01-14T16:25:32+00:00\" \/>\n<meta name=\"twitter:card\" content=\"summary_large_image\" \/>\n<meta name=\"twitter:label1\" content=\"Est. reading time\" \/>\n\t<meta name=\"twitter:data1\" content=\"1 minute\" \/>\n<script type=\"application\/ld+json\" class=\"yoast-schema-graph\">{\"@context\":\"https:\\\/\\\/schema.org\",\"@graph\":[{\"@type\":\"WebPage\",\"@id\":\"https:\\\/\\\/www.arb.ro\\\/despre-arb\\\/transfond\\\/\",\"url\":\"https:\\\/\\\/www.arb.ro\\\/despre-arb\\\/transfond\\\/\",\"name\":\"TRANSFOND - Asocia\u021bia Rom\u00e2n\u0103 a B\u0103ncilor (ARB)\",\"isPartOf\":{\"@id\":\"https:\\\/\\\/www.arb.ro\\\/#website\"},\"datePublished\":\"2026-01-14T08:02:12+00:00\",\"dateModified\":\"2026-01-14T16:25:32+00:00\",\"breadcrumb\":{\"@id\":\"https:\\\/\\\/www.arb.ro\\\/despre-arb\\\/transfond\\\/#breadcrumb\"},\"inLanguage\":\"en-US\",\"potentialAction\":[{\"@type\":\"ReadAction\",\"target\":[\"https:\\\/\\\/www.arb.ro\\\/despre-arb\\\/transfond\\\/\"]}]},{\"@type\":\"BreadcrumbList\",\"@id\":\"https:\\\/\\\/www.arb.ro\\\/despre-arb\\\/transfond\\\/#breadcrumb\",\"itemListElement\":[{\"@type\":\"ListItem\",\"position\":1,\"name\":\"Home\",\"item\":\"https:\\\/\\\/www.arb.ro\\\/\"},{\"@type\":\"ListItem\",\"position\":2,\"name\":\"Despre ARB\",\"item\":\"https:\\\/\\\/www.arb.ro\\\/despre-arb\\\/\"},{\"@type\":\"ListItem\",\"position\":3,\"name\":\"TRANSFOND\"}]},{\"@type\":\"WebSite\",\"@id\":\"https:\\\/\\\/www.arb.ro\\\/#website\",\"url\":\"https:\\\/\\\/www.arb.ro\\\/\",\"name\":\"Asocia\u021bia Rom\u00e2n\u0103 a B\u0103ncilor (ARB)\",\"description\":\"Asocia\u021bia Rom\u00e2n\u0103 a B\u0103ncilor\",\"publisher\":{\"@id\":\"https:\\\/\\\/www.arb.ro\\\/#organization\"},\"potentialAction\":[{\"@type\":\"SearchAction\",\"target\":{\"@type\":\"EntryPoint\",\"urlTemplate\":\"https:\\\/\\\/www.arb.ro\\\/?s={search_term_string}\"},\"query-input\":{\"@type\":\"PropertyValueSpecification\",\"valueRequired\":true,\"valueName\":\"search_term_string\"}}],\"inLanguage\":\"en-US\"},{\"@type\":\"Organization\",\"@id\":\"https:\\\/\\\/www.arb.ro\\\/#organization\",\"name\":\"Asocia\u021bia Rom\u00e2n\u0103 a B\u0103ncilor (ARB)\",\"url\":\"https:\\\/\\\/www.arb.ro\\\/\",\"logo\":{\"@type\":\"ImageObject\",\"inLanguage\":\"en-US\",\"@id\":\"https:\\\/\\\/www.arb.ro\\\/#\\\/schema\\\/logo\\\/image\\\/\",\"url\":\"https:\\\/\\\/www.arb.ro\\\/wp-content\\\/uploads\\\/ARB_35_TRANSPARENCY.png\",\"contentUrl\":\"https:\\\/\\\/www.arb.ro\\\/wp-content\\\/uploads\\\/ARB_35_TRANSPARENCY.png\",\"width\":1820,\"height\":1987,\"caption\":\"Asocia\u021bia Rom\u00e2n\u0103 a B\u0103ncilor (ARB)\"},\"image\":{\"@id\":\"https:\\\/\\\/www.arb.ro\\\/#\\\/schema\\\/logo\\\/image\\\/\"}}]}<\/script>\n<!-- \/ Yoast SEO plugin. -->","yoast_head_json":{"title":"TRANSFOND - Asocia\u021bia Rom\u00e2n\u0103 a B\u0103ncilor (ARB)","robots":{"index":"index","follow":"follow","max-snippet":"max-snippet:-1","max-image-preview":"max-image-preview:large","max-video-preview":"max-video-preview:-1"},"canonical":"https:\/\/www.arb.ro\/en\/despre-arb\/transfond\/","og_locale":"en_US","og_type":"article","og_title":"TRANSFOND - Asocia\u021bia Rom\u00e2n\u0103 a B\u0103ncilor (ARB)","og_description":"TRANSFOND Ca urmare a eforturilor deosebite depuse at\u00e2t de banca central\u0103, c\u00e2t \u015fi de comunitatea bancar\u0103 pentru o reform\u0103 structural\u0103 a sistemelor de pl\u0103\u0163i \u015fi decont\u0103ri din Rom\u00e2nia, \u00een prezent Rom\u00e2nia dispune de un sistem de pl\u0103\u0163i modern, la nivelul celor existente \u00een Uniunea European\u0103. Operatorul Sistemului Electronic de Pl\u0103\u0163i din Rom\u00e2nia este TRANSFOND \u2013 [&hellip;]","og_url":"https:\/\/www.arb.ro\/en\/despre-arb\/transfond\/","og_site_name":"Asocia\u021bia Rom\u00e2n\u0103 a B\u0103ncilor (ARB)","article_modified_time":"2026-01-14T16:25:32+00:00","twitter_card":"summary_large_image","twitter_misc":{"Est. reading time":"1 minute"},"schema":{"@context":"https:\/\/schema.org","@graph":[{"@type":"WebPage","@id":"https:\/\/www.arb.ro\/despre-arb\/transfond\/","url":"https:\/\/www.arb.ro\/despre-arb\/transfond\/","name":"TRANSFOND - Asocia\u021bia Rom\u00e2n\u0103 a B\u0103ncilor (ARB)","isPartOf":{"@id":"https:\/\/www.arb.ro\/#website"},"datePublished":"2026-01-14T08:02:12+00:00","dateModified":"2026-01-14T16:25:32+00:00","breadcrumb":{"@id":"https:\/\/www.arb.ro\/despre-arb\/transfond\/#breadcrumb"},"inLanguage":"en-US","potentialAction":[{"@type":"ReadAction","target":["https:\/\/www.arb.ro\/despre-arb\/transfond\/"]}]},{"@type":"BreadcrumbList","@id":"https:\/\/www.arb.ro\/despre-arb\/transfond\/#breadcrumb","itemListElement":[{"@type":"ListItem","position":1,"name":"Home","item":"https:\/\/www.arb.ro\/"},{"@type":"ListItem","position":2,"name":"Despre ARB","item":"https:\/\/www.arb.ro\/despre-arb\/"},{"@type":"ListItem","position":3,"name":"TRANSFOND"}]},{"@type":"WebSite","@id":"https:\/\/www.arb.ro\/#website","url":"https:\/\/www.arb.ro\/","name":"Asocia\u021bia Rom\u00e2n\u0103 a B\u0103ncilor (ARB)","description":"Romanian Association of Banks","publisher":{"@id":"https:\/\/www.arb.ro\/#organization"},"potentialAction":[{"@type":"SearchAction","target":{"@type":"EntryPoint","urlTemplate":"https:\/\/www.arb.ro\/?s={search_term_string}"},"query-input":{"@type":"PropertyValueSpecification","valueRequired":true,"valueName":"search_term_string"}}],"inLanguage":"en-US"},{"@type":"Organization","@id":"https:\/\/www.arb.ro\/#organization","name":"Asocia\u021bia Rom\u00e2n\u0103 a B\u0103ncilor (ARB)","url":"https:\/\/www.arb.ro\/","logo":{"@type":"ImageObject","inLanguage":"en-US","@id":"https:\/\/www.arb.ro\/#\/schema\/logo\/image\/","url":"https:\/\/www.arb.ro\/wp-content\/uploads\/ARB_35_TRANSPARENCY.png","contentUrl":"https:\/\/www.arb.ro\/wp-content\/uploads\/ARB_35_TRANSPARENCY.png","width":1820,"height":1987,"caption":"Asocia\u021bia Rom\u00e2n\u0103 a B\u0103ncilor (ARB)"},"image":{"@id":"https:\/\/www.arb.ro\/#\/schema\/logo\/image\/"}}]}},"_links":{"self":[{"href":"https:\/\/www.arb.ro\/en\/wp-json\/wp\/v2\/pages\/967","targetHints":{"allow":["GET"]}}],"collection":[{"href":"https:\/\/www.arb.ro\/en\/wp-json\/wp\/v2\/pages"}],"about":[{"href":"https:\/\/www.arb.ro\/en\/wp-json\/wp\/v2\/types\/page"}],"author":[{"embeddable":true,"href":"https:\/\/www.arb.ro\/en\/wp-json\/wp\/v2\/users\/5"}],"replies":[{"embeddable":true,"href":"https:\/\/www.arb.ro\/en\/wp-json\/wp\/v2\/comments?post=967"}],"version-history":[{"count":12,"href":"https:\/\/www.arb.ro\/en\/wp-json\/wp\/v2\/pages\/967\/revisions"}],"predecessor-version":[{"id":3686045,"href":"https:\/\/www.arb.ro\/en\/wp-json\/wp\/v2\/pages\/967\/revisions\/3686045"}],"up":[{"embeddable":true,"href":"https:\/\/www.arb.ro\/en\/wp-json\/wp\/v2\/pages\/123"}],"wp:attachment":[{"href":"https:\/\/www.arb.ro\/en\/wp-json\/wp\/v2\/media?parent=967"}],"curies":[{"name":"wp","href":"https:\/\/api.w.org\/{rel}","templated":true}]}}