{"id":947,"date":"2026-01-14T10:00:12","date_gmt":"2026-01-14T08:00:12","guid":{"rendered":"https:\/\/new.arb.ro\/?page_id=947"},"modified":"2026-01-14T18:24:15","modified_gmt":"2026-01-14T16:24:15","slug":"banca-nationala-a-romaniei-bnr","status":"publish","type":"page","link":"https:\/\/www.arb.ro\/en\/despre-arb\/banca-nationala-a-romaniei-bnr\/","title":{"rendered":"National Bank of Romania (NBR)"},"content":{"rendered":"<div data-elementor-type=\"wp-page\" data-elementor-id=\"947\" class=\"elementor elementor-947\" data-elementor-post-type=\"page\">\n\t\t\t\t<div class=\"elementor-element elementor-element-7032593d e-flex e-con-boxed e-con e-parent\" data-id=\"7032593d\" data-element_type=\"container\" data-e-type=\"container\">\n\t\t\t\t\t<div class=\"e-con-inner\">\n\t\t\t\t<div class=\"elementor-element elementor-element-9fecbb2 elementor-widget elementor-widget-heading\" data-id=\"9fecbb2\" data-element_type=\"widget\" data-e-type=\"widget\" data-widget_type=\"heading.default\">\n\t\t\t\t<div class=\"elementor-widget-container\">\n\t\t\t\t\t<h2 class=\"elementor-heading-title elementor-size-default\">National Bank of Romania (NBR)\n<\/h2>\t\t\t\t<\/div>\n\t\t\t\t<\/div>\n\t\t\t\t\t<\/div>\n\t\t\t\t<\/div>\n\t\t<div class=\"elementor-element elementor-element-1a134f6 e-flex e-con-boxed e-con e-parent\" data-id=\"1a134f6\" data-element_type=\"container\" data-e-type=\"container\">\n\t\t\t\t\t<div class=\"e-con-inner\">\n\t\t\t\t<div class=\"elementor-element elementor-element-f2271fa elementor-widget elementor-widget-text-editor\" data-id=\"f2271fa\" data-element_type=\"widget\" data-e-type=\"widget\" data-widget_type=\"text-editor.default\">\n\t\t\t\t<div class=\"elementor-widget-container\">\n\t\t\t\t\t\t\t\t\t<p class=\"translation-block\"><strong>The National Bank of Romania (NBR)<\/strong>, set up in 1880, is, from a chronological perspective, the sixteenth-central bank in the world.<\/p><p class=\"translation-block\"><strong>The National Bank of Romania<\/strong>, an independent, public institution, has the exclusive right to issue currency, being the sole institution vested with the power to issue legal tender in the form of notes and coins tobe used as means of payment on the territory of Romania. The NBR supports the general economic policy of the Government without prejudice to its primary objective which is providing and maintaining price stability.<\/p><p class=\"translation-block\">According to the <strong>NBR<\/strong> statute, its main duties are:<\/p><ol><li>to design and implement the monetary policy and the exchange rate policy;<\/li><li>to conduct the authorisation, regulation and prudential supervision of credit institutions, and<\/li><li>to promote and oversee the smooth operation of the payment systems with a view to ensuring financial stability;<\/li><li>to issue banknotes and coins as legal tender to be used on the territory of Romania;<\/li><li>to manage Romania\u2019s international reserves.<\/li><\/ol>\t\t\t\t\t\t\t\t<\/div>\n\t\t\t\t<\/div>\n\t\t\t\t<div class=\"elementor-element elementor-element-db43974 elementor-widget elementor-widget-text-editor\" data-id=\"db43974\" data-element_type=\"widget\" data-e-type=\"widget\" data-widget_type=\"text-editor.default\">\n\t\t\t\t<div class=\"elementor-widget-container\">\n\t\t\t\t\t\t\t\t\t<h6><strong>Pentru mai multe detalii \u0219i contact, v\u0103 rug\u0103m s\u0103 accesa\u021bi:<\/strong><\/h6><h6><a style=\"background-color: #ffffff;\" href=\"https:\/\/www.bnr.ro\/\" target=\"_blank\" rel=\"noopener\">https:\/\/www.bnr.ro\/<\/a><\/h6>\t\t\t\t\t\t\t\t<\/div>\n\t\t\t\t<\/div>\n\t\t\t\t\t<\/div>\n\t\t\t\t<\/div>\n\t\t\t\t<\/div>","protected":false},"excerpt":{"rendered":"<p>Banca Na\u0163ional\u0103 a Rom\u00e2niei (BNR) Banca Na\u0163ional\u0103 a Rom\u00e2niei (BNR), \u00eenfiin\u0163at\u0103 \u00een anul 1880, este, din perspectiv\u0103 cronologic\u0103, cea de-a 16-a banc\u0103 central\u0103 din lume. Banca Na\u0163ional\u0103 a Rom\u00e2niei, institu\u0163ie public\u0103 independent\u0103, are dreptul exclusiv de emisiune, fiind singura institu\u0163ie autorizat\u0103 s\u0103 emit\u0103 \u00eensemne monetare, ca mijloace legale de plat\u0103 pe teritoriul Rom\u00e2niei. BNR sprijin\u0103 [&hellip;]<\/p>\n","protected":false},"author":5,"featured_media":0,"parent":123,"menu_order":0,"comment_status":"closed","ping_status":"closed","template":"","meta":{"inline_featured_image":false,"footnotes":""},"class_list":["post-947","page","type-page","status-publish","hentry"],"acf":[],"yoast_head":"<!-- This site is optimized with the Yoast SEO plugin v27.4 - https:\/\/yoast.com\/product\/yoast-seo-wordpress\/ -->\n<title>Banca Na\u0163ional\u0103 a Rom\u00e2niei (BNR) - Asocia\u021bia Rom\u00e2n\u0103 a B\u0103ncilor (ARB)<\/title>\n<meta name=\"robots\" content=\"index, follow, max-snippet:-1, max-image-preview:large, max-video-preview:-1\" \/>\n<link rel=\"canonical\" href=\"https:\/\/www.arb.ro\/en\/despre-arb\/banca-nationala-a-romaniei-bnr\/\" \/>\n<meta property=\"og:locale\" content=\"en_US\" \/>\n<meta property=\"og:type\" content=\"article\" \/>\n<meta property=\"og:title\" content=\"Banca Na\u0163ional\u0103 a Rom\u00e2niei (BNR) - Asocia\u021bia Rom\u00e2n\u0103 a B\u0103ncilor (ARB)\" \/>\n<meta property=\"og:description\" content=\"Banca Na\u0163ional\u0103 a Rom\u00e2niei (BNR) Banca Na\u0163ional\u0103 a Rom\u00e2niei (BNR), \u00eenfiin\u0163at\u0103 \u00een anul 1880, este, din perspectiv\u0103 cronologic\u0103, cea de-a 16-a banc\u0103 central\u0103 din lume. Banca Na\u0163ional\u0103 a Rom\u00e2niei, institu\u0163ie public\u0103 independent\u0103, are dreptul exclusiv de emisiune, fiind singura institu\u0163ie autorizat\u0103 s\u0103 emit\u0103 \u00eensemne monetare, ca mijloace legale de plat\u0103 pe teritoriul Rom\u00e2niei. BNR sprijin\u0103 [&hellip;]\" \/>\n<meta property=\"og:url\" content=\"https:\/\/www.arb.ro\/en\/despre-arb\/banca-nationala-a-romaniei-bnr\/\" \/>\n<meta property=\"og:site_name\" content=\"Asocia\u021bia Rom\u00e2n\u0103 a B\u0103ncilor (ARB)\" \/>\n<meta property=\"article:modified_time\" content=\"2026-01-14T16:24:15+00:00\" \/>\n<meta name=\"twitter:card\" content=\"summary_large_image\" \/>\n<meta name=\"twitter:label1\" content=\"Est. reading time\" \/>\n\t<meta name=\"twitter:data1\" content=\"1 minute\" \/>\n<script type=\"application\/ld+json\" class=\"yoast-schema-graph\">{\"@context\":\"https:\\\/\\\/schema.org\",\"@graph\":[{\"@type\":\"WebPage\",\"@id\":\"https:\\\/\\\/www.arb.ro\\\/despre-arb\\\/banca-nationala-a-romaniei-bnr\\\/\",\"url\":\"https:\\\/\\\/www.arb.ro\\\/despre-arb\\\/banca-nationala-a-romaniei-bnr\\\/\",\"name\":\"Banca Na\u0163ional\u0103 a Rom\u00e2niei (BNR) - Asocia\u021bia Rom\u00e2n\u0103 a B\u0103ncilor (ARB)\",\"isPartOf\":{\"@id\":\"https:\\\/\\\/www.arb.ro\\\/#website\"},\"datePublished\":\"2026-01-14T08:00:12+00:00\",\"dateModified\":\"2026-01-14T16:24:15+00:00\",\"breadcrumb\":{\"@id\":\"https:\\\/\\\/www.arb.ro\\\/despre-arb\\\/banca-nationala-a-romaniei-bnr\\\/#breadcrumb\"},\"inLanguage\":\"en-US\",\"potentialAction\":[{\"@type\":\"ReadAction\",\"target\":[\"https:\\\/\\\/www.arb.ro\\\/despre-arb\\\/banca-nationala-a-romaniei-bnr\\\/\"]}]},{\"@type\":\"BreadcrumbList\",\"@id\":\"https:\\\/\\\/www.arb.ro\\\/despre-arb\\\/banca-nationala-a-romaniei-bnr\\\/#breadcrumb\",\"itemListElement\":[{\"@type\":\"ListItem\",\"position\":1,\"name\":\"Home\",\"item\":\"https:\\\/\\\/www.arb.ro\\\/\"},{\"@type\":\"ListItem\",\"position\":2,\"name\":\"Despre ARB\",\"item\":\"https:\\\/\\\/www.arb.ro\\\/despre-arb\\\/\"},{\"@type\":\"ListItem\",\"position\":3,\"name\":\"Banca Na\u0163ional\u0103 a Rom\u00e2niei (BNR)\"}]},{\"@type\":\"WebSite\",\"@id\":\"https:\\\/\\\/www.arb.ro\\\/#website\",\"url\":\"https:\\\/\\\/www.arb.ro\\\/\",\"name\":\"Asocia\u021bia Rom\u00e2n\u0103 a B\u0103ncilor (ARB)\",\"description\":\"Asocia\u021bia Rom\u00e2n\u0103 a B\u0103ncilor\",\"publisher\":{\"@id\":\"https:\\\/\\\/www.arb.ro\\\/#organization\"},\"potentialAction\":[{\"@type\":\"SearchAction\",\"target\":{\"@type\":\"EntryPoint\",\"urlTemplate\":\"https:\\\/\\\/www.arb.ro\\\/?s={search_term_string}\"},\"query-input\":{\"@type\":\"PropertyValueSpecification\",\"valueRequired\":true,\"valueName\":\"search_term_string\"}}],\"inLanguage\":\"en-US\"},{\"@type\":\"Organization\",\"@id\":\"https:\\\/\\\/www.arb.ro\\\/#organization\",\"name\":\"Asocia\u021bia Rom\u00e2n\u0103 a B\u0103ncilor (ARB)\",\"url\":\"https:\\\/\\\/www.arb.ro\\\/\",\"logo\":{\"@type\":\"ImageObject\",\"inLanguage\":\"en-US\",\"@id\":\"https:\\\/\\\/www.arb.ro\\\/#\\\/schema\\\/logo\\\/image\\\/\",\"url\":\"https:\\\/\\\/www.arb.ro\\\/wp-content\\\/uploads\\\/ARB_35_TRANSPARENCY.png\",\"contentUrl\":\"https:\\\/\\\/www.arb.ro\\\/wp-content\\\/uploads\\\/ARB_35_TRANSPARENCY.png\",\"width\":1820,\"height\":1987,\"caption\":\"Asocia\u021bia Rom\u00e2n\u0103 a B\u0103ncilor (ARB)\"},\"image\":{\"@id\":\"https:\\\/\\\/www.arb.ro\\\/#\\\/schema\\\/logo\\\/image\\\/\"}}]}<\/script>\n<!-- \/ Yoast SEO plugin. -->","yoast_head_json":{"title":"Banca Na\u0163ional\u0103 a Rom\u00e2niei (BNR) - Asocia\u021bia Rom\u00e2n\u0103 a B\u0103ncilor (ARB)","robots":{"index":"index","follow":"follow","max-snippet":"max-snippet:-1","max-image-preview":"max-image-preview:large","max-video-preview":"max-video-preview:-1"},"canonical":"https:\/\/www.arb.ro\/en\/despre-arb\/banca-nationala-a-romaniei-bnr\/","og_locale":"en_US","og_type":"article","og_title":"Banca Na\u0163ional\u0103 a Rom\u00e2niei (BNR) - Asocia\u021bia Rom\u00e2n\u0103 a B\u0103ncilor (ARB)","og_description":"Banca Na\u0163ional\u0103 a Rom\u00e2niei (BNR) Banca Na\u0163ional\u0103 a Rom\u00e2niei (BNR), \u00eenfiin\u0163at\u0103 \u00een anul 1880, este, din perspectiv\u0103 cronologic\u0103, cea de-a 16-a banc\u0103 central\u0103 din lume. Banca Na\u0163ional\u0103 a Rom\u00e2niei, institu\u0163ie public\u0103 independent\u0103, are dreptul exclusiv de emisiune, fiind singura institu\u0163ie autorizat\u0103 s\u0103 emit\u0103 \u00eensemne monetare, ca mijloace legale de plat\u0103 pe teritoriul Rom\u00e2niei. BNR sprijin\u0103 [&hellip;]","og_url":"https:\/\/www.arb.ro\/en\/despre-arb\/banca-nationala-a-romaniei-bnr\/","og_site_name":"Asocia\u021bia Rom\u00e2n\u0103 a B\u0103ncilor (ARB)","article_modified_time":"2026-01-14T16:24:15+00:00","twitter_card":"summary_large_image","twitter_misc":{"Est. reading time":"1 minute"},"schema":{"@context":"https:\/\/schema.org","@graph":[{"@type":"WebPage","@id":"https:\/\/www.arb.ro\/despre-arb\/banca-nationala-a-romaniei-bnr\/","url":"https:\/\/www.arb.ro\/despre-arb\/banca-nationala-a-romaniei-bnr\/","name":"Banca Na\u0163ional\u0103 a Rom\u00e2niei (BNR) - Asocia\u021bia Rom\u00e2n\u0103 a B\u0103ncilor (ARB)","isPartOf":{"@id":"https:\/\/www.arb.ro\/#website"},"datePublished":"2026-01-14T08:00:12+00:00","dateModified":"2026-01-14T16:24:15+00:00","breadcrumb":{"@id":"https:\/\/www.arb.ro\/despre-arb\/banca-nationala-a-romaniei-bnr\/#breadcrumb"},"inLanguage":"en-US","potentialAction":[{"@type":"ReadAction","target":["https:\/\/www.arb.ro\/despre-arb\/banca-nationala-a-romaniei-bnr\/"]}]},{"@type":"BreadcrumbList","@id":"https:\/\/www.arb.ro\/despre-arb\/banca-nationala-a-romaniei-bnr\/#breadcrumb","itemListElement":[{"@type":"ListItem","position":1,"name":"Home","item":"https:\/\/www.arb.ro\/"},{"@type":"ListItem","position":2,"name":"Despre ARB","item":"https:\/\/www.arb.ro\/despre-arb\/"},{"@type":"ListItem","position":3,"name":"Banca Na\u0163ional\u0103 a Rom\u00e2niei (BNR)"}]},{"@type":"WebSite","@id":"https:\/\/www.arb.ro\/#website","url":"https:\/\/www.arb.ro\/","name":"Asocia\u021bia Rom\u00e2n\u0103 a B\u0103ncilor (ARB)","description":"Romanian Association of Banks","publisher":{"@id":"https:\/\/www.arb.ro\/#organization"},"potentialAction":[{"@type":"SearchAction","target":{"@type":"EntryPoint","urlTemplate":"https:\/\/www.arb.ro\/?s={search_term_string}"},"query-input":{"@type":"PropertyValueSpecification","valueRequired":true,"valueName":"search_term_string"}}],"inLanguage":"en-US"},{"@type":"Organization","@id":"https:\/\/www.arb.ro\/#organization","name":"Asocia\u021bia Rom\u00e2n\u0103 a B\u0103ncilor (ARB)","url":"https:\/\/www.arb.ro\/","logo":{"@type":"ImageObject","inLanguage":"en-US","@id":"https:\/\/www.arb.ro\/#\/schema\/logo\/image\/","url":"https:\/\/www.arb.ro\/wp-content\/uploads\/ARB_35_TRANSPARENCY.png","contentUrl":"https:\/\/www.arb.ro\/wp-content\/uploads\/ARB_35_TRANSPARENCY.png","width":1820,"height":1987,"caption":"Asocia\u021bia Rom\u00e2n\u0103 a B\u0103ncilor (ARB)"},"image":{"@id":"https:\/\/www.arb.ro\/#\/schema\/logo\/image\/"}}]}},"_links":{"self":[{"href":"https:\/\/www.arb.ro\/en\/wp-json\/wp\/v2\/pages\/947","targetHints":{"allow":["GET"]}}],"collection":[{"href":"https:\/\/www.arb.ro\/en\/wp-json\/wp\/v2\/pages"}],"about":[{"href":"https:\/\/www.arb.ro\/en\/wp-json\/wp\/v2\/types\/page"}],"author":[{"embeddable":true,"href":"https:\/\/www.arb.ro\/en\/wp-json\/wp\/v2\/users\/5"}],"replies":[{"embeddable":true,"href":"https:\/\/www.arb.ro\/en\/wp-json\/wp\/v2\/comments?post=947"}],"version-history":[{"count":15,"href":"https:\/\/www.arb.ro\/en\/wp-json\/wp\/v2\/pages\/947\/revisions"}],"predecessor-version":[{"id":3686037,"href":"https:\/\/www.arb.ro\/en\/wp-json\/wp\/v2\/pages\/947\/revisions\/3686037"}],"up":[{"embeddable":true,"href":"https:\/\/www.arb.ro\/en\/wp-json\/wp\/v2\/pages\/123"}],"wp:attachment":[{"href":"https:\/\/www.arb.ro\/en\/wp-json\/wp\/v2\/media?parent=947"}],"curies":[{"name":"wp","href":"https:\/\/api.w.org\/{rel}","templated":true}]}}