{"id":904,"date":"2022-01-10T15:11:43","date_gmt":"2022-01-10T15:11:43","guid":{"rendered":"https:\/\/new.arb.ro\/?page_id=904"},"modified":"2024-11-19T16:40:42","modified_gmt":"2024-11-19T14:40:42","slug":"comisia-pentru-fonduri-europene","status":"publish","type":"page","link":"https:\/\/www.arb.ro\/en\/despre-arb\/comisii-si-grupuri-de-lucru\/comisia-pentru-fonduri-europene\/","title":{"rendered":"European Funds Commission"},"content":{"rendered":"<div data-elementor-type=\"wp-page\" data-elementor-id=\"904\" class=\"elementor elementor-904\" data-elementor-post-type=\"page\">\n\t\t\t\t<div class=\"elementor-element elementor-element-14666694 e-flex e-con-boxed e-con e-parent\" data-id=\"14666694\" data-element_type=\"container\" data-e-type=\"container\">\n\t\t\t\t\t<div class=\"e-con-inner\">\n\t\t\t\t<div class=\"elementor-element elementor-element-8cef525 elementor-widget elementor-widget-heading\" data-id=\"8cef525\" data-element_type=\"widget\" data-e-type=\"widget\" data-widget_type=\"heading.default\">\n\t\t\t\t<div class=\"elementor-widget-container\">\n\t\t\t\t\t<h2 class=\"elementor-heading-title elementor-size-default\">European Funds Commission<\/h2>\t\t\t\t<\/div>\n\t\t\t\t<\/div>\n\t\t\t\t<div class=\"elementor-element elementor-element-b553380 elementor-widget elementor-widget-text-editor\" data-id=\"b553380\" data-element_type=\"widget\" data-e-type=\"widget\" data-widget_type=\"text-editor.default\">\n\t\t\t\t<div class=\"elementor-widget-container\">\n\t\t\t\t\t\t\t\t\t<p>Set up in April 2013, the Commission for European Funds was established as an immediate answer of the banking community to the need to accelerate involvement in supporting the process of absorbing European funds, a driver of economic growth and development.<\/p><p>Made up of the banking sector\u2019s best experts in European funds, the Commission intends \u2013 by turning to account the expertise acquired to date as regards project management \u2013 to provide efficient communication with the authorities involved in the operational management of programmes benefiting from EU funds.<\/p><p>Besides its operational role in supporting projects benefiting from European funds, by confirming the bankability of potential beneficiaries \u2013 via issuing comfort letters, guaranteeing the advances needed in grants, granting loans pre- and co-financing etc. \u2013 the banking sector is prepared to support projects benefiting from European funds in all the development stages of such projects, including but not limited to fostering the creation of favourable prerequisites for the development of financial instruments that support investments, more efficient information flows and generalizing the expertise acquired.<\/p><blockquote><p><strong>\u201cWe across the banking sector are aware that, via very good communication with all those in charge with the mechanism of European funds in Romania and by understanding correctly the aspects that must be realigned in the mechanism for the implementation of European funds, we can bring about a certain development of the Romanian economy that would confer banks in the sector both the premises of supporting the investment projects of their own customers as well as sustainable macroeconomic development\u201d<\/strong><\/p><p>\u2013 <strong>Ramona Ivan \u2013 President, Commission for European Funds<\/strong><\/p><\/blockquote>\t\t\t\t\t\t\t\t<\/div>\n\t\t\t\t<\/div>\n\t\t\t\t\t<\/div>\n\t\t\t\t<\/div>\n\t\t\t\t<\/div>","protected":false},"excerpt":{"rendered":"<p>Comisia pentru Fonduri Europene \u00cenfiin\u021bat\u0103 in luna Aprilie 2013, Comisia pentru Fonduri Europene a ap\u0103rut ca r\u0103spuns imediat din partea comunit\u0103\u021bii bancare la necesitatea acceler\u0103rii implic\u0103rii in sus\u021binerea procesului de absorb\u021bie a fondurilor europene, factor determinant al cre\u0219terii \u0219i dezvolt\u0103rii economice. Compus\u0103 din cei mai buni speciali\u0219ti pe fonduri europene din cadrul sistemului bancar, comisia [&hellip;]<\/p>\n","protected":false},"author":5,"featured_media":0,"parent":127,"menu_order":0,"comment_status":"closed","ping_status":"closed","template":"","meta":{"inline_featured_image":false,"footnotes":""},"class_list":["post-904","page","type-page","status-publish","hentry"],"acf":[],"yoast_head":"<!-- This site is optimized with the Yoast SEO plugin v27.5 - https:\/\/yoast.com\/product\/yoast-seo-wordpress\/ -->\n<title>Comisia pentru Fonduri Europene - Asocia\u021bia Rom\u00e2n\u0103 a B\u0103ncilor (ARB)<\/title>\n<meta name=\"robots\" content=\"index, follow, max-snippet:-1, max-image-preview:large, max-video-preview:-1\" \/>\n<link rel=\"canonical\" href=\"https:\/\/www.arb.ro\/en\/despre-arb\/comisii-si-grupuri-de-lucru\/comisia-pentru-fonduri-europene\/\" \/>\n<meta property=\"og:locale\" content=\"en_US\" \/>\n<meta property=\"og:type\" content=\"article\" \/>\n<meta property=\"og:title\" content=\"Comisia pentru Fonduri Europene - Asocia\u021bia Rom\u00e2n\u0103 a B\u0103ncilor (ARB)\" \/>\n<meta property=\"og:description\" content=\"Comisia pentru Fonduri Europene \u00cenfiin\u021bat\u0103 in luna Aprilie 2013, Comisia pentru Fonduri Europene a ap\u0103rut ca r\u0103spuns imediat din partea comunit\u0103\u021bii bancare la necesitatea acceler\u0103rii implic\u0103rii in sus\u021binerea procesului de absorb\u021bie a fondurilor europene, factor determinant al cre\u0219terii \u0219i dezvolt\u0103rii economice. Compus\u0103 din cei mai buni speciali\u0219ti pe fonduri europene din cadrul sistemului bancar, comisia [&hellip;]\" \/>\n<meta property=\"og:url\" content=\"https:\/\/www.arb.ro\/en\/despre-arb\/comisii-si-grupuri-de-lucru\/comisia-pentru-fonduri-europene\/\" \/>\n<meta property=\"og:site_name\" content=\"Asocia\u021bia Rom\u00e2n\u0103 a B\u0103ncilor (ARB)\" \/>\n<meta property=\"article:modified_time\" content=\"2024-11-19T14:40:42+00:00\" \/>\n<meta name=\"twitter:card\" content=\"summary_large_image\" \/>\n<meta name=\"twitter:label1\" content=\"Est. reading time\" \/>\n\t<meta name=\"twitter:data1\" content=\"1 minute\" \/>\n<script type=\"application\/ld+json\" class=\"yoast-schema-graph\">{\"@context\":\"https:\\\/\\\/schema.org\",\"@graph\":[{\"@type\":\"WebPage\",\"@id\":\"https:\\\/\\\/www.arb.ro\\\/en\\\/despre-arb\\\/comisii-si-grupuri-de-lucru\\\/comisia-pentru-fonduri-europene\\\/\",\"url\":\"https:\\\/\\\/www.arb.ro\\\/en\\\/despre-arb\\\/comisii-si-grupuri-de-lucru\\\/comisia-pentru-fonduri-europene\\\/\",\"name\":\"Comisia pentru Fonduri Europene - Asocia\u021bia Rom\u00e2n\u0103 a B\u0103ncilor (ARB)\",\"isPartOf\":{\"@id\":\"https:\\\/\\\/www.arb.ro\\\/#website\"},\"datePublished\":\"2022-01-10T15:11:43+00:00\",\"dateModified\":\"2024-11-19T14:40:42+00:00\",\"breadcrumb\":{\"@id\":\"https:\\\/\\\/www.arb.ro\\\/en\\\/despre-arb\\\/comisii-si-grupuri-de-lucru\\\/comisia-pentru-fonduri-europene\\\/#breadcrumb\"},\"inLanguage\":\"en-US\",\"potentialAction\":[{\"@type\":\"ReadAction\",\"target\":[\"https:\\\/\\\/www.arb.ro\\\/en\\\/despre-arb\\\/comisii-si-grupuri-de-lucru\\\/comisia-pentru-fonduri-europene\\\/\"]}]},{\"@type\":\"BreadcrumbList\",\"@id\":\"https:\\\/\\\/www.arb.ro\\\/en\\\/despre-arb\\\/comisii-si-grupuri-de-lucru\\\/comisia-pentru-fonduri-europene\\\/#breadcrumb\",\"itemListElement\":[{\"@type\":\"ListItem\",\"position\":1,\"name\":\"Home\",\"item\":\"https:\\\/\\\/www.arb.ro\\\/\"},{\"@type\":\"ListItem\",\"position\":2,\"name\":\"Despre ARB\",\"item\":\"https:\\\/\\\/www.arb.ro\\\/despre-arb\\\/\"},{\"@type\":\"ListItem\",\"position\":3,\"name\":\"Comisii \u0219i grupuri de lucru\",\"item\":\"https:\\\/\\\/www.arb.ro\\\/despre-arb\\\/comisii-si-grupuri-de-lucru\\\/\"},{\"@type\":\"ListItem\",\"position\":4,\"name\":\"Comisia pentru Fonduri Europene\"}]},{\"@type\":\"WebSite\",\"@id\":\"https:\\\/\\\/www.arb.ro\\\/#website\",\"url\":\"https:\\\/\\\/www.arb.ro\\\/\",\"name\":\"Asocia\u021bia Rom\u00e2n\u0103 a B\u0103ncilor (ARB)\",\"description\":\"Asocia\u021bia Rom\u00e2n\u0103 a B\u0103ncilor\",\"publisher\":{\"@id\":\"https:\\\/\\\/www.arb.ro\\\/#organization\"},\"potentialAction\":[{\"@type\":\"SearchAction\",\"target\":{\"@type\":\"EntryPoint\",\"urlTemplate\":\"https:\\\/\\\/www.arb.ro\\\/?s={search_term_string}\"},\"query-input\":{\"@type\":\"PropertyValueSpecification\",\"valueRequired\":true,\"valueName\":\"search_term_string\"}}],\"inLanguage\":\"en-US\"},{\"@type\":\"Organization\",\"@id\":\"https:\\\/\\\/www.arb.ro\\\/#organization\",\"name\":\"Asocia\u021bia Rom\u00e2n\u0103 a B\u0103ncilor (ARB)\",\"url\":\"https:\\\/\\\/www.arb.ro\\\/\",\"logo\":{\"@type\":\"ImageObject\",\"inLanguage\":\"en-US\",\"@id\":\"https:\\\/\\\/www.arb.ro\\\/#\\\/schema\\\/logo\\\/image\\\/\",\"url\":\"https:\\\/\\\/www.arb.ro\\\/wp-content\\\/uploads\\\/ARB_35_TRANSPARENCY.png\",\"contentUrl\":\"https:\\\/\\\/www.arb.ro\\\/wp-content\\\/uploads\\\/ARB_35_TRANSPARENCY.png\",\"width\":1820,\"height\":1987,\"caption\":\"Asocia\u021bia Rom\u00e2n\u0103 a B\u0103ncilor (ARB)\"},\"image\":{\"@id\":\"https:\\\/\\\/www.arb.ro\\\/#\\\/schema\\\/logo\\\/image\\\/\"}}]}<\/script>\n<!-- \/ Yoast SEO plugin. -->","yoast_head_json":{"title":"Comisia pentru Fonduri Europene - Asocia\u021bia Rom\u00e2n\u0103 a B\u0103ncilor (ARB)","robots":{"index":"index","follow":"follow","max-snippet":"max-snippet:-1","max-image-preview":"max-image-preview:large","max-video-preview":"max-video-preview:-1"},"canonical":"https:\/\/www.arb.ro\/en\/despre-arb\/comisii-si-grupuri-de-lucru\/comisia-pentru-fonduri-europene\/","og_locale":"en_US","og_type":"article","og_title":"Comisia pentru Fonduri Europene - Asocia\u021bia Rom\u00e2n\u0103 a B\u0103ncilor (ARB)","og_description":"Comisia pentru Fonduri Europene \u00cenfiin\u021bat\u0103 in luna Aprilie 2013, Comisia pentru Fonduri Europene a ap\u0103rut ca r\u0103spuns imediat din partea comunit\u0103\u021bii bancare la necesitatea acceler\u0103rii implic\u0103rii in sus\u021binerea procesului de absorb\u021bie a fondurilor europene, factor determinant al cre\u0219terii \u0219i dezvolt\u0103rii economice. Compus\u0103 din cei mai buni speciali\u0219ti pe fonduri europene din cadrul sistemului bancar, comisia [&hellip;]","og_url":"https:\/\/www.arb.ro\/en\/despre-arb\/comisii-si-grupuri-de-lucru\/comisia-pentru-fonduri-europene\/","og_site_name":"Asocia\u021bia Rom\u00e2n\u0103 a B\u0103ncilor (ARB)","article_modified_time":"2024-11-19T14:40:42+00:00","twitter_card":"summary_large_image","twitter_misc":{"Est. reading time":"1 minute"},"schema":{"@context":"https:\/\/schema.org","@graph":[{"@type":"WebPage","@id":"https:\/\/www.arb.ro\/en\/despre-arb\/comisii-si-grupuri-de-lucru\/comisia-pentru-fonduri-europene\/","url":"https:\/\/www.arb.ro\/en\/despre-arb\/comisii-si-grupuri-de-lucru\/comisia-pentru-fonduri-europene\/","name":"Comisia pentru Fonduri Europene - Asocia\u021bia Rom\u00e2n\u0103 a B\u0103ncilor (ARB)","isPartOf":{"@id":"https:\/\/www.arb.ro\/#website"},"datePublished":"2022-01-10T15:11:43+00:00","dateModified":"2024-11-19T14:40:42+00:00","breadcrumb":{"@id":"https:\/\/www.arb.ro\/en\/despre-arb\/comisii-si-grupuri-de-lucru\/comisia-pentru-fonduri-europene\/#breadcrumb"},"inLanguage":"en-US","potentialAction":[{"@type":"ReadAction","target":["https:\/\/www.arb.ro\/en\/despre-arb\/comisii-si-grupuri-de-lucru\/comisia-pentru-fonduri-europene\/"]}]},{"@type":"BreadcrumbList","@id":"https:\/\/www.arb.ro\/en\/despre-arb\/comisii-si-grupuri-de-lucru\/comisia-pentru-fonduri-europene\/#breadcrumb","itemListElement":[{"@type":"ListItem","position":1,"name":"Home","item":"https:\/\/www.arb.ro\/"},{"@type":"ListItem","position":2,"name":"Despre ARB","item":"https:\/\/www.arb.ro\/despre-arb\/"},{"@type":"ListItem","position":3,"name":"Comisii \u0219i grupuri de lucru","item":"https:\/\/www.arb.ro\/despre-arb\/comisii-si-grupuri-de-lucru\/"},{"@type":"ListItem","position":4,"name":"Comisia pentru Fonduri Europene"}]},{"@type":"WebSite","@id":"https:\/\/www.arb.ro\/#website","url":"https:\/\/www.arb.ro\/","name":"Asocia\u021bia Rom\u00e2n\u0103 a B\u0103ncilor (ARB)","description":"Romanian Association of Banks","publisher":{"@id":"https:\/\/www.arb.ro\/#organization"},"potentialAction":[{"@type":"SearchAction","target":{"@type":"EntryPoint","urlTemplate":"https:\/\/www.arb.ro\/?s={search_term_string}"},"query-input":{"@type":"PropertyValueSpecification","valueRequired":true,"valueName":"search_term_string"}}],"inLanguage":"en-US"},{"@type":"Organization","@id":"https:\/\/www.arb.ro\/#organization","name":"Asocia\u021bia Rom\u00e2n\u0103 a B\u0103ncilor (ARB)","url":"https:\/\/www.arb.ro\/","logo":{"@type":"ImageObject","inLanguage":"en-US","@id":"https:\/\/www.arb.ro\/#\/schema\/logo\/image\/","url":"https:\/\/www.arb.ro\/wp-content\/uploads\/ARB_35_TRANSPARENCY.png","contentUrl":"https:\/\/www.arb.ro\/wp-content\/uploads\/ARB_35_TRANSPARENCY.png","width":1820,"height":1987,"caption":"Asocia\u021bia Rom\u00e2n\u0103 a B\u0103ncilor (ARB)"},"image":{"@id":"https:\/\/www.arb.ro\/#\/schema\/logo\/image\/"}}]}},"_links":{"self":[{"href":"https:\/\/www.arb.ro\/en\/wp-json\/wp\/v2\/pages\/904","targetHints":{"allow":["GET"]}}],"collection":[{"href":"https:\/\/www.arb.ro\/en\/wp-json\/wp\/v2\/pages"}],"about":[{"href":"https:\/\/www.arb.ro\/en\/wp-json\/wp\/v2\/types\/page"}],"author":[{"embeddable":true,"href":"https:\/\/www.arb.ro\/en\/wp-json\/wp\/v2\/users\/5"}],"replies":[{"embeddable":true,"href":"https:\/\/www.arb.ro\/en\/wp-json\/wp\/v2\/comments?post=904"}],"version-history":[{"count":0,"href":"https:\/\/www.arb.ro\/en\/wp-json\/wp\/v2\/pages\/904\/revisions"}],"up":[{"embeddable":true,"href":"https:\/\/www.arb.ro\/en\/wp-json\/wp\/v2\/pages\/127"}],"wp:attachment":[{"href":"https:\/\/www.arb.ro\/en\/wp-json\/wp\/v2\/media?parent=904"}],"curies":[{"name":"wp","href":"https:\/\/api.w.org\/{rel}","templated":true}]}}