{"id":770,"date":"2022-01-06T15:47:13","date_gmt":"2022-01-06T15:47:13","guid":{"rendered":"https:\/\/new.arb.ro\/?page_id=770"},"modified":"2024-01-16T10:44:09","modified_gmt":"2024-01-16T08:44:09","slug":"organisme-nationale-si-internationale","status":"publish","type":"page","link":"https:\/\/www.arb.ro\/en\/despre-arb\/organisme-nationale-si-internationale\/","title":{"rendered":"National and international organisations"},"content":{"rendered":"<div data-elementor-type=\"wp-page\" data-elementor-id=\"770\" class=\"elementor elementor-770\" data-elementor-post-type=\"page\">\n\t\t\t\t<div class=\"elementor-element elementor-element-7f4fd495 e-flex e-con-boxed e-con e-parent\" data-id=\"7f4fd495\" data-element_type=\"container\" data-e-type=\"container\">\n\t\t\t\t\t<div class=\"e-con-inner\">\n\t\t<div class=\"elementor-element elementor-element-81ad001 e-flex e-con-boxed e-con e-child\" data-id=\"81ad001\" data-element_type=\"container\" data-e-type=\"container\">\n\t\t\t\t\t<div class=\"e-con-inner\">\n\t\t\t\t<div class=\"elementor-element elementor-element-de175d7 elementor-widget elementor-widget-heading\" data-id=\"de175d7\" data-element_type=\"widget\" data-e-type=\"widget\" data-widget_type=\"heading.default\">\n\t\t\t\t<div class=\"elementor-widget-container\">\n\t\t\t\t\t<h2 class=\"elementor-heading-title elementor-size-default\">National and international organisations\n<\/h2>\t\t\t\t<\/div>\n\t\t\t\t<\/div>\n\t\t<div class=\"elementor-element elementor-element-6542d67 e-con-full e-flex e-con e-child\" data-id=\"6542d67\" data-element_type=\"container\" data-e-type=\"container\">\n\t\t<div class=\"elementor-element elementor-element-6bfee7a e-con-full e-flex e-con e-child\" data-id=\"6bfee7a\" data-element_type=\"container\" data-e-type=\"container\">\n\t\t\t\t<div class=\"elementor-element elementor-element-9ba08d8 elementor-widget elementor-widget-image\" data-id=\"9ba08d8\" data-element_type=\"widget\" data-e-type=\"widget\" data-widget_type=\"image.default\">\n\t\t\t\t<div class=\"elementor-widget-container\">\n\t\t\t\t\t\t\t\t\t\t\t\t\t\t\t<img fetchpriority=\"high\" decoding=\"async\" width=\"1920\" height=\"1203\" src=\"https:\/\/www.arb.ro\/wp-content\/uploads\/2022\/01\/mauro-sbicego-z-_s3qA-Jv0-unsplash.jpg\" class=\"attachment-full size-full wp-image-2645404\" alt=\"\" srcset=\"https:\/\/www.arb.ro\/wp-content\/uploads\/2022\/01\/mauro-sbicego-z-_s3qA-Jv0-unsplash.jpg 1920w, https:\/\/www.arb.ro\/wp-content\/uploads\/2022\/01\/mauro-sbicego-z-_s3qA-Jv0-unsplash-300x188.jpg 300w, https:\/\/www.arb.ro\/wp-content\/uploads\/2022\/01\/mauro-sbicego-z-_s3qA-Jv0-unsplash-1024x642.jpg 1024w, https:\/\/www.arb.ro\/wp-content\/uploads\/2022\/01\/mauro-sbicego-z-_s3qA-Jv0-unsplash-768x481.jpg 768w, https:\/\/www.arb.ro\/wp-content\/uploads\/2022\/01\/mauro-sbicego-z-_s3qA-Jv0-unsplash-1536x962.jpg 1536w\" sizes=\"(max-width: 1920px) 100vw, 1920px\" \/>\t\t\t\t\t\t\t\t\t\t\t\t\t\t\t<\/div>\n\t\t\t\t<\/div>\n\t\t\t\t<div class=\"elementor-element elementor-element-7f60bb6 elementor-widget elementor-widget-heading\" data-id=\"7f60bb6\" data-element_type=\"widget\" data-e-type=\"widget\" data-widget_type=\"heading.default\">\n\t\t\t\t<div class=\"elementor-widget-container\">\n\t\t\t\t\t<h2 class=\"elementor-heading-title elementor-size-default\">International organizations\n<\/h2>\t\t\t\t<\/div>\n\t\t\t\t<\/div>\n\t\t\t\t<div class=\"elementor-element elementor-element-1d858e4 elementor-widget elementor-widget-button\" data-id=\"1d858e4\" data-element_type=\"widget\" data-e-type=\"widget\" data-widget_type=\"button.default\">\n\t\t\t\t<div class=\"elementor-widget-container\">\n\t\t\t\t\t\t\t\t\t<div class=\"elementor-button-wrapper\">\n\t\t\t\t\t<a class=\"elementor-button elementor-button-link elementor-size-md\" href=\"\/en\/despre-arb\/organisme-nationale-si-internationale\/organisme-internationale\/\">\n\t\t\t\t\t\t<span class=\"elementor-button-content-wrapper\">\n\t\t\t\t\t\t<span class=\"elementor-button-icon\">\n\t\t\t\t<svg aria-hidden=\"true\" class=\"e-font-icon-svg e-fas-arrow-right\" viewbox=\"0 0 448 512\" xmlns=\"http:\/\/www.w3.org\/2000\/svg\"><path d=\"M190.5 66.9l22.2-22.2c9.4-9.4 24.6-9.4 33.9 0L441 239c9.4 9.4 9.4 24.6 0 33.9L246.6 467.3c-9.4 9.4-24.6 9.4-33.9 0l-22.2-22.2c-9.5-9.5-9.3-25 .4-34.3L311.4 296H24c-13.3 0-24-10.7-24-24v-32c0-13.3 10.7-24 24-24h287.4L190.9 101.2c-9.8-9.3-10-24.8-.4-34.3z\"><\/path><\/svg>\t\t\t<\/span>\n\t\t\t\t\t\t\t\t\t<span class=\"elementor-button-text\">Read more<\/span>\n\t\t\t\t\t<\/span>\n\t\t\t\t\t<\/a>\n\t\t\t\t<\/div>\n\t\t\t\t\t\t\t\t<\/div>\n\t\t\t\t<\/div>\n\t\t\t\t<\/div>\n\t\t<div class=\"elementor-element elementor-element-4e0cfbb e-con-full e-flex e-con e-child\" data-id=\"4e0cfbb\" data-element_type=\"container\" data-e-type=\"container\">\n\t\t\t\t<div class=\"elementor-element elementor-element-39315a4 elementor-widget elementor-widget-image\" data-id=\"39315a4\" data-element_type=\"widget\" data-e-type=\"widget\" data-widget_type=\"image.default\">\n\t\t\t\t<div class=\"elementor-widget-container\">\n\t\t\t\t\t\t\t\t\t\t\t\t\t\t\t<img decoding=\"async\" width=\"1920\" height=\"1280\" src=\"https:\/\/www.arb.ro\/wp-content\/uploads\/ARB-Romanian-flag.jpg\" class=\"attachment-full size-full wp-image-2645425\" alt=\"\" srcset=\"https:\/\/www.arb.ro\/wp-content\/uploads\/ARB-Romanian-flag.jpg 1920w, https:\/\/www.arb.ro\/wp-content\/uploads\/ARB-Romanian-flag-300x200.jpg 300w, https:\/\/www.arb.ro\/wp-content\/uploads\/ARB-Romanian-flag-1024x683.jpg 1024w, https:\/\/www.arb.ro\/wp-content\/uploads\/ARB-Romanian-flag-768x512.jpg 768w, https:\/\/www.arb.ro\/wp-content\/uploads\/ARB-Romanian-flag-1536x1024.jpg 1536w\" sizes=\"(max-width: 1920px) 100vw, 1920px\" \/>\t\t\t\t\t\t\t\t\t\t\t\t\t\t\t<\/div>\n\t\t\t\t<\/div>\n\t\t\t\t<div class=\"elementor-element elementor-element-274ec82 elementor-widget elementor-widget-heading\" data-id=\"274ec82\" data-element_type=\"widget\" data-e-type=\"widget\" data-widget_type=\"heading.default\">\n\t\t\t\t<div class=\"elementor-widget-container\">\n\t\t\t\t\t<h2 class=\"elementor-heading-title elementor-size-default\">National organizations\n<\/h2>\t\t\t\t<\/div>\n\t\t\t\t<\/div>\n\t\t\t\t<div class=\"elementor-element elementor-element-8e42da2 elementor-widget elementor-widget-button\" data-id=\"8e42da2\" data-element_type=\"widget\" data-e-type=\"widget\" data-widget_type=\"button.default\">\n\t\t\t\t<div class=\"elementor-widget-container\">\n\t\t\t\t\t\t\t\t\t<div class=\"elementor-button-wrapper\">\n\t\t\t\t\t<a class=\"elementor-button elementor-button-link elementor-size-md\" href=\"\/en\/despre-arb\/organisme-nationale-si-internationale\/organisme-nationale\/\">\n\t\t\t\t\t\t<span class=\"elementor-button-content-wrapper\">\n\t\t\t\t\t\t<span class=\"elementor-button-icon\">\n\t\t\t\t<svg aria-hidden=\"true\" class=\"e-font-icon-svg e-fas-arrow-right\" viewbox=\"0 0 448 512\" xmlns=\"http:\/\/www.w3.org\/2000\/svg\"><path d=\"M190.5 66.9l22.2-22.2c9.4-9.4 24.6-9.4 33.9 0L441 239c9.4 9.4 9.4 24.6 0 33.9L246.6 467.3c-9.4 9.4-24.6 9.4-33.9 0l-22.2-22.2c-9.5-9.5-9.3-25 .4-34.3L311.4 296H24c-13.3 0-24-10.7-24-24v-32c0-13.3 10.7-24 24-24h287.4L190.9 101.2c-9.8-9.3-10-24.8-.4-34.3z\"><\/path><\/svg>\t\t\t<\/span>\n\t\t\t\t\t\t\t\t\t<span class=\"elementor-button-text\">Read more<\/span>\n\t\t\t\t\t<\/span>\n\t\t\t\t\t<\/a>\n\t\t\t\t<\/div>\n\t\t\t\t\t\t\t\t<\/div>\n\t\t\t\t<\/div>\n\t\t\t\t<\/div>\n\t\t\t\t<\/div>\n\t\t\t\t\t<\/div>\n\t\t\t\t<\/div>\n\t\t\t\t\t<\/div>\n\t\t\t\t<\/div>\n\t\t\t\t<\/div>","protected":false},"excerpt":{"rendered":"<p>Organisme na\u021bionale \u0219i interna\u021bionale Organisme interna\u021bionale Cite\u0219te mai mult Organisme na\u021bionale Cite\u0219te mai mult<\/p>","protected":false},"author":5,"featured_media":0,"parent":123,"menu_order":0,"comment_status":"closed","ping_status":"closed","template":"","meta":{"inline_featured_image":false,"footnotes":""},"class_list":["post-770","page","type-page","status-publish","hentry"],"acf":[],"yoast_head":"<!-- This site is optimized with the Yoast SEO plugin v27.3 - https:\/\/yoast.com\/product\/yoast-seo-wordpress\/ -->\n<title>Organisme na\u021bionale \u0219i interna\u021bionale - Asocia\u021bia Rom\u00e2n\u0103 a B\u0103ncilor (ARB)<\/title>\n<meta name=\"robots\" content=\"index, follow, max-snippet:-1, max-image-preview:large, max-video-preview:-1\" \/>\n<link rel=\"canonical\" href=\"https:\/\/www.arb.ro\/en\/despre-arb\/organisme-nationale-si-internationale\/\" \/>\n<meta property=\"og:locale\" content=\"en_US\" \/>\n<meta property=\"og:type\" content=\"article\" \/>\n<meta property=\"og:title\" content=\"Organisme na\u021bionale \u0219i interna\u021bionale - Asocia\u021bia Rom\u00e2n\u0103 a B\u0103ncilor (ARB)\" \/>\n<meta property=\"og:description\" content=\"Organisme na\u021bionale \u0219i interna\u021bionale Organisme interna\u021bionale Cite\u0219te mai mult Organisme na\u021bionale Cite\u0219te mai mult\" \/>\n<meta property=\"og:url\" content=\"https:\/\/www.arb.ro\/en\/despre-arb\/organisme-nationale-si-internationale\/\" \/>\n<meta property=\"og:site_name\" content=\"Asocia\u021bia Rom\u00e2n\u0103 a B\u0103ncilor (ARB)\" \/>\n<meta property=\"article:modified_time\" content=\"2024-01-16T08:44:09+00:00\" \/>\n<meta property=\"og:image\" content=\"https:\/\/new.arb.ro\/wp-content\/uploads\/2022\/01\/mauro-sbicego-z-_s3qA-Jv0-unsplash.jpg\" \/>\n<meta name=\"twitter:card\" content=\"summary_large_image\" \/>\n<script type=\"application\/ld+json\" class=\"yoast-schema-graph\">{\"@context\":\"https:\\\/\\\/schema.org\",\"@graph\":[{\"@type\":\"WebPage\",\"@id\":\"https:\\\/\\\/www.arb.ro\\\/despre-arb\\\/organisme-nationale-si-internationale\\\/\",\"url\":\"https:\\\/\\\/www.arb.ro\\\/despre-arb\\\/organisme-nationale-si-internationale\\\/\",\"name\":\"Organisme na\u021bionale \u0219i interna\u021bionale - Asocia\u021bia Rom\u00e2n\u0103 a B\u0103ncilor (ARB)\",\"isPartOf\":{\"@id\":\"https:\\\/\\\/www.arb.ro\\\/#website\"},\"primaryImageOfPage\":{\"@id\":\"https:\\\/\\\/www.arb.ro\\\/despre-arb\\\/organisme-nationale-si-internationale\\\/#primaryimage\"},\"image\":{\"@id\":\"https:\\\/\\\/www.arb.ro\\\/despre-arb\\\/organisme-nationale-si-internationale\\\/#primaryimage\"},\"thumbnailUrl\":\"https:\\\/\\\/new.arb.ro\\\/wp-content\\\/uploads\\\/2022\\\/01\\\/mauro-sbicego-z-_s3qA-Jv0-unsplash.jpg\",\"datePublished\":\"2022-01-06T15:47:13+00:00\",\"dateModified\":\"2024-01-16T08:44:09+00:00\",\"breadcrumb\":{\"@id\":\"https:\\\/\\\/www.arb.ro\\\/despre-arb\\\/organisme-nationale-si-internationale\\\/#breadcrumb\"},\"inLanguage\":\"en-US\",\"potentialAction\":[{\"@type\":\"ReadAction\",\"target\":[\"https:\\\/\\\/www.arb.ro\\\/despre-arb\\\/organisme-nationale-si-internationale\\\/\"]}]},{\"@type\":\"ImageObject\",\"inLanguage\":\"en-US\",\"@id\":\"https:\\\/\\\/www.arb.ro\\\/despre-arb\\\/organisme-nationale-si-internationale\\\/#primaryimage\",\"url\":\"https:\\\/\\\/new.arb.ro\\\/wp-content\\\/uploads\\\/2022\\\/01\\\/mauro-sbicego-z-_s3qA-Jv0-unsplash.jpg\",\"contentUrl\":\"https:\\\/\\\/new.arb.ro\\\/wp-content\\\/uploads\\\/2022\\\/01\\\/mauro-sbicego-z-_s3qA-Jv0-unsplash.jpg\"},{\"@type\":\"BreadcrumbList\",\"@id\":\"https:\\\/\\\/www.arb.ro\\\/despre-arb\\\/organisme-nationale-si-internationale\\\/#breadcrumb\",\"itemListElement\":[{\"@type\":\"ListItem\",\"position\":1,\"name\":\"Home\",\"item\":\"https:\\\/\\\/www.arb.ro\\\/\"},{\"@type\":\"ListItem\",\"position\":2,\"name\":\"Despre ARB\",\"item\":\"https:\\\/\\\/www.arb.ro\\\/despre-arb\\\/\"},{\"@type\":\"ListItem\",\"position\":3,\"name\":\"Organisme na\u021bionale \u0219i interna\u021bionale\"}]},{\"@type\":\"WebSite\",\"@id\":\"https:\\\/\\\/www.arb.ro\\\/#website\",\"url\":\"https:\\\/\\\/www.arb.ro\\\/\",\"name\":\"Asocia\u021bia Rom\u00e2n\u0103 a B\u0103ncilor (ARB)\",\"description\":\"Asocia\u021bia Rom\u00e2n\u0103 a B\u0103ncilor\",\"publisher\":{\"@id\":\"https:\\\/\\\/www.arb.ro\\\/#organization\"},\"potentialAction\":[{\"@type\":\"SearchAction\",\"target\":{\"@type\":\"EntryPoint\",\"urlTemplate\":\"https:\\\/\\\/www.arb.ro\\\/?s={search_term_string}\"},\"query-input\":{\"@type\":\"PropertyValueSpecification\",\"valueRequired\":true,\"valueName\":\"search_term_string\"}}],\"inLanguage\":\"en-US\"},{\"@type\":\"Organization\",\"@id\":\"https:\\\/\\\/www.arb.ro\\\/#organization\",\"name\":\"Asocia\u021bia Rom\u00e2n\u0103 a B\u0103ncilor (ARB)\",\"url\":\"https:\\\/\\\/www.arb.ro\\\/\",\"logo\":{\"@type\":\"ImageObject\",\"inLanguage\":\"en-US\",\"@id\":\"https:\\\/\\\/www.arb.ro\\\/#\\\/schema\\\/logo\\\/image\\\/\",\"url\":\"https:\\\/\\\/www.arb.ro\\\/wp-content\\\/uploads\\\/ARB_35_TRANSPARENCY.png\",\"contentUrl\":\"https:\\\/\\\/www.arb.ro\\\/wp-content\\\/uploads\\\/ARB_35_TRANSPARENCY.png\",\"width\":1820,\"height\":1987,\"caption\":\"Asocia\u021bia Rom\u00e2n\u0103 a B\u0103ncilor (ARB)\"},\"image\":{\"@id\":\"https:\\\/\\\/www.arb.ro\\\/#\\\/schema\\\/logo\\\/image\\\/\"}}]}<\/script>\n<!-- \/ Yoast SEO plugin. -->","yoast_head_json":{"title":"Organisme na\u021bionale \u0219i interna\u021bionale - Asocia\u021bia Rom\u00e2n\u0103 a B\u0103ncilor (ARB)","robots":{"index":"index","follow":"follow","max-snippet":"max-snippet:-1","max-image-preview":"max-image-preview:large","max-video-preview":"max-video-preview:-1"},"canonical":"https:\/\/www.arb.ro\/en\/despre-arb\/organisme-nationale-si-internationale\/","og_locale":"en_US","og_type":"article","og_title":"Organisme na\u021bionale \u0219i interna\u021bionale - Asocia\u021bia Rom\u00e2n\u0103 a B\u0103ncilor (ARB)","og_description":"Organisme na\u021bionale \u0219i interna\u021bionale Organisme interna\u021bionale Cite\u0219te mai mult Organisme na\u021bionale Cite\u0219te mai mult","og_url":"https:\/\/www.arb.ro\/en\/despre-arb\/organisme-nationale-si-internationale\/","og_site_name":"Asocia\u021bia Rom\u00e2n\u0103 a B\u0103ncilor (ARB)","article_modified_time":"2024-01-16T08:44:09+00:00","og_image":[{"url":"https:\/\/new.arb.ro\/wp-content\/uploads\/2022\/01\/mauro-sbicego-z-_s3qA-Jv0-unsplash.jpg","type":"","width":"","height":""}],"twitter_card":"summary_large_image","schema":{"@context":"https:\/\/schema.org","@graph":[{"@type":"WebPage","@id":"https:\/\/www.arb.ro\/despre-arb\/organisme-nationale-si-internationale\/","url":"https:\/\/www.arb.ro\/despre-arb\/organisme-nationale-si-internationale\/","name":"Organisme na\u021bionale \u0219i interna\u021bionale - Asocia\u021bia Rom\u00e2n\u0103 a B\u0103ncilor (ARB)","isPartOf":{"@id":"https:\/\/www.arb.ro\/#website"},"primaryImageOfPage":{"@id":"https:\/\/www.arb.ro\/despre-arb\/organisme-nationale-si-internationale\/#primaryimage"},"image":{"@id":"https:\/\/www.arb.ro\/despre-arb\/organisme-nationale-si-internationale\/#primaryimage"},"thumbnailUrl":"https:\/\/new.arb.ro\/wp-content\/uploads\/2022\/01\/mauro-sbicego-z-_s3qA-Jv0-unsplash.jpg","datePublished":"2022-01-06T15:47:13+00:00","dateModified":"2024-01-16T08:44:09+00:00","breadcrumb":{"@id":"https:\/\/www.arb.ro\/despre-arb\/organisme-nationale-si-internationale\/#breadcrumb"},"inLanguage":"en-US","potentialAction":[{"@type":"ReadAction","target":["https:\/\/www.arb.ro\/despre-arb\/organisme-nationale-si-internationale\/"]}]},{"@type":"ImageObject","inLanguage":"en-US","@id":"https:\/\/www.arb.ro\/despre-arb\/organisme-nationale-si-internationale\/#primaryimage","url":"https:\/\/new.arb.ro\/wp-content\/uploads\/2022\/01\/mauro-sbicego-z-_s3qA-Jv0-unsplash.jpg","contentUrl":"https:\/\/new.arb.ro\/wp-content\/uploads\/2022\/01\/mauro-sbicego-z-_s3qA-Jv0-unsplash.jpg"},{"@type":"BreadcrumbList","@id":"https:\/\/www.arb.ro\/despre-arb\/organisme-nationale-si-internationale\/#breadcrumb","itemListElement":[{"@type":"ListItem","position":1,"name":"Home","item":"https:\/\/www.arb.ro\/"},{"@type":"ListItem","position":2,"name":"Despre ARB","item":"https:\/\/www.arb.ro\/despre-arb\/"},{"@type":"ListItem","position":3,"name":"Organisme na\u021bionale \u0219i interna\u021bionale"}]},{"@type":"WebSite","@id":"https:\/\/www.arb.ro\/#website","url":"https:\/\/www.arb.ro\/","name":"Asocia\u021bia Rom\u00e2n\u0103 a B\u0103ncilor (ARB)","description":"Romanian Association of Banks","publisher":{"@id":"https:\/\/www.arb.ro\/#organization"},"potentialAction":[{"@type":"SearchAction","target":{"@type":"EntryPoint","urlTemplate":"https:\/\/www.arb.ro\/?s={search_term_string}"},"query-input":{"@type":"PropertyValueSpecification","valueRequired":true,"valueName":"search_term_string"}}],"inLanguage":"en-US"},{"@type":"Organization","@id":"https:\/\/www.arb.ro\/#organization","name":"Asocia\u021bia Rom\u00e2n\u0103 a B\u0103ncilor (ARB)","url":"https:\/\/www.arb.ro\/","logo":{"@type":"ImageObject","inLanguage":"en-US","@id":"https:\/\/www.arb.ro\/#\/schema\/logo\/image\/","url":"https:\/\/www.arb.ro\/wp-content\/uploads\/ARB_35_TRANSPARENCY.png","contentUrl":"https:\/\/www.arb.ro\/wp-content\/uploads\/ARB_35_TRANSPARENCY.png","width":1820,"height":1987,"caption":"Asocia\u021bia Rom\u00e2n\u0103 a B\u0103ncilor (ARB)"},"image":{"@id":"https:\/\/www.arb.ro\/#\/schema\/logo\/image\/"}}]}},"_links":{"self":[{"href":"https:\/\/www.arb.ro\/en\/wp-json\/wp\/v2\/pages\/770","targetHints":{"allow":["GET"]}}],"collection":[{"href":"https:\/\/www.arb.ro\/en\/wp-json\/wp\/v2\/pages"}],"about":[{"href":"https:\/\/www.arb.ro\/en\/wp-json\/wp\/v2\/types\/page"}],"author":[{"embeddable":true,"href":"https:\/\/www.arb.ro\/en\/wp-json\/wp\/v2\/users\/5"}],"replies":[{"embeddable":true,"href":"https:\/\/www.arb.ro\/en\/wp-json\/wp\/v2\/comments?post=770"}],"version-history":[{"count":0,"href":"https:\/\/www.arb.ro\/en\/wp-json\/wp\/v2\/pages\/770\/revisions"}],"up":[{"embeddable":true,"href":"https:\/\/www.arb.ro\/en\/wp-json\/wp\/v2\/pages\/123"}],"wp:attachment":[{"href":"https:\/\/www.arb.ro\/en\/wp-json\/wp\/v2\/media?parent=770"}],"curies":[{"name":"wp","href":"https:\/\/api.w.org\/{rel}","templated":true}]}}