{"id":766,"date":"2022-01-06T15:46:26","date_gmt":"2022-01-06T15:46:26","guid":{"rendered":"https:\/\/new.arb.ro\/?page_id=766"},"modified":"2024-01-10T16:06:31","modified_gmt":"2024-01-10T14:06:31","slug":"ghid-privind-conformarea-cu-regulile-de-concurenta","status":"publish","type":"page","link":"https:\/\/www.arb.ro\/en\/despre-arb\/ghid-privind-conformarea-cu-regulile-de-concurenta\/","title":{"rendered":"Guidance on compliance with competition rules"},"content":{"rendered":"<div data-elementor-type=\"wp-page\" data-elementor-id=\"766\" class=\"elementor elementor-766\" data-elementor-post-type=\"page\">\n\t\t\t\t<div class=\"elementor-element elementor-element-253f2fd7 e-flex e-con-boxed e-con e-parent\" data-id=\"253f2fd7\" data-element_type=\"container\" data-e-type=\"container\">\n\t\t\t\t\t<div class=\"e-con-inner\">\n\t\t\t\t<div class=\"elementor-element elementor-element-ce33d17 elementor-widget elementor-widget-heading\" data-id=\"ce33d17\" data-element_type=\"widget\" data-e-type=\"widget\" data-widget_type=\"heading.default\">\n\t\t\t\t<div class=\"elementor-widget-container\">\n\t\t\t\t\t<h2 class=\"elementor-heading-title elementor-size-default\">Guidance on compliance with competition rules<\/h2>\t\t\t\t<\/div>\n\t\t\t\t<\/div>\n\t\t<div class=\"elementor-element elementor-element-a5348b7 e-con-full e-flex e-con e-child\" data-id=\"a5348b7\" data-element_type=\"container\" data-e-type=\"container\">\n\t\t<div class=\"elementor-element elementor-element-64444d6 e-con-full e-flex e-con e-child\" data-id=\"64444d6\" data-element_type=\"container\" data-e-type=\"container\">\n\t\t\t\t<div class=\"elementor-element elementor-element-f372a4b elementor-widget elementor-widget-heading\" data-id=\"f372a4b\" data-element_type=\"widget\" data-e-type=\"widget\" data-widget_type=\"heading.default\">\n\t\t\t\t<div class=\"elementor-widget-container\">\n\t\t\t\t\t<h3 class=\"elementor-heading-title elementor-size-default\">The ARB Guide on compliance with competition rules aims to highlight the most important aspects of the Association's activity with relevance in the field of competition and to present the main courses of action, so that both the Association and its members have a compliant conduct competition names.<\/h3>\t\t\t\t<\/div>\n\t\t\t\t<\/div>\n\t\t\t\t<div class=\"elementor-element elementor-element-6490c4b elementor-widget elementor-widget-text-editor\" data-id=\"6490c4b\" data-element_type=\"widget\" data-e-type=\"widget\" data-widget_type=\"text-editor.default\">\n\t\t\t\t<div class=\"elementor-widget-container\">\n\t\t\t\t\t\t\t\t\tThrough this Guide, ARB undertakes to demonstrate - in carrying out its activities - an honest behavior and in accordance with the applicable legal provisions in the field of competition, recognizing the importance of encouraging an effective competitive environment in the financial-banking sector.\t\t\t\t\t\t\t\t<\/div>\n\t\t\t\t<\/div>\n\t\t\t\t<\/div>\n\t\t<div class=\"elementor-element elementor-element-7347148 e-con-full e-flex e-con e-child\" data-id=\"7347148\" data-element_type=\"container\" data-e-type=\"container\">\n\t\t\t\t<div class=\"elementor-element elementor-element-a80f808 elementor-widget elementor-widget-image\" data-id=\"a80f808\" data-element_type=\"widget\" data-e-type=\"widget\" data-widget_type=\"image.default\">\n\t\t\t\t<div class=\"elementor-widget-container\">\n\t\t\t\t\t\t\t\t\t\t\t\t\t\t\t<img fetchpriority=\"high\" decoding=\"async\" width=\"1500\" height=\"1056\" src=\"https:\/\/www.arb.ro\/wp-content\/uploads\/ARB_Ghid-privind-conformarea-cu-regulile-de-concurenta.jpg\" class=\"attachment-full size-full wp-image-2645416\" alt=\"\" srcset=\"https:\/\/www.arb.ro\/wp-content\/uploads\/ARB_Ghid-privind-conformarea-cu-regulile-de-concurenta.jpg 1500w, https:\/\/www.arb.ro\/wp-content\/uploads\/ARB_Ghid-privind-conformarea-cu-regulile-de-concurenta-300x211.jpg 300w, https:\/\/www.arb.ro\/wp-content\/uploads\/ARB_Ghid-privind-conformarea-cu-regulile-de-concurenta-1024x721.jpg 1024w, https:\/\/www.arb.ro\/wp-content\/uploads\/ARB_Ghid-privind-conformarea-cu-regulile-de-concurenta-768x541.jpg 768w\" sizes=\"(max-width: 1500px) 100vw, 1500px\" \/>\t\t\t\t\t\t\t\t\t\t\t\t\t\t\t<\/div>\n\t\t\t\t<\/div>\n\t\t\t\t<\/div>\n\t\t\t\t<\/div>\n\t\t<div class=\"elementor-element elementor-element-bb6b95f e-con-full e-flex e-con e-child\" data-id=\"bb6b95f\" data-element_type=\"container\" data-e-type=\"container\">\n\t\t\t\t<div class=\"elementor-element elementor-element-5134cf6 elementor-widget elementor-widget-button\" data-id=\"5134cf6\" data-element_type=\"widget\" data-e-type=\"widget\" data-widget_type=\"button.default\">\n\t\t\t\t<div class=\"elementor-widget-container\">\n\t\t\t\t\t\t\t\t\t<div class=\"elementor-button-wrapper\">\n\t\t\t\t\t<a class=\"elementor-button elementor-button-link elementor-size-sm\" href=\"\/wp-content\/uploads\/ARB-Ghid-conformare-reguli-de-concurenta-2020-3.pdf\" target=\"_blank\">\n\t\t\t\t\t\t<span class=\"elementor-button-content-wrapper\">\n\t\t\t\t\t\t\t\t\t<span class=\"elementor-button-text\">Download<\/span>\n\t\t\t\t\t<\/span>\n\t\t\t\t\t<\/a>\n\t\t\t\t<\/div>\n\t\t\t\t\t\t\t\t<\/div>\n\t\t\t\t<\/div>\n\t\t\t\t<\/div>\n\t\t\t\t\t<\/div>\n\t\t\t\t<\/div>\n\t\t\t\t<\/div>","protected":false},"excerpt":{"rendered":"<p>Ghid privind conformarea cu regulile de concuren\u021b\u0103 Ghidul ARB privind conformarea cu regulile de concuren\u021b\u0103 are rolul de a eviden\u021bia cele mai importante aspecte ale activit\u0103\u021bii din cadrul Asocia\u021biei cu relevan\u021b\u0103 \u00een domeniul concuren\u021bei \u0219i de a prezenta principalele c\u0103i de ac\u021biune, astfel \u00eenc\u00e2t at\u00e2t Asocia\u021bia, c\u00e2t \u0219i membrii s\u0103i s\u0103 aib\u0103 o conduit\u0103 conform\u0103 [&hellip;]<\/p>\n","protected":false},"author":5,"featured_media":0,"parent":123,"menu_order":0,"comment_status":"closed","ping_status":"closed","template":"","meta":{"inline_featured_image":false,"footnotes":""},"class_list":["post-766","page","type-page","status-publish","hentry"],"acf":[],"yoast_head":"<!-- This site is optimized with the Yoast SEO plugin v27.3 - https:\/\/yoast.com\/product\/yoast-seo-wordpress\/ -->\n<title>Ghid privind conformarea cu regulile de concuren\u021b\u0103 - Asocia\u021bia Rom\u00e2n\u0103 a B\u0103ncilor (ARB)<\/title>\n<meta name=\"robots\" content=\"index, follow, max-snippet:-1, max-image-preview:large, max-video-preview:-1\" \/>\n<link rel=\"canonical\" href=\"https:\/\/www.arb.ro\/en\/despre-arb\/ghid-privind-conformarea-cu-regulile-de-concurenta\/\" \/>\n<meta property=\"og:locale\" content=\"en_US\" \/>\n<meta property=\"og:type\" content=\"article\" \/>\n<meta property=\"og:title\" content=\"Ghid privind conformarea cu regulile de concuren\u021b\u0103 - Asocia\u021bia Rom\u00e2n\u0103 a B\u0103ncilor (ARB)\" \/>\n<meta property=\"og:description\" content=\"Ghid privind conformarea cu regulile de concuren\u021b\u0103 Ghidul ARB privind conformarea cu regulile de concuren\u021b\u0103 are rolul de a eviden\u021bia cele mai importante aspecte ale activit\u0103\u021bii din cadrul Asocia\u021biei cu relevan\u021b\u0103 \u00een domeniul concuren\u021bei \u0219i de a prezenta principalele c\u0103i de ac\u021biune, astfel \u00eenc\u00e2t at\u00e2t Asocia\u021bia, c\u00e2t \u0219i membrii s\u0103i s\u0103 aib\u0103 o conduit\u0103 conform\u0103 [&hellip;]\" \/>\n<meta property=\"og:url\" content=\"https:\/\/www.arb.ro\/en\/despre-arb\/ghid-privind-conformarea-cu-regulile-de-concurenta\/\" \/>\n<meta property=\"og:site_name\" content=\"Asocia\u021bia Rom\u00e2n\u0103 a B\u0103ncilor (ARB)\" \/>\n<meta property=\"article:modified_time\" content=\"2024-01-10T14:06:31+00:00\" \/>\n<meta property=\"og:image\" content=\"https:\/\/new.arb.ro\/wp-content\/uploads\/ARB_Ghid-privind-conformarea-cu-regulile-de-concurenta.jpg\" \/>\n<meta name=\"twitter:card\" content=\"summary_large_image\" \/>\n<meta name=\"twitter:label1\" content=\"Est. reading time\" \/>\n\t<meta name=\"twitter:data1\" content=\"1 minute\" \/>\n<script type=\"application\/ld+json\" class=\"yoast-schema-graph\">{\"@context\":\"https:\\\/\\\/schema.org\",\"@graph\":[{\"@type\":\"WebPage\",\"@id\":\"https:\\\/\\\/www.arb.ro\\\/despre-arb\\\/ghid-privind-conformarea-cu-regulile-de-concurenta\\\/\",\"url\":\"https:\\\/\\\/www.arb.ro\\\/despre-arb\\\/ghid-privind-conformarea-cu-regulile-de-concurenta\\\/\",\"name\":\"Ghid privind conformarea cu regulile de concuren\u021b\u0103 - Asocia\u021bia Rom\u00e2n\u0103 a B\u0103ncilor (ARB)\",\"isPartOf\":{\"@id\":\"https:\\\/\\\/www.arb.ro\\\/#website\"},\"primaryImageOfPage\":{\"@id\":\"https:\\\/\\\/www.arb.ro\\\/despre-arb\\\/ghid-privind-conformarea-cu-regulile-de-concurenta\\\/#primaryimage\"},\"image\":{\"@id\":\"https:\\\/\\\/www.arb.ro\\\/despre-arb\\\/ghid-privind-conformarea-cu-regulile-de-concurenta\\\/#primaryimage\"},\"thumbnailUrl\":\"https:\\\/\\\/new.arb.ro\\\/wp-content\\\/uploads\\\/ARB_Ghid-privind-conformarea-cu-regulile-de-concurenta.jpg\",\"datePublished\":\"2022-01-06T15:46:26+00:00\",\"dateModified\":\"2024-01-10T14:06:31+00:00\",\"breadcrumb\":{\"@id\":\"https:\\\/\\\/www.arb.ro\\\/despre-arb\\\/ghid-privind-conformarea-cu-regulile-de-concurenta\\\/#breadcrumb\"},\"inLanguage\":\"en-US\",\"potentialAction\":[{\"@type\":\"ReadAction\",\"target\":[\"https:\\\/\\\/www.arb.ro\\\/despre-arb\\\/ghid-privind-conformarea-cu-regulile-de-concurenta\\\/\"]}]},{\"@type\":\"ImageObject\",\"inLanguage\":\"en-US\",\"@id\":\"https:\\\/\\\/www.arb.ro\\\/despre-arb\\\/ghid-privind-conformarea-cu-regulile-de-concurenta\\\/#primaryimage\",\"url\":\"https:\\\/\\\/new.arb.ro\\\/wp-content\\\/uploads\\\/ARB_Ghid-privind-conformarea-cu-regulile-de-concurenta.jpg\",\"contentUrl\":\"https:\\\/\\\/new.arb.ro\\\/wp-content\\\/uploads\\\/ARB_Ghid-privind-conformarea-cu-regulile-de-concurenta.jpg\"},{\"@type\":\"BreadcrumbList\",\"@id\":\"https:\\\/\\\/www.arb.ro\\\/despre-arb\\\/ghid-privind-conformarea-cu-regulile-de-concurenta\\\/#breadcrumb\",\"itemListElement\":[{\"@type\":\"ListItem\",\"position\":1,\"name\":\"Home\",\"item\":\"https:\\\/\\\/www.arb.ro\\\/\"},{\"@type\":\"ListItem\",\"position\":2,\"name\":\"Despre ARB\",\"item\":\"https:\\\/\\\/www.arb.ro\\\/despre-arb\\\/\"},{\"@type\":\"ListItem\",\"position\":3,\"name\":\"Ghid privind conformarea cu regulile de concuren\u021b\u0103\"}]},{\"@type\":\"WebSite\",\"@id\":\"https:\\\/\\\/www.arb.ro\\\/#website\",\"url\":\"https:\\\/\\\/www.arb.ro\\\/\",\"name\":\"Asocia\u021bia Rom\u00e2n\u0103 a B\u0103ncilor (ARB)\",\"description\":\"Asocia\u021bia Rom\u00e2n\u0103 a B\u0103ncilor\",\"publisher\":{\"@id\":\"https:\\\/\\\/www.arb.ro\\\/#organization\"},\"potentialAction\":[{\"@type\":\"SearchAction\",\"target\":{\"@type\":\"EntryPoint\",\"urlTemplate\":\"https:\\\/\\\/www.arb.ro\\\/?s={search_term_string}\"},\"query-input\":{\"@type\":\"PropertyValueSpecification\",\"valueRequired\":true,\"valueName\":\"search_term_string\"}}],\"inLanguage\":\"en-US\"},{\"@type\":\"Organization\",\"@id\":\"https:\\\/\\\/www.arb.ro\\\/#organization\",\"name\":\"Asocia\u021bia Rom\u00e2n\u0103 a B\u0103ncilor (ARB)\",\"url\":\"https:\\\/\\\/www.arb.ro\\\/\",\"logo\":{\"@type\":\"ImageObject\",\"inLanguage\":\"en-US\",\"@id\":\"https:\\\/\\\/www.arb.ro\\\/#\\\/schema\\\/logo\\\/image\\\/\",\"url\":\"https:\\\/\\\/www.arb.ro\\\/wp-content\\\/uploads\\\/ARB_35_TRANSPARENCY.png\",\"contentUrl\":\"https:\\\/\\\/www.arb.ro\\\/wp-content\\\/uploads\\\/ARB_35_TRANSPARENCY.png\",\"width\":1820,\"height\":1987,\"caption\":\"Asocia\u021bia Rom\u00e2n\u0103 a B\u0103ncilor (ARB)\"},\"image\":{\"@id\":\"https:\\\/\\\/www.arb.ro\\\/#\\\/schema\\\/logo\\\/image\\\/\"}}]}<\/script>\n<!-- \/ Yoast SEO plugin. -->","yoast_head_json":{"title":"Ghid privind conformarea cu regulile de concuren\u021b\u0103 - Asocia\u021bia Rom\u00e2n\u0103 a B\u0103ncilor (ARB)","robots":{"index":"index","follow":"follow","max-snippet":"max-snippet:-1","max-image-preview":"max-image-preview:large","max-video-preview":"max-video-preview:-1"},"canonical":"https:\/\/www.arb.ro\/en\/despre-arb\/ghid-privind-conformarea-cu-regulile-de-concurenta\/","og_locale":"en_US","og_type":"article","og_title":"Ghid privind conformarea cu regulile de concuren\u021b\u0103 - Asocia\u021bia Rom\u00e2n\u0103 a B\u0103ncilor (ARB)","og_description":"Ghid privind conformarea cu regulile de concuren\u021b\u0103 Ghidul ARB privind conformarea cu regulile de concuren\u021b\u0103 are rolul de a eviden\u021bia cele mai importante aspecte ale activit\u0103\u021bii din cadrul Asocia\u021biei cu relevan\u021b\u0103 \u00een domeniul concuren\u021bei \u0219i de a prezenta principalele c\u0103i de ac\u021biune, astfel \u00eenc\u00e2t at\u00e2t Asocia\u021bia, c\u00e2t \u0219i membrii s\u0103i s\u0103 aib\u0103 o conduit\u0103 conform\u0103 [&hellip;]","og_url":"https:\/\/www.arb.ro\/en\/despre-arb\/ghid-privind-conformarea-cu-regulile-de-concurenta\/","og_site_name":"Asocia\u021bia Rom\u00e2n\u0103 a B\u0103ncilor (ARB)","article_modified_time":"2024-01-10T14:06:31+00:00","og_image":[{"url":"https:\/\/new.arb.ro\/wp-content\/uploads\/ARB_Ghid-privind-conformarea-cu-regulile-de-concurenta.jpg","type":"","width":"","height":""}],"twitter_card":"summary_large_image","twitter_misc":{"Est. reading time":"1 minute"},"schema":{"@context":"https:\/\/schema.org","@graph":[{"@type":"WebPage","@id":"https:\/\/www.arb.ro\/despre-arb\/ghid-privind-conformarea-cu-regulile-de-concurenta\/","url":"https:\/\/www.arb.ro\/despre-arb\/ghid-privind-conformarea-cu-regulile-de-concurenta\/","name":"Ghid privind conformarea cu regulile de concuren\u021b\u0103 - Asocia\u021bia Rom\u00e2n\u0103 a B\u0103ncilor (ARB)","isPartOf":{"@id":"https:\/\/www.arb.ro\/#website"},"primaryImageOfPage":{"@id":"https:\/\/www.arb.ro\/despre-arb\/ghid-privind-conformarea-cu-regulile-de-concurenta\/#primaryimage"},"image":{"@id":"https:\/\/www.arb.ro\/despre-arb\/ghid-privind-conformarea-cu-regulile-de-concurenta\/#primaryimage"},"thumbnailUrl":"https:\/\/new.arb.ro\/wp-content\/uploads\/ARB_Ghid-privind-conformarea-cu-regulile-de-concurenta.jpg","datePublished":"2022-01-06T15:46:26+00:00","dateModified":"2024-01-10T14:06:31+00:00","breadcrumb":{"@id":"https:\/\/www.arb.ro\/despre-arb\/ghid-privind-conformarea-cu-regulile-de-concurenta\/#breadcrumb"},"inLanguage":"en-US","potentialAction":[{"@type":"ReadAction","target":["https:\/\/www.arb.ro\/despre-arb\/ghid-privind-conformarea-cu-regulile-de-concurenta\/"]}]},{"@type":"ImageObject","inLanguage":"en-US","@id":"https:\/\/www.arb.ro\/despre-arb\/ghid-privind-conformarea-cu-regulile-de-concurenta\/#primaryimage","url":"https:\/\/new.arb.ro\/wp-content\/uploads\/ARB_Ghid-privind-conformarea-cu-regulile-de-concurenta.jpg","contentUrl":"https:\/\/new.arb.ro\/wp-content\/uploads\/ARB_Ghid-privind-conformarea-cu-regulile-de-concurenta.jpg"},{"@type":"BreadcrumbList","@id":"https:\/\/www.arb.ro\/despre-arb\/ghid-privind-conformarea-cu-regulile-de-concurenta\/#breadcrumb","itemListElement":[{"@type":"ListItem","position":1,"name":"Home","item":"https:\/\/www.arb.ro\/"},{"@type":"ListItem","position":2,"name":"Despre ARB","item":"https:\/\/www.arb.ro\/despre-arb\/"},{"@type":"ListItem","position":3,"name":"Ghid privind conformarea cu regulile de concuren\u021b\u0103"}]},{"@type":"WebSite","@id":"https:\/\/www.arb.ro\/#website","url":"https:\/\/www.arb.ro\/","name":"Asocia\u021bia Rom\u00e2n\u0103 a B\u0103ncilor (ARB)","description":"Romanian Association of Banks","publisher":{"@id":"https:\/\/www.arb.ro\/#organization"},"potentialAction":[{"@type":"SearchAction","target":{"@type":"EntryPoint","urlTemplate":"https:\/\/www.arb.ro\/?s={search_term_string}"},"query-input":{"@type":"PropertyValueSpecification","valueRequired":true,"valueName":"search_term_string"}}],"inLanguage":"en-US"},{"@type":"Organization","@id":"https:\/\/www.arb.ro\/#organization","name":"Asocia\u021bia Rom\u00e2n\u0103 a B\u0103ncilor (ARB)","url":"https:\/\/www.arb.ro\/","logo":{"@type":"ImageObject","inLanguage":"en-US","@id":"https:\/\/www.arb.ro\/#\/schema\/logo\/image\/","url":"https:\/\/www.arb.ro\/wp-content\/uploads\/ARB_35_TRANSPARENCY.png","contentUrl":"https:\/\/www.arb.ro\/wp-content\/uploads\/ARB_35_TRANSPARENCY.png","width":1820,"height":1987,"caption":"Asocia\u021bia Rom\u00e2n\u0103 a B\u0103ncilor (ARB)"},"image":{"@id":"https:\/\/www.arb.ro\/#\/schema\/logo\/image\/"}}]}},"_links":{"self":[{"href":"https:\/\/www.arb.ro\/en\/wp-json\/wp\/v2\/pages\/766","targetHints":{"allow":["GET"]}}],"collection":[{"href":"https:\/\/www.arb.ro\/en\/wp-json\/wp\/v2\/pages"}],"about":[{"href":"https:\/\/www.arb.ro\/en\/wp-json\/wp\/v2\/types\/page"}],"author":[{"embeddable":true,"href":"https:\/\/www.arb.ro\/en\/wp-json\/wp\/v2\/users\/5"}],"replies":[{"embeddable":true,"href":"https:\/\/www.arb.ro\/en\/wp-json\/wp\/v2\/comments?post=766"}],"version-history":[{"count":0,"href":"https:\/\/www.arb.ro\/en\/wp-json\/wp\/v2\/pages\/766\/revisions"}],"up":[{"embeddable":true,"href":"https:\/\/www.arb.ro\/en\/wp-json\/wp\/v2\/pages\/123"}],"wp:attachment":[{"href":"https:\/\/www.arb.ro\/en\/wp-json\/wp\/v2\/media?parent=766"}],"curies":[{"name":"wp","href":"https:\/\/api.w.org\/{rel}","templated":true}]}}