{"id":652,"date":"2022-01-05T16:17:20","date_gmt":"2022-01-05T16:17:20","guid":{"rendered":"https:\/\/new.arb.ro\/?page_id=652"},"modified":"2024-11-25T10:47:08","modified_gmt":"2024-11-25T08:47:08","slug":"procedura-insolventei-personale","status":"publish","type":"page","link":"https:\/\/www.arb.ro\/en\/proiecte\/procedura-insolventei-personale\/","title":{"rendered":"The procedure for personal insolvency"},"content":{"rendered":"<div data-elementor-type=\"wp-page\" data-elementor-id=\"652\" class=\"elementor elementor-652\" data-elementor-post-type=\"page\">\n\t\t\t\t<div class=\"elementor-element elementor-element-3aad33b e-flex e-con-boxed e-con e-parent\" data-id=\"3aad33b\" data-element_type=\"container\" data-e-type=\"container\">\n\t\t\t\t\t<div class=\"e-con-inner\">\n\t\t\t\t<div class=\"elementor-element elementor-element-6325055 elementor-widget elementor-widget-heading\" data-id=\"6325055\" data-element_type=\"widget\" data-e-type=\"widget\" data-widget_type=\"heading.default\">\n\t\t\t\t<div class=\"elementor-widget-container\">\n\t\t\t\t\t<h2 class=\"elementor-heading-title elementor-size-default\">The procedure for personal insolvency<\/h2>\t\t\t\t<\/div>\n\t\t\t\t<\/div>\n\t\t\t\t<div class=\"elementor-element elementor-element-49f6d82 elementor-widget elementor-widget-text-editor\" data-id=\"49f6d82\" data-element_type=\"widget\" data-e-type=\"widget\" data-widget_type=\"text-editor.default\">\n\t\t\t\t<div class=\"elementor-widget-container\">\n\t\t\t\t\t\t\t\t\t<p>Good-faith debtors who are in financial difficulty can opt for the instituting of a collective procedure to recover their financial situation by debt settlement and, in certain cases, even with them keeping the assets, in conformity with Law no. 151\/2015 on personal insolvency procedures. The banking community from Romania has reiterated that the bringing forward of the date of the coming into force of Law no. 151\/2015 on personal insolvency procedures is necessary. Initially, the law was to come into force starting with 26 December 2015, but it was delayed by one year. Meanwhile, the authorities have contemplated the bringing forward of the date of the law on personal insolvency\u2019s coming into force.<\/p><p>The major advantage of the law on personal insolvency procedures compared to the law on the debt discharge pertains to the fact that after insolvency, the goodfaith debtor, a natural person, can keep possession of the immovable asset pledged as collateral for the loan he\/she applied for, while the debt discharge means the loss of the family residence\/ land.<\/p><p>In the insolvency procedure, the foreclosure is suspended and the interest\/ penalty calculation is stopped. During the entire insolvency procedure, the customer has available amounts that provide a reasonable living standard for the debtor and his\/her family, these levels being set by the Insolvency Commission or by the liquidator.<\/p><p>The personal insolvency law sets forth the coverage of the debtors\u2019 debts as much as possible, and it applies only to good-faith customers, natural persons, who are in financial difficulty and not to the customers who can pay but do not want to pay any longer.<\/p><p>The forms of the insolvency procedures applicable to the debtors holding traceable goods and revenues are the insolvency procedure based on a debt repayment plan and the insolvency procedure based on the liquidation of assets. The simplified insolvency procedure applies to the debtors who have no traceable goods and revenues and the total amount of their obligations stands at most 10 monthly minimal wages.<\/p><p>Within the insolvency procedure based on a debt reimbursement plan, debtors continue to own their collateral if they observe the reimbursement plan which sets forth the coverage of at least 50% of the total claims\u2019 value. In this procedure, customers can opt for the realization of immovable assets. The payment of the difference will be made by debtors via payments scheduled in the reimbursement plan. If the reimbursement plan of the procedure is not observed, then the insolvency procedure via the liquidation of assets and\/or foreclosure are\/is chosen.<\/p><p>Within the insolvency procedure by the liquidation of assets, after the liquidation of assets and the payment of creditors, the law court can decide that a debtor\u2019s debts are released.<\/p><p>Thus, if after one year since the date the procedure was closed, a debtor has covered at least 50% of the total claims\u2019 value, he\/she can benefit from his\/her debt release. The law court can dispose the debt release if after 3 years since the date the procedure was closed, a debtor has covered at least 40% of his\/her total claims\u2019 value, if, with all his\/her diligence, this debtor has not managed to cover at least 40% of his\/her total claims\u2019 value, in a period of 5 years since the date the procedure was closed. The special debt discharge can be applied also if, although all the actions stipulated by law were carried out, the procedure liquidator has not managed to realize a traceable good in a time period of 2 years. The respective immovable asset continues to be part of the debtor\u2019s patrimony, free of any encumbrance if no creditor exercises his right to opt for the taking over of this asset in exchange for his receivable and if the asset was not realized via foreclosure since the date the procedure was closed.<\/p><p>Of course, the way the law is enforced and its impact upon banks depend on the training of the staff in charge with its implementation. The training of the insolvency commissions\u2019 staff is one of the powers of the central Insolvency Commission but all the stakeholders could contribute with professional trainers for the appropriate training of the insolvency commissions\u2019 employees.<\/p><p>The Romanian Association of Banks supports the application of this solution of personal insolvency in the case of good-faith debtors who are in financial difficulty, as, in this way, the stability and predictability of the legal framework and of lending relations are provided, while moral hazard and the negative consequences for consumers, the banking sector and the economy in general are avoided.<\/p><p>The banking community reiterates its opinion that the law on datio in solutum puts to danger the mortgage credit market with extreme consequences for young families and for any young person in general who will feel that their access to lending is drastically restricted. The passing of this law on debt discharge, where loans with property as collateral are affected by the giving of this collateral in lieu of payment, determines banks \u2013 for the loan products to be launched in the future \u2013 to significantly tighten their lending terms. And this is so not because banks want that but rather because they are forced by their operating manner and because they have to take into account this risk as well. The advance payment requested for a loan has gone up and loans\u2019 costs will go up as well. The Romanians with limited financial resources will find it impossible to buy homes. A first consequence of the residential building supply going up on the real estate market will be prices going down. Following the likely drop in the residence home process \u2013 in a country of home owners \u2013 Romanians\u2019 wealth will shrink. The law will have, by restricting access to credit, a negative impact horizontally upon real estate developers, the construction industry, the construction materials\u2019 industry and the number of real estate transactions.<\/p><p>The adopted law induces systemic risks into the banking sector of Romania, having impact upon its financial stability by affecting banks\u2019 solvency with potential consequences upon depositors. For existing investors, the coherence of the legislative act and the predictability of the business environment are essential, and when these conditions are not provided, investors are somehow obliged to migrate to markets offering more stability from all points of view.<\/p><p>Romania\u2019s development strategy should include tactics to mitigate deficits compared to European environments, including lending to the real economy. The lessons of the crisis should have been learnt by now by banks and customers alike. Accountable lending is an absolute priority and it must be committed to by banks and customers, as it is the key to economic development involving the economy horizontally.<\/p>\t\t\t\t\t\t\t\t<\/div>\n\t\t\t\t<\/div>\n\t\t\t\t\t<\/div>\n\t\t\t\t<\/div>\n\t\t\t\t<\/div>","protected":false},"excerpt":{"rendered":"<p>Debitorii de bun\u0103 credin\u0163\u0103 care \u00eent\u00e2mpin\u0103 dificult\u0103\u0163i financiare pot opta pentru instituirea unei proceduri colective pentru redresarea situa\u0163iei lor financiare prin stingerea datoriilor \u0219i, \u00een anumite situa\u0163ii, chiar \u0219i cu p\u0103strarea bunurilor, conform Legii 151\/2015 privind procedura insolven\u0163ei persoanelor fizice.<\/p>","protected":false},"author":5,"featured_media":746,"parent":9,"menu_order":0,"comment_status":"closed","ping_status":"closed","template":"","meta":{"inline_featured_image":false,"footnotes":""},"class_list":["post-652","page","type-page","status-publish","has-post-thumbnail","hentry"],"acf":[],"yoast_head":"<!-- This site is optimized with the Yoast SEO plugin v27.4 - https:\/\/yoast.com\/product\/yoast-seo-wordpress\/ -->\n<title>Procedura insolven\u021bei personale - Asocia\u021bia Rom\u00e2n\u0103 a B\u0103ncilor (ARB)<\/title>\n<meta name=\"robots\" content=\"index, follow, max-snippet:-1, max-image-preview:large, max-video-preview:-1\" \/>\n<link rel=\"canonical\" href=\"https:\/\/www.arb.ro\/en\/proiecte\/procedura-insolventei-personale\/\" \/>\n<meta property=\"og:locale\" content=\"en_US\" \/>\n<meta property=\"og:type\" content=\"article\" \/>\n<meta property=\"og:title\" content=\"Procedura insolven\u021bei personale - Asocia\u021bia Rom\u00e2n\u0103 a B\u0103ncilor (ARB)\" \/>\n<meta property=\"og:description\" content=\"Debitorii de bun\u0103 credin\u0163\u0103 care \u00eent\u00e2mpin\u0103 dificult\u0103\u0163i financiare pot opta pentru instituirea unei proceduri colective pentru redresarea situa\u0163iei lor financiare prin stingerea datoriilor \u0219i, \u00een anumite situa\u0163ii, chiar \u0219i cu p\u0103strarea bunurilor, conform Legii 151\/2015 privind procedura insolven\u0163ei persoanelor fizice.\" \/>\n<meta property=\"og:url\" content=\"https:\/\/www.arb.ro\/en\/proiecte\/procedura-insolventei-personale\/\" \/>\n<meta property=\"og:site_name\" content=\"Asocia\u021bia Rom\u00e2n\u0103 a B\u0103ncilor (ARB)\" \/>\n<meta property=\"article:modified_time\" content=\"2024-11-25T08:47:08+00:00\" \/>\n<meta property=\"og:image\" content=\"https:\/\/www.arb.ro\/wp-content\/uploads\/2022\/01\/businessman-hand-stop-dominoes-continuous-toppled-risk-with-copyspace-scaled.jpg\" \/>\n\t<meta property=\"og:image:width\" content=\"2560\" \/>\n\t<meta property=\"og:image:height\" content=\"1320\" \/>\n\t<meta property=\"og:image:type\" content=\"image\/jpeg\" \/>\n<meta name=\"twitter:card\" content=\"summary_large_image\" \/>\n<meta name=\"twitter:label1\" content=\"Est. reading time\" \/>\n\t<meta name=\"twitter:data1\" content=\"6 minutes\" \/>\n<script type=\"application\/ld+json\" class=\"yoast-schema-graph\">{\"@context\":\"https:\\\/\\\/schema.org\",\"@graph\":[{\"@type\":\"WebPage\",\"@id\":\"https:\\\/\\\/www.arb.ro\\\/en\\\/proiecte\\\/procedura-insolventei-personale\\\/\",\"url\":\"https:\\\/\\\/www.arb.ro\\\/en\\\/proiecte\\\/procedura-insolventei-personale\\\/\",\"name\":\"Procedura insolven\u021bei personale - Asocia\u021bia Rom\u00e2n\u0103 a B\u0103ncilor (ARB)\",\"isPartOf\":{\"@id\":\"https:\\\/\\\/www.arb.ro\\\/#website\"},\"primaryImageOfPage\":{\"@id\":\"https:\\\/\\\/www.arb.ro\\\/en\\\/proiecte\\\/procedura-insolventei-personale\\\/#primaryimage\"},\"image\":{\"@id\":\"https:\\\/\\\/www.arb.ro\\\/en\\\/proiecte\\\/procedura-insolventei-personale\\\/#primaryimage\"},\"thumbnailUrl\":\"https:\\\/\\\/www.arb.ro\\\/wp-content\\\/uploads\\\/2022\\\/01\\\/businessman-hand-stop-dominoes-continuous-toppled-risk-with-copyspace-scaled.jpg\",\"datePublished\":\"2022-01-05T16:17:20+00:00\",\"dateModified\":\"2024-11-25T08:47:08+00:00\",\"breadcrumb\":{\"@id\":\"https:\\\/\\\/www.arb.ro\\\/en\\\/proiecte\\\/procedura-insolventei-personale\\\/#breadcrumb\"},\"inLanguage\":\"en-US\",\"potentialAction\":[{\"@type\":\"ReadAction\",\"target\":[\"https:\\\/\\\/www.arb.ro\\\/en\\\/proiecte\\\/procedura-insolventei-personale\\\/\"]}]},{\"@type\":\"ImageObject\",\"inLanguage\":\"en-US\",\"@id\":\"https:\\\/\\\/www.arb.ro\\\/en\\\/proiecte\\\/procedura-insolventei-personale\\\/#primaryimage\",\"url\":\"https:\\\/\\\/www.arb.ro\\\/wp-content\\\/uploads\\\/2022\\\/01\\\/businessman-hand-stop-dominoes-continuous-toppled-risk-with-copyspace-scaled.jpg\",\"contentUrl\":\"https:\\\/\\\/www.arb.ro\\\/wp-content\\\/uploads\\\/2022\\\/01\\\/businessman-hand-stop-dominoes-continuous-toppled-risk-with-copyspace-scaled.jpg\",\"width\":2560,\"height\":1320},{\"@type\":\"BreadcrumbList\",\"@id\":\"https:\\\/\\\/www.arb.ro\\\/en\\\/proiecte\\\/procedura-insolventei-personale\\\/#breadcrumb\",\"itemListElement\":[{\"@type\":\"ListItem\",\"position\":1,\"name\":\"Home\",\"item\":\"https:\\\/\\\/www.arb.ro\\\/\"},{\"@type\":\"ListItem\",\"position\":2,\"name\":\"Proiecte\",\"item\":\"https:\\\/\\\/www.arb.ro\\\/proiecte\\\/\"},{\"@type\":\"ListItem\",\"position\":3,\"name\":\"Procedura insolven\u021bei personale\"}]},{\"@type\":\"WebSite\",\"@id\":\"https:\\\/\\\/www.arb.ro\\\/#website\",\"url\":\"https:\\\/\\\/www.arb.ro\\\/\",\"name\":\"Asocia\u021bia Rom\u00e2n\u0103 a B\u0103ncilor (ARB)\",\"description\":\"Asocia\u021bia Rom\u00e2n\u0103 a B\u0103ncilor\",\"publisher\":{\"@id\":\"https:\\\/\\\/www.arb.ro\\\/#organization\"},\"potentialAction\":[{\"@type\":\"SearchAction\",\"target\":{\"@type\":\"EntryPoint\",\"urlTemplate\":\"https:\\\/\\\/www.arb.ro\\\/?s={search_term_string}\"},\"query-input\":{\"@type\":\"PropertyValueSpecification\",\"valueRequired\":true,\"valueName\":\"search_term_string\"}}],\"inLanguage\":\"en-US\"},{\"@type\":\"Organization\",\"@id\":\"https:\\\/\\\/www.arb.ro\\\/#organization\",\"name\":\"Asocia\u021bia Rom\u00e2n\u0103 a B\u0103ncilor (ARB)\",\"url\":\"https:\\\/\\\/www.arb.ro\\\/\",\"logo\":{\"@type\":\"ImageObject\",\"inLanguage\":\"en-US\",\"@id\":\"https:\\\/\\\/www.arb.ro\\\/#\\\/schema\\\/logo\\\/image\\\/\",\"url\":\"https:\\\/\\\/www.arb.ro\\\/wp-content\\\/uploads\\\/ARB_35_TRANSPARENCY.png\",\"contentUrl\":\"https:\\\/\\\/www.arb.ro\\\/wp-content\\\/uploads\\\/ARB_35_TRANSPARENCY.png\",\"width\":1820,\"height\":1987,\"caption\":\"Asocia\u021bia Rom\u00e2n\u0103 a B\u0103ncilor (ARB)\"},\"image\":{\"@id\":\"https:\\\/\\\/www.arb.ro\\\/#\\\/schema\\\/logo\\\/image\\\/\"}}]}<\/script>\n<!-- \/ Yoast SEO plugin. -->","yoast_head_json":{"title":"Procedura insolven\u021bei personale - Asocia\u021bia Rom\u00e2n\u0103 a B\u0103ncilor (ARB)","robots":{"index":"index","follow":"follow","max-snippet":"max-snippet:-1","max-image-preview":"max-image-preview:large","max-video-preview":"max-video-preview:-1"},"canonical":"https:\/\/www.arb.ro\/en\/proiecte\/procedura-insolventei-personale\/","og_locale":"en_US","og_type":"article","og_title":"Procedura insolven\u021bei personale - Asocia\u021bia Rom\u00e2n\u0103 a B\u0103ncilor (ARB)","og_description":"Debitorii de bun\u0103 credin\u0163\u0103 care \u00eent\u00e2mpin\u0103 dificult\u0103\u0163i financiare pot opta pentru instituirea unei proceduri colective pentru redresarea situa\u0163iei lor financiare prin stingerea datoriilor \u0219i, \u00een anumite situa\u0163ii, chiar \u0219i cu p\u0103strarea bunurilor, conform Legii 151\/2015 privind procedura insolven\u0163ei persoanelor fizice.","og_url":"https:\/\/www.arb.ro\/en\/proiecte\/procedura-insolventei-personale\/","og_site_name":"Asocia\u021bia Rom\u00e2n\u0103 a B\u0103ncilor (ARB)","article_modified_time":"2024-11-25T08:47:08+00:00","og_image":[{"width":2560,"height":1320,"url":"https:\/\/www.arb.ro\/wp-content\/uploads\/2022\/01\/businessman-hand-stop-dominoes-continuous-toppled-risk-with-copyspace-scaled.jpg","type":"image\/jpeg"}],"twitter_card":"summary_large_image","twitter_misc":{"Est. reading time":"6 minutes"},"schema":{"@context":"https:\/\/schema.org","@graph":[{"@type":"WebPage","@id":"https:\/\/www.arb.ro\/en\/proiecte\/procedura-insolventei-personale\/","url":"https:\/\/www.arb.ro\/en\/proiecte\/procedura-insolventei-personale\/","name":"Procedura insolven\u021bei personale - Asocia\u021bia Rom\u00e2n\u0103 a B\u0103ncilor (ARB)","isPartOf":{"@id":"https:\/\/www.arb.ro\/#website"},"primaryImageOfPage":{"@id":"https:\/\/www.arb.ro\/en\/proiecte\/procedura-insolventei-personale\/#primaryimage"},"image":{"@id":"https:\/\/www.arb.ro\/en\/proiecte\/procedura-insolventei-personale\/#primaryimage"},"thumbnailUrl":"https:\/\/www.arb.ro\/wp-content\/uploads\/2022\/01\/businessman-hand-stop-dominoes-continuous-toppled-risk-with-copyspace-scaled.jpg","datePublished":"2022-01-05T16:17:20+00:00","dateModified":"2024-11-25T08:47:08+00:00","breadcrumb":{"@id":"https:\/\/www.arb.ro\/en\/proiecte\/procedura-insolventei-personale\/#breadcrumb"},"inLanguage":"en-US","potentialAction":[{"@type":"ReadAction","target":["https:\/\/www.arb.ro\/en\/proiecte\/procedura-insolventei-personale\/"]}]},{"@type":"ImageObject","inLanguage":"en-US","@id":"https:\/\/www.arb.ro\/en\/proiecte\/procedura-insolventei-personale\/#primaryimage","url":"https:\/\/www.arb.ro\/wp-content\/uploads\/2022\/01\/businessman-hand-stop-dominoes-continuous-toppled-risk-with-copyspace-scaled.jpg","contentUrl":"https:\/\/www.arb.ro\/wp-content\/uploads\/2022\/01\/businessman-hand-stop-dominoes-continuous-toppled-risk-with-copyspace-scaled.jpg","width":2560,"height":1320},{"@type":"BreadcrumbList","@id":"https:\/\/www.arb.ro\/en\/proiecte\/procedura-insolventei-personale\/#breadcrumb","itemListElement":[{"@type":"ListItem","position":1,"name":"Home","item":"https:\/\/www.arb.ro\/"},{"@type":"ListItem","position":2,"name":"Proiecte","item":"https:\/\/www.arb.ro\/proiecte\/"},{"@type":"ListItem","position":3,"name":"Procedura insolven\u021bei personale"}]},{"@type":"WebSite","@id":"https:\/\/www.arb.ro\/#website","url":"https:\/\/www.arb.ro\/","name":"Asocia\u021bia Rom\u00e2n\u0103 a B\u0103ncilor (ARB)","description":"Romanian Association of Banks","publisher":{"@id":"https:\/\/www.arb.ro\/#organization"},"potentialAction":[{"@type":"SearchAction","target":{"@type":"EntryPoint","urlTemplate":"https:\/\/www.arb.ro\/?s={search_term_string}"},"query-input":{"@type":"PropertyValueSpecification","valueRequired":true,"valueName":"search_term_string"}}],"inLanguage":"en-US"},{"@type":"Organization","@id":"https:\/\/www.arb.ro\/#organization","name":"Asocia\u021bia Rom\u00e2n\u0103 a B\u0103ncilor (ARB)","url":"https:\/\/www.arb.ro\/","logo":{"@type":"ImageObject","inLanguage":"en-US","@id":"https:\/\/www.arb.ro\/#\/schema\/logo\/image\/","url":"https:\/\/www.arb.ro\/wp-content\/uploads\/ARB_35_TRANSPARENCY.png","contentUrl":"https:\/\/www.arb.ro\/wp-content\/uploads\/ARB_35_TRANSPARENCY.png","width":1820,"height":1987,"caption":"Asocia\u021bia Rom\u00e2n\u0103 a B\u0103ncilor (ARB)"},"image":{"@id":"https:\/\/www.arb.ro\/#\/schema\/logo\/image\/"}}]}},"_links":{"self":[{"href":"https:\/\/www.arb.ro\/en\/wp-json\/wp\/v2\/pages\/652","targetHints":{"allow":["GET"]}}],"collection":[{"href":"https:\/\/www.arb.ro\/en\/wp-json\/wp\/v2\/pages"}],"about":[{"href":"https:\/\/www.arb.ro\/en\/wp-json\/wp\/v2\/types\/page"}],"author":[{"embeddable":true,"href":"https:\/\/www.arb.ro\/en\/wp-json\/wp\/v2\/users\/5"}],"replies":[{"embeddable":true,"href":"https:\/\/www.arb.ro\/en\/wp-json\/wp\/v2\/comments?post=652"}],"version-history":[{"count":0,"href":"https:\/\/www.arb.ro\/en\/wp-json\/wp\/v2\/pages\/652\/revisions"}],"up":[{"embeddable":true,"href":"https:\/\/www.arb.ro\/en\/wp-json\/wp\/v2\/pages\/9"}],"wp:featuredmedia":[{"embeddable":true,"href":"https:\/\/www.arb.ro\/en\/wp-json\/wp\/v2\/media\/746"}],"wp:attachment":[{"href":"https:\/\/www.arb.ro\/en\/wp-json\/wp\/v2\/media?parent=652"}],"curies":[{"name":"wp","href":"https:\/\/api.w.org\/{rel}","templated":true}]}}