{"id":650,"date":"2025-01-03T16:30:39","date_gmt":"2025-01-03T14:30:39","guid":{"rendered":"https:\/\/new.arb.ro\/?page_id=650"},"modified":"2025-01-03T16:35:39","modified_gmt":"2025-01-03T14:35:39","slug":"asigurarea-utilizatorilor","status":"publish","type":"page","link":"https:\/\/www.arb.ro\/en\/proiecte\/asigurarea-utilizatorilor\/","title":{"rendered":"User protection"},"content":{"rendered":"<div data-elementor-type=\"wp-page\" data-elementor-id=\"650\" class=\"elementor elementor-650\" data-elementor-post-type=\"page\">\n\t\t\t\t<div class=\"elementor-element elementor-element-62b9bd90 e-flex e-con-boxed e-con e-parent\" data-id=\"62b9bd90\" data-element_type=\"container\" data-e-type=\"container\">\n\t\t\t\t\t<div class=\"e-con-inner\">\n\t\t\t\t<div class=\"elementor-element elementor-element-89d6147 elementor-widget elementor-widget-heading\" data-id=\"89d6147\" data-element_type=\"widget\" data-e-type=\"widget\" data-widget_type=\"heading.default\">\n\t\t\t\t<div class=\"elementor-widget-container\">\n\t\t\t\t\t<h2 class=\"elementor-heading-title elementor-size-default\">User protection<\/h2>\t\t\t\t<\/div>\n\t\t\t\t<\/div>\n\t\t\t\t\t<\/div>\n\t\t\t\t<\/div>\n\t\t<div class=\"elementor-element elementor-element-87cf069 e-flex e-con-boxed e-con e-parent\" data-id=\"87cf069\" data-element_type=\"container\" data-e-type=\"container\">\n\t\t\t\t\t<div class=\"e-con-inner\">\n\t\t\t\t<div class=\"elementor-element elementor-element-03e8e90 elementor-widget elementor-widget-text-editor\" data-id=\"03e8e90\" data-element_type=\"widget\" data-e-type=\"widget\" data-widget_type=\"text-editor.default\">\n\t\t\t\t<div class=\"elementor-widget-container\">\n\t\t\t\t\t\t\t\t\t<p>The banking community has been concerned about the consequences of fraud related to forgery and to identity theft as well as to the use of forgery in the case of labour documents. We continue to state the necessity of implementing some projects having as aim the protection of good-faith customers and the avoidance of incidents which could affect the banking sector\u2019s image and stability.<\/p>\n<p>The Romanian Association of Banks (RAB) proposes to the authorities a set of concrete institutional collaboration manners with a view to provide efficient legal protection for the users of bank products and services, needless to say with the customers\u2019 previous and express consent.<\/p>\n<p>ARB manifest\u0103 un interes deosebit pentru continuarea demersurilor pentru finalizarea proiectului privind verificarea autenticit\u0103\u021bii documentelor de identitate prezentate de clien\u021bii b\u0103ncilor pentru ob\u021binerea diverselor produse bancare \u0219i considerate suspecte. Verificarea autenticit\u0103\u021bii acestora \u00een baza de date a Direc\u021biei Generale pentru Eviden\u021ba Persoanelor din cadrul Ministerului Afacerilor Interne vizeaz\u0103 protec\u021bia intereselor clien\u021bilor \u0219i b\u0103ncilor prin eliminarea fraudelor de fals \u0219i furt de identitate. Evaluarea impactului unor astfel de ac\u021biuni ar trebui s\u0103 conduc\u0103 la oferirea unei protec\u021bii sporite a clien\u021bilor de bun\u0103 credin\u021b\u0103 cu consim\u021b\u0103m\u00e2ntul expres prealabil al acestora.<\/p>\n<p>Moreover, the setting up of a formal framework for improving lending by mitigating fraud risk and a smoother operational lending process has been one of the main concerns of the banking community.<\/p>\n<p><img fetchpriority=\"high\" decoding=\"async\" class=\"aligncenter wp-image-2645735 size-full\" src=\"https:\/\/new.arb.ro\/wp-content\/uploads\/arb-Asigurarea-utilizatorilor.jpg\" alt=\"\" width=\"630\" height=\"435\" srcset=\"https:\/\/www.arb.ro\/wp-content\/uploads\/arb-Asigurarea-utilizatorilor.jpg 630w, https:\/\/www.arb.ro\/wp-content\/uploads\/arb-Asigurarea-utilizatorilor-300x207.jpg 300w\" sizes=\"(max-width: 630px) 100vw, 630px\" \/><\/p>\n<p>On February 1, 2022, it was published the Order of the president of the National Agency for Fiscal Administration no. 146\/2022 for approving the conditions for providing information, the framework model of the collaboration protocol, the procedure regarding the exchange of information between the National Agency for Fiscal Administration and the signatory legal persons of private law, as well as the access methods in dedicated information systems according to art. . 70 ^ 1 para. (1) lit. b) of law no. 207\/2015 on the Fiscal Procedure Code.<\/p>\n<p>The text of the Order establishes the new conditions that legal entities must meet for the safe keeping of personal data, subject to the annual audit of security IT systems by an independent external auditor.<\/p>\n<p>We remind you that the new collaboration Protocol published as an annex to Order no. 146\/2022 maintains the previous provisions by which the banks can verify the revenues of loan applicants natural persons and the financial statements of legal persons (with the applicants\u2019 consent). This document targets the improvement of lending by mitigating fraud risk and a smoother operational lending process, following the simplification of the documentation requested from applicants, by providing an adequate mechanism leading to the population\u2019s more intensive usage of bank products and services and preventing and combating fiscal evasion, by delivering the information held by each signatory in a prompt manner.<\/p>\n<p>In order to query fiscal information, credit institutions, signatories of the Protocol, request from applicants the signing of a written \u201cAgreement\u201d, on paper or in electronic format, document which observes the law. These agreements include persons\u2019 identification data, their contact data, as well as an express mention regarding the validity of an Agreement, i.e. 5 business days since the date the respective agreement was signed by a taxpayer. We must mention that RAB does not process the personal data related to this protocol belonging to third parties, the customers; this data is processed by the bank where the respective customer has his\/her account.<\/p>\n<p>The previously collaboration protocol was amended and supplemented with provisions related to the protection of fiscal secrecy, as well as for the case of an online request of a natural person, to obtain information and request consent.<\/p>\n<p>Noul protocol de colaborare dintre Agen\u0163ia Na\u0163ional\u0103 de Administrare Fiscal\u0103 \u015fi institu\u0163iile de credit a intrat \u00een vigoare \u00eencep\u00e2nd cu data de 16 august 2022.<\/p>\t\t\t\t\t\t\t\t<\/div>\n\t\t\t\t<\/div>\n\t\t\t\t\t<\/div>\n\t\t\t\t<\/div>\n\t\t\t\t<\/div>","protected":false},"excerpt":{"rendered":"<p>The Romanian Association of Banks (RAB) proposes to the authorities a set of concrete institutional collaboration manners with a view to provide efficient legal protection for the users of bank products and services, needless to say with the customers\u2019 previous and express consent.<\/p>","protected":false},"author":5,"featured_media":749,"parent":9,"menu_order":0,"comment_status":"closed","ping_status":"closed","template":"","meta":{"inline_featured_image":false,"footnotes":""},"class_list":["post-650","page","type-page","status-publish","has-post-thumbnail","hentry"],"acf":[],"yoast_head":"<!-- This site is optimized with the Yoast SEO plugin v27.3 - https:\/\/yoast.com\/product\/yoast-seo-wordpress\/ -->\n<title>Asigurarea utilizatorilor - Asocia\u021bia Rom\u00e2n\u0103 a B\u0103ncilor (ARB)<\/title>\n<meta name=\"robots\" content=\"index, follow, max-snippet:-1, max-image-preview:large, max-video-preview:-1\" \/>\n<link rel=\"canonical\" href=\"https:\/\/www.arb.ro\/en\/proiecte\/asigurarea-utilizatorilor\/\" \/>\n<meta property=\"og:locale\" content=\"en_US\" \/>\n<meta property=\"og:type\" content=\"article\" \/>\n<meta property=\"og:title\" content=\"Asigurarea utilizatorilor - Asocia\u021bia Rom\u00e2n\u0103 a B\u0103ncilor (ARB)\" \/>\n<meta property=\"og:description\" content=\"Asocia\u021bia Rom\u00e2n\u0103 a B\u0103ncilor propune autorit\u0103\u021bilor o serie de modalit\u0103\u021bi concrete de colaborare institu\u021bional\u0103 pentru asigurarea unei protec\u021bii juridice eficiente a utilizatorilor de produse \u0219i servicii bancare, evident cu consim\u021b\u0103m\u00e2ntul expres prealabil al clien\u021bilor.\" \/>\n<meta property=\"og:url\" content=\"https:\/\/www.arb.ro\/en\/proiecte\/asigurarea-utilizatorilor\/\" \/>\n<meta property=\"og:site_name\" content=\"Asocia\u021bia Rom\u00e2n\u0103 a B\u0103ncilor (ARB)\" \/>\n<meta property=\"article:modified_time\" content=\"2025-01-03T14:35:39+00:00\" \/>\n<meta property=\"og:image\" content=\"https:\/\/www.arb.ro\/wp-content\/uploads\/2022\/01\/ARB_Asigurarea-protectiei-utilizatorilor-scaled.jpg\" \/>\n\t<meta property=\"og:image:width\" content=\"2560\" \/>\n\t<meta property=\"og:image:height\" content=\"1482\" \/>\n\t<meta property=\"og:image:type\" content=\"image\/jpeg\" \/>\n<meta name=\"twitter:card\" content=\"summary_large_image\" \/>\n<meta name=\"twitter:label1\" content=\"Est. reading time\" \/>\n\t<meta name=\"twitter:data1\" content=\"3 minutes\" \/>\n<script type=\"application\/ld+json\" class=\"yoast-schema-graph\">{\"@context\":\"https:\\\/\\\/schema.org\",\"@graph\":[{\"@type\":\"WebPage\",\"@id\":\"https:\\\/\\\/www.arb.ro\\\/en\\\/proiecte\\\/asigurarea-utilizatorilor\\\/\",\"url\":\"https:\\\/\\\/www.arb.ro\\\/en\\\/proiecte\\\/asigurarea-utilizatorilor\\\/\",\"name\":\"Asigurarea utilizatorilor - Asocia\u021bia Rom\u00e2n\u0103 a B\u0103ncilor (ARB)\",\"isPartOf\":{\"@id\":\"https:\\\/\\\/www.arb.ro\\\/#website\"},\"primaryImageOfPage\":{\"@id\":\"https:\\\/\\\/www.arb.ro\\\/en\\\/proiecte\\\/asigurarea-utilizatorilor\\\/#primaryimage\"},\"image\":{\"@id\":\"https:\\\/\\\/www.arb.ro\\\/en\\\/proiecte\\\/asigurarea-utilizatorilor\\\/#primaryimage\"},\"thumbnailUrl\":\"https:\\\/\\\/www.arb.ro\\\/wp-content\\\/uploads\\\/2022\\\/01\\\/ARB_Asigurarea-protectiei-utilizatorilor-scaled.jpg\",\"datePublished\":\"2025-01-03T14:30:39+00:00\",\"dateModified\":\"2025-01-03T14:35:39+00:00\",\"breadcrumb\":{\"@id\":\"https:\\\/\\\/www.arb.ro\\\/en\\\/proiecte\\\/asigurarea-utilizatorilor\\\/#breadcrumb\"},\"inLanguage\":\"en-US\",\"potentialAction\":[{\"@type\":\"ReadAction\",\"target\":[\"https:\\\/\\\/www.arb.ro\\\/en\\\/proiecte\\\/asigurarea-utilizatorilor\\\/\"]}]},{\"@type\":\"ImageObject\",\"inLanguage\":\"en-US\",\"@id\":\"https:\\\/\\\/www.arb.ro\\\/en\\\/proiecte\\\/asigurarea-utilizatorilor\\\/#primaryimage\",\"url\":\"https:\\\/\\\/www.arb.ro\\\/wp-content\\\/uploads\\\/2022\\\/01\\\/ARB_Asigurarea-protectiei-utilizatorilor-scaled.jpg\",\"contentUrl\":\"https:\\\/\\\/www.arb.ro\\\/wp-content\\\/uploads\\\/2022\\\/01\\\/ARB_Asigurarea-protectiei-utilizatorilor-scaled.jpg\",\"width\":2560,\"height\":1482},{\"@type\":\"BreadcrumbList\",\"@id\":\"https:\\\/\\\/www.arb.ro\\\/en\\\/proiecte\\\/asigurarea-utilizatorilor\\\/#breadcrumb\",\"itemListElement\":[{\"@type\":\"ListItem\",\"position\":1,\"name\":\"Home\",\"item\":\"https:\\\/\\\/www.arb.ro\\\/\"},{\"@type\":\"ListItem\",\"position\":2,\"name\":\"Proiecte\",\"item\":\"https:\\\/\\\/www.arb.ro\\\/proiecte\\\/\"},{\"@type\":\"ListItem\",\"position\":3,\"name\":\"Asigurarea utilizatorilor\"}]},{\"@type\":\"WebSite\",\"@id\":\"https:\\\/\\\/www.arb.ro\\\/#website\",\"url\":\"https:\\\/\\\/www.arb.ro\\\/\",\"name\":\"Asocia\u021bia Rom\u00e2n\u0103 a B\u0103ncilor (ARB)\",\"description\":\"Asocia\u021bia Rom\u00e2n\u0103 a B\u0103ncilor\",\"publisher\":{\"@id\":\"https:\\\/\\\/www.arb.ro\\\/#organization\"},\"potentialAction\":[{\"@type\":\"SearchAction\",\"target\":{\"@type\":\"EntryPoint\",\"urlTemplate\":\"https:\\\/\\\/www.arb.ro\\\/?s={search_term_string}\"},\"query-input\":{\"@type\":\"PropertyValueSpecification\",\"valueRequired\":true,\"valueName\":\"search_term_string\"}}],\"inLanguage\":\"en-US\"},{\"@type\":\"Organization\",\"@id\":\"https:\\\/\\\/www.arb.ro\\\/#organization\",\"name\":\"Asocia\u021bia Rom\u00e2n\u0103 a B\u0103ncilor (ARB)\",\"url\":\"https:\\\/\\\/www.arb.ro\\\/\",\"logo\":{\"@type\":\"ImageObject\",\"inLanguage\":\"en-US\",\"@id\":\"https:\\\/\\\/www.arb.ro\\\/#\\\/schema\\\/logo\\\/image\\\/\",\"url\":\"https:\\\/\\\/www.arb.ro\\\/wp-content\\\/uploads\\\/ARB_35_TRANSPARENCY.png\",\"contentUrl\":\"https:\\\/\\\/www.arb.ro\\\/wp-content\\\/uploads\\\/ARB_35_TRANSPARENCY.png\",\"width\":1820,\"height\":1987,\"caption\":\"Asocia\u021bia Rom\u00e2n\u0103 a B\u0103ncilor (ARB)\"},\"image\":{\"@id\":\"https:\\\/\\\/www.arb.ro\\\/#\\\/schema\\\/logo\\\/image\\\/\"}}]}<\/script>\n<!-- \/ Yoast SEO plugin. -->","yoast_head_json":{"title":"Asigurarea utilizatorilor - Asocia\u021bia Rom\u00e2n\u0103 a B\u0103ncilor (ARB)","robots":{"index":"index","follow":"follow","max-snippet":"max-snippet:-1","max-image-preview":"max-image-preview:large","max-video-preview":"max-video-preview:-1"},"canonical":"https:\/\/www.arb.ro\/en\/proiecte\/asigurarea-utilizatorilor\/","og_locale":"en_US","og_type":"article","og_title":"Asigurarea utilizatorilor - Asocia\u021bia Rom\u00e2n\u0103 a B\u0103ncilor (ARB)","og_description":"Asocia\u021bia Rom\u00e2n\u0103 a B\u0103ncilor propune autorit\u0103\u021bilor o serie de modalit\u0103\u021bi concrete de colaborare institu\u021bional\u0103 pentru asigurarea unei protec\u021bii juridice eficiente a utilizatorilor de produse \u0219i servicii bancare, evident cu consim\u021b\u0103m\u00e2ntul expres prealabil al clien\u021bilor.","og_url":"https:\/\/www.arb.ro\/en\/proiecte\/asigurarea-utilizatorilor\/","og_site_name":"Asocia\u021bia Rom\u00e2n\u0103 a B\u0103ncilor (ARB)","article_modified_time":"2025-01-03T14:35:39+00:00","og_image":[{"width":2560,"height":1482,"url":"https:\/\/www.arb.ro\/wp-content\/uploads\/2022\/01\/ARB_Asigurarea-protectiei-utilizatorilor-scaled.jpg","type":"image\/jpeg"}],"twitter_card":"summary_large_image","twitter_misc":{"Est. reading time":"3 minutes"},"schema":{"@context":"https:\/\/schema.org","@graph":[{"@type":"WebPage","@id":"https:\/\/www.arb.ro\/en\/proiecte\/asigurarea-utilizatorilor\/","url":"https:\/\/www.arb.ro\/en\/proiecte\/asigurarea-utilizatorilor\/","name":"Asigurarea utilizatorilor - Asocia\u021bia Rom\u00e2n\u0103 a B\u0103ncilor (ARB)","isPartOf":{"@id":"https:\/\/www.arb.ro\/#website"},"primaryImageOfPage":{"@id":"https:\/\/www.arb.ro\/en\/proiecte\/asigurarea-utilizatorilor\/#primaryimage"},"image":{"@id":"https:\/\/www.arb.ro\/en\/proiecte\/asigurarea-utilizatorilor\/#primaryimage"},"thumbnailUrl":"https:\/\/www.arb.ro\/wp-content\/uploads\/2022\/01\/ARB_Asigurarea-protectiei-utilizatorilor-scaled.jpg","datePublished":"2025-01-03T14:30:39+00:00","dateModified":"2025-01-03T14:35:39+00:00","breadcrumb":{"@id":"https:\/\/www.arb.ro\/en\/proiecte\/asigurarea-utilizatorilor\/#breadcrumb"},"inLanguage":"en-US","potentialAction":[{"@type":"ReadAction","target":["https:\/\/www.arb.ro\/en\/proiecte\/asigurarea-utilizatorilor\/"]}]},{"@type":"ImageObject","inLanguage":"en-US","@id":"https:\/\/www.arb.ro\/en\/proiecte\/asigurarea-utilizatorilor\/#primaryimage","url":"https:\/\/www.arb.ro\/wp-content\/uploads\/2022\/01\/ARB_Asigurarea-protectiei-utilizatorilor-scaled.jpg","contentUrl":"https:\/\/www.arb.ro\/wp-content\/uploads\/2022\/01\/ARB_Asigurarea-protectiei-utilizatorilor-scaled.jpg","width":2560,"height":1482},{"@type":"BreadcrumbList","@id":"https:\/\/www.arb.ro\/en\/proiecte\/asigurarea-utilizatorilor\/#breadcrumb","itemListElement":[{"@type":"ListItem","position":1,"name":"Home","item":"https:\/\/www.arb.ro\/"},{"@type":"ListItem","position":2,"name":"Proiecte","item":"https:\/\/www.arb.ro\/proiecte\/"},{"@type":"ListItem","position":3,"name":"Asigurarea utilizatorilor"}]},{"@type":"WebSite","@id":"https:\/\/www.arb.ro\/#website","url":"https:\/\/www.arb.ro\/","name":"Asocia\u021bia Rom\u00e2n\u0103 a B\u0103ncilor (ARB)","description":"Romanian Association of Banks","publisher":{"@id":"https:\/\/www.arb.ro\/#organization"},"potentialAction":[{"@type":"SearchAction","target":{"@type":"EntryPoint","urlTemplate":"https:\/\/www.arb.ro\/?s={search_term_string}"},"query-input":{"@type":"PropertyValueSpecification","valueRequired":true,"valueName":"search_term_string"}}],"inLanguage":"en-US"},{"@type":"Organization","@id":"https:\/\/www.arb.ro\/#organization","name":"Asocia\u021bia Rom\u00e2n\u0103 a B\u0103ncilor (ARB)","url":"https:\/\/www.arb.ro\/","logo":{"@type":"ImageObject","inLanguage":"en-US","@id":"https:\/\/www.arb.ro\/#\/schema\/logo\/image\/","url":"https:\/\/www.arb.ro\/wp-content\/uploads\/ARB_35_TRANSPARENCY.png","contentUrl":"https:\/\/www.arb.ro\/wp-content\/uploads\/ARB_35_TRANSPARENCY.png","width":1820,"height":1987,"caption":"Asocia\u021bia Rom\u00e2n\u0103 a B\u0103ncilor (ARB)"},"image":{"@id":"https:\/\/www.arb.ro\/#\/schema\/logo\/image\/"}}]}},"_links":{"self":[{"href":"https:\/\/www.arb.ro\/en\/wp-json\/wp\/v2\/pages\/650","targetHints":{"allow":["GET"]}}],"collection":[{"href":"https:\/\/www.arb.ro\/en\/wp-json\/wp\/v2\/pages"}],"about":[{"href":"https:\/\/www.arb.ro\/en\/wp-json\/wp\/v2\/types\/page"}],"author":[{"embeddable":true,"href":"https:\/\/www.arb.ro\/en\/wp-json\/wp\/v2\/users\/5"}],"replies":[{"embeddable":true,"href":"https:\/\/www.arb.ro\/en\/wp-json\/wp\/v2\/comments?post=650"}],"version-history":[{"count":0,"href":"https:\/\/www.arb.ro\/en\/wp-json\/wp\/v2\/pages\/650\/revisions"}],"up":[{"embeddable":true,"href":"https:\/\/www.arb.ro\/en\/wp-json\/wp\/v2\/pages\/9"}],"wp:featuredmedia":[{"embeddable":true,"href":"https:\/\/www.arb.ro\/en\/wp-json\/wp\/v2\/media\/749"}],"wp:attachment":[{"href":"https:\/\/www.arb.ro\/en\/wp-json\/wp\/v2\/media?parent=650"}],"curies":[{"name":"wp","href":"https:\/\/api.w.org\/{rel}","templated":true}]}}