{"id":648,"date":"2022-01-05T16:16:05","date_gmt":"2022-01-05T16:16:05","guid":{"rendered":"https:\/\/new.arb.ro\/?page_id=648"},"modified":"2025-04-09T11:05:53","modified_gmt":"2025-04-09T08:05:53","slug":"directiva-serviciilor-de-plata-revizuita","status":"publish","type":"page","link":"https:\/\/www.arb.ro\/en\/proiecte\/directiva-serviciilor-de-plata-revizuita\/","title":{"rendered":"The revised Payment Services Directive"},"content":{"rendered":"<div data-elementor-type=\"wp-page\" data-elementor-id=\"648\" class=\"elementor elementor-648\" data-elementor-post-type=\"page\">\n\t\t\t\t<div class=\"elementor-element elementor-element-40ae094 e-flex e-con-boxed e-con e-parent\" data-id=\"40ae094\" data-element_type=\"container\" data-e-type=\"container\">\n\t\t\t\t\t<div class=\"e-con-inner\">\n\t\t\t\t<div class=\"elementor-element elementor-element-c216f83 elementor-widget elementor-widget-heading\" data-id=\"c216f83\" data-element_type=\"widget\" data-e-type=\"widget\" data-widget_type=\"heading.default\">\n\t\t\t\t<div class=\"elementor-widget-container\">\n\t\t\t\t\t<h2 class=\"elementor-heading-title elementor-size-default\">The revised Payment Services Directive<\/h2>\t\t\t\t<\/div>\n\t\t\t\t<\/div>\n\t\t\t\t<div class=\"elementor-element elementor-element-e92c72d elementor-widget elementor-widget-text-editor\" data-id=\"e92c72d\" data-element_type=\"widget\" data-e-type=\"widget\" data-widget_type=\"text-editor.default\">\n\t\t\t\t<div class=\"elementor-widget-container\">\n\t\t\t\t\t\t\t\t\t<p>Directive (EU) 2015\/2366 of the European Parliament and Council from the 25 November 2015 on payment services in the internal market, amending Directives 2002\/65 \/ EC, 2009\/110 \/ EC and 2013\/36 \/ EU and Regulation (EU) No. 1093\/2010 and repealing Directive 2007\/64 \/ EC, also called the Payment Services Directive 2 or revised Payment Services Directive, replaces the first Payment Services Directive \u2013 Directive (EC) 64\/2007, being transposed into Romanian legislation by Law 209\/2019 on payment services.<\/p><p>This Directive extends the scope and area of the Directive (EC) 64\/2007 to payments made within the European Economic Area (EEA) and to payments to and from countries outside that area in any currency.<\/p><p>The Directive contains provisions to better protect consumers against fraud and incidents. Also, increased consumer rights are provided for transfers and remittances outside Europe or payments in other countries currencies. The new regulation encourages the emergence of new service providers and the development of innovative payment methods through mobile devices and Internet in Europe, to boost the European Union\u2019s global competitiveness.<\/p><p class=\"translation-block\">Directive (EU) 2015\/2366 extends the category of Payment Institutions to new types of players by providing access to the bank account of external entities that can provide clients with information on payment initiation accounts and services. These providers will have to comply with the same regulatory and supervisory standards as all other payment institutions.\nCredit institutions and all payment service providers will need to increase the security level of on-line transactions by including a stricter authentication protocol for the customer to make the payment. The European Banking Authority (EBA) has developed regulatory technical standards for customer authentication requirements and secure communications in the context of the provisions of EU Directive 2366\/2015, which are included in the EU Delegate Regulation no. 389\/2018 of the European Commission.<\/p><p>The credit Institutions members of the Romanian Association of Banks have agreed to use the European standard developed by the Berlin Group \u2013 NextGenPSD2 for the development of the API (Application Programming Interface) in relation to Third Party Providers (TPPs) meeting the requirements of EU Directive 2366\/2015.<\/p><p>The NextGenPSD2 initiative offers a modern, open, harmonized and interoperable set of operational and technical specifications.<\/p><p>The Romanian Association of Banks, a member of the NextGenPSD2 Task Force of the Berlin Group, believes that the open and harmonized standards of the PSD2 XS2A (access to account) interface for processes, data and infrastructures are the components needed for an open, interoperable market. Real interoperability is an essential component of competitive pan-European services that will contribute to the progress of the European single market and will benefit the payment industry.<\/p><p>Berlin Group documentation and details of the European standard and its evolution can be found at <a href=\"https:\/\/www.berlin-group.org\/psd2-access-to-bank-accounts\" target=\"_blank\" rel=\"noopener\">www.berlin-group.org\/psd2-access-to-bank-accounts<\/a><\/p>\t\t\t\t\t\t\t\t<\/div>\n\t\t\t\t<\/div>\n\t\t\t\t\t<\/div>\n\t\t\t\t<\/div>\n\t\t<div class=\"elementor-element elementor-element-65269fc e-flex e-con-boxed e-con e-parent\" data-id=\"65269fc\" data-element_type=\"container\" data-e-type=\"container\">\n\t\t\t\t\t<div class=\"e-con-inner\">\n\t\t<div class=\"elementor-element elementor-element-6096131 e-con-full e-flex e-con e-child\" data-id=\"6096131\" data-element_type=\"container\" data-e-type=\"container\">\n\t\t\t\t<div class=\"elementor-element elementor-element-438ff0b elementor-widget elementor-widget-heading\" data-id=\"438ff0b\" data-element_type=\"widget\" data-e-type=\"widget\" data-widget_type=\"heading.default\">\n\t\t\t\t<div class=\"elementor-widget-container\">\n\t\t\t\t\t<h2 class=\"elementor-heading-title elementor-size-default\">\"Endpoint\" - Tabele Romania<\/h2>\t\t\t\t<\/div>\n\t\t\t\t<\/div>\n\t\t\t\t<\/div>\n\t\t<div class=\"elementor-element elementor-element-c007222 e-con-full e-flex e-con e-child\" data-id=\"c007222\" data-element_type=\"container\" data-e-type=\"container\">\n\t\t\t\t<div class=\"elementor-element elementor-element-bcd4ae3 elementor-widget elementor-widget-text-editor\" data-id=\"bcd4ae3\" data-element_type=\"widget\" data-e-type=\"widget\" data-widget_type=\"text-editor.default\">\n\t\t\t\t<div class=\"elementor-widget-container\">\n\t\t\t\t\t\t\t\t\t<p style=\"text-align: justify;\">Periodic &#8211; Pl\u0103\u021bi RO transfer credit<\/p>\t\t\t\t\t\t\t\t<\/div>\n\t\t\t\t<\/div>\n\t\t\t\t<div class=\"elementor-element elementor-element-d823234 elementor-widget elementor-widget-button\" data-id=\"d823234\" data-element_type=\"widget\" data-e-type=\"widget\" data-widget_type=\"button.default\">\n\t\t\t\t<div class=\"elementor-widget-container\">\n\t\t\t\t\t\t\t\t\t<div class=\"elementor-button-wrapper\">\n\t\t\t\t\t<a class=\"elementor-button elementor-button-link elementor-size-sm\" href=\"\/wp-content\/uploads\/Periodic-Payments_RO_Domestic_Credit_transfer_-june_2022-1.pdf\">\n\t\t\t\t\t\t<span class=\"elementor-button-content-wrapper\">\n\t\t\t\t\t\t\t\t\t<span class=\"elementor-button-text\">Download<\/span>\n\t\t\t\t\t<\/span>\n\t\t\t\t\t<\/a>\n\t\t\t\t<\/div>\n\t\t\t\t\t\t\t\t<\/div>\n\t\t\t\t<\/div>\n\t\t\t\t<\/div>\n\t\t<div class=\"elementor-element elementor-element-3611fdf e-con-full e-flex e-con e-child\" data-id=\"3611fdf\" data-element_type=\"container\" data-e-type=\"container\">\n\t\t\t\t<div class=\"elementor-element elementor-element-35f9498 elementor-widget elementor-widget-text-editor\" data-id=\"35f9498\" data-element_type=\"widget\" data-e-type=\"widget\" data-widget_type=\"text-editor.default\">\n\t\t\t\t<div class=\"elementor-widget-container\">\n\t\t\t\t\t\t\t\t\t<p style=\"text-align: justify;\">Pl\u0103\u021bi RO transfer credit<\/p>\t\t\t\t\t\t\t\t<\/div>\n\t\t\t\t<\/div>\n\t\t\t\t<div class=\"elementor-element elementor-element-1e70ea3 elementor-widget elementor-widget-button\" data-id=\"1e70ea3\" data-element_type=\"widget\" data-e-type=\"widget\" data-widget_type=\"button.default\">\n\t\t\t\t<div class=\"elementor-widget-container\">\n\t\t\t\t\t\t\t\t\t<div class=\"elementor-button-wrapper\">\n\t\t\t\t\t<a class=\"elementor-button elementor-button-link elementor-size-sm\" href=\"\/wp-content\/uploads\/Payments_RO_Domestic_Credit_transfer_june_2022-1.pdf\">\n\t\t\t\t\t\t<span class=\"elementor-button-content-wrapper\">\n\t\t\t\t\t\t\t\t\t<span class=\"elementor-button-text\">Download<\/span>\n\t\t\t\t\t<\/span>\n\t\t\t\t\t<\/a>\n\t\t\t\t<\/div>\n\t\t\t\t\t\t\t\t<\/div>\n\t\t\t\t<\/div>\n\t\t\t\t<\/div>\n\t\t\t\t\t<\/div>\n\t\t\t\t<\/div>\n\t\t\t\t<\/div>","protected":false},"excerpt":{"rendered":"<p>Directiva con\u021bine prevederi pentru o mai bun\u0103 protec\u021bie a consumatorilor \u00eempotriva fraudelor \u0219i a incidentelor de plat\u0103, precum \u0219i drepturi sporite ale consumatorilor pentru realizarea de transferuri \u0219i remiteri de bani \u00een afara Europei sau pl\u0103\u021bi \u00een monede ale \u021b\u0103rilor ter\u021be. De asemenea, \u00eencurajeaz\u0103 apari\u021bia unor noi furnizori de servicii \u0219i dezvoltarea de modalit\u0103\u021bi inovatoare de plat\u0103 de pe telefonul mobil \u0219i prin Internet \u00een Europa,<\/p>","protected":false},"author":5,"featured_media":752,"parent":9,"menu_order":0,"comment_status":"closed","ping_status":"closed","template":"","meta":{"inline_featured_image":false,"footnotes":""},"class_list":["post-648","page","type-page","status-publish","has-post-thumbnail","hentry"],"acf":[],"yoast_head":"<!-- This site is optimized with the Yoast SEO plugin v27.3 - https:\/\/yoast.com\/product\/yoast-seo-wordpress\/ -->\n<title>Directiva Serviciilor de Plat\u0103 revizuit\u0103 - Asocia\u021bia Rom\u00e2n\u0103 a B\u0103ncilor (ARB)<\/title>\n<meta name=\"robots\" content=\"index, follow, max-snippet:-1, max-image-preview:large, max-video-preview:-1\" \/>\n<link rel=\"canonical\" href=\"https:\/\/www.arb.ro\/en\/proiecte\/directiva-serviciilor-de-plata-revizuita\/\" \/>\n<meta property=\"og:locale\" content=\"en_US\" \/>\n<meta property=\"og:type\" content=\"article\" \/>\n<meta property=\"og:title\" content=\"Directiva Serviciilor de Plat\u0103 revizuit\u0103 - Asocia\u021bia Rom\u00e2n\u0103 a B\u0103ncilor (ARB)\" \/>\n<meta property=\"og:description\" content=\"Directiva con\u021bine prevederi pentru o mai bun\u0103 protec\u021bie a consumatorilor \u00eempotriva fraudelor \u0219i a incidentelor de plat\u0103, precum \u0219i drepturi sporite ale consumatorilor pentru realizarea de transferuri \u0219i remiteri de bani \u00een afara Europei sau pl\u0103\u021bi \u00een monede ale \u021b\u0103rilor ter\u021be. De asemenea, \u00eencurajeaz\u0103 apari\u021bia unor noi furnizori de servicii \u0219i dezvoltarea de modalit\u0103\u021bi inovatoare de plat\u0103 de pe telefonul mobil \u0219i prin Internet \u00een Europa,\" \/>\n<meta property=\"og:url\" content=\"https:\/\/www.arb.ro\/en\/proiecte\/directiva-serviciilor-de-plata-revizuita\/\" \/>\n<meta property=\"og:site_name\" content=\"Asocia\u021bia Rom\u00e2n\u0103 a B\u0103ncilor (ARB)\" \/>\n<meta property=\"article:modified_time\" content=\"2025-04-09T08:05:53+00:00\" \/>\n<meta property=\"og:image\" content=\"https:\/\/www.arb.ro\/wp-content\/uploads\/2022\/01\/ARB_Creditarea.jpg\" \/>\n\t<meta property=\"og:image:width\" content=\"1920\" \/>\n\t<meta property=\"og:image:height\" content=\"1279\" \/>\n\t<meta property=\"og:image:type\" content=\"image\/jpeg\" \/>\n<meta name=\"twitter:card\" content=\"summary_large_image\" \/>\n<meta name=\"twitter:label1\" content=\"Est. reading time\" \/>\n\t<meta name=\"twitter:data1\" content=\"3 minutes\" \/>\n<script type=\"application\/ld+json\" class=\"yoast-schema-graph\">{\"@context\":\"https:\\\/\\\/schema.org\",\"@graph\":[{\"@type\":\"WebPage\",\"@id\":\"https:\\\/\\\/www.arb.ro\\\/proiecte\\\/directiva-serviciilor-de-plata-revizuita\\\/\",\"url\":\"https:\\\/\\\/www.arb.ro\\\/proiecte\\\/directiva-serviciilor-de-plata-revizuita\\\/\",\"name\":\"Directiva Serviciilor de Plat\u0103 revizuit\u0103 - Asocia\u021bia Rom\u00e2n\u0103 a B\u0103ncilor (ARB)\",\"isPartOf\":{\"@id\":\"https:\\\/\\\/www.arb.ro\\\/#website\"},\"primaryImageOfPage\":{\"@id\":\"https:\\\/\\\/www.arb.ro\\\/proiecte\\\/directiva-serviciilor-de-plata-revizuita\\\/#primaryimage\"},\"image\":{\"@id\":\"https:\\\/\\\/www.arb.ro\\\/proiecte\\\/directiva-serviciilor-de-plata-revizuita\\\/#primaryimage\"},\"thumbnailUrl\":\"https:\\\/\\\/www.arb.ro\\\/wp-content\\\/uploads\\\/2022\\\/01\\\/ARB_Creditarea.jpg\",\"datePublished\":\"2022-01-05T16:16:05+00:00\",\"dateModified\":\"2025-04-09T08:05:53+00:00\",\"breadcrumb\":{\"@id\":\"https:\\\/\\\/www.arb.ro\\\/proiecte\\\/directiva-serviciilor-de-plata-revizuita\\\/#breadcrumb\"},\"inLanguage\":\"en-US\",\"potentialAction\":[{\"@type\":\"ReadAction\",\"target\":[\"https:\\\/\\\/www.arb.ro\\\/proiecte\\\/directiva-serviciilor-de-plata-revizuita\\\/\"]}]},{\"@type\":\"ImageObject\",\"inLanguage\":\"en-US\",\"@id\":\"https:\\\/\\\/www.arb.ro\\\/proiecte\\\/directiva-serviciilor-de-plata-revizuita\\\/#primaryimage\",\"url\":\"https:\\\/\\\/www.arb.ro\\\/wp-content\\\/uploads\\\/2022\\\/01\\\/ARB_Creditarea.jpg\",\"contentUrl\":\"https:\\\/\\\/www.arb.ro\\\/wp-content\\\/uploads\\\/2022\\\/01\\\/ARB_Creditarea.jpg\",\"width\":1920,\"height\":1279},{\"@type\":\"BreadcrumbList\",\"@id\":\"https:\\\/\\\/www.arb.ro\\\/proiecte\\\/directiva-serviciilor-de-plata-revizuita\\\/#breadcrumb\",\"itemListElement\":[{\"@type\":\"ListItem\",\"position\":1,\"name\":\"Home\",\"item\":\"https:\\\/\\\/www.arb.ro\\\/\"},{\"@type\":\"ListItem\",\"position\":2,\"name\":\"Proiecte\",\"item\":\"https:\\\/\\\/www.arb.ro\\\/proiecte\\\/\"},{\"@type\":\"ListItem\",\"position\":3,\"name\":\"Directiva Serviciilor de Plat\u0103 revizuit\u0103\"}]},{\"@type\":\"WebSite\",\"@id\":\"https:\\\/\\\/www.arb.ro\\\/#website\",\"url\":\"https:\\\/\\\/www.arb.ro\\\/\",\"name\":\"Asocia\u021bia Rom\u00e2n\u0103 a B\u0103ncilor (ARB)\",\"description\":\"Asocia\u021bia Rom\u00e2n\u0103 a B\u0103ncilor\",\"publisher\":{\"@id\":\"https:\\\/\\\/www.arb.ro\\\/#organization\"},\"potentialAction\":[{\"@type\":\"SearchAction\",\"target\":{\"@type\":\"EntryPoint\",\"urlTemplate\":\"https:\\\/\\\/www.arb.ro\\\/?s={search_term_string}\"},\"query-input\":{\"@type\":\"PropertyValueSpecification\",\"valueRequired\":true,\"valueName\":\"search_term_string\"}}],\"inLanguage\":\"en-US\"},{\"@type\":\"Organization\",\"@id\":\"https:\\\/\\\/www.arb.ro\\\/#organization\",\"name\":\"Asocia\u021bia Rom\u00e2n\u0103 a B\u0103ncilor (ARB)\",\"url\":\"https:\\\/\\\/www.arb.ro\\\/\",\"logo\":{\"@type\":\"ImageObject\",\"inLanguage\":\"en-US\",\"@id\":\"https:\\\/\\\/www.arb.ro\\\/#\\\/schema\\\/logo\\\/image\\\/\",\"url\":\"https:\\\/\\\/www.arb.ro\\\/wp-content\\\/uploads\\\/ARB_35_TRANSPARENCY.png\",\"contentUrl\":\"https:\\\/\\\/www.arb.ro\\\/wp-content\\\/uploads\\\/ARB_35_TRANSPARENCY.png\",\"width\":1820,\"height\":1987,\"caption\":\"Asocia\u021bia Rom\u00e2n\u0103 a B\u0103ncilor (ARB)\"},\"image\":{\"@id\":\"https:\\\/\\\/www.arb.ro\\\/#\\\/schema\\\/logo\\\/image\\\/\"}}]}<\/script>\n<!-- \/ Yoast SEO plugin. -->","yoast_head_json":{"title":"Directiva Serviciilor de Plat\u0103 revizuit\u0103 - Asocia\u021bia Rom\u00e2n\u0103 a B\u0103ncilor (ARB)","robots":{"index":"index","follow":"follow","max-snippet":"max-snippet:-1","max-image-preview":"max-image-preview:large","max-video-preview":"max-video-preview:-1"},"canonical":"https:\/\/www.arb.ro\/en\/proiecte\/directiva-serviciilor-de-plata-revizuita\/","og_locale":"en_US","og_type":"article","og_title":"Directiva Serviciilor de Plat\u0103 revizuit\u0103 - Asocia\u021bia Rom\u00e2n\u0103 a B\u0103ncilor (ARB)","og_description":"Directiva con\u021bine prevederi pentru o mai bun\u0103 protec\u021bie a consumatorilor \u00eempotriva fraudelor \u0219i a incidentelor de plat\u0103, precum \u0219i drepturi sporite ale consumatorilor pentru realizarea de transferuri \u0219i remiteri de bani \u00een afara Europei sau pl\u0103\u021bi \u00een monede ale \u021b\u0103rilor ter\u021be. De asemenea, \u00eencurajeaz\u0103 apari\u021bia unor noi furnizori de servicii \u0219i dezvoltarea de modalit\u0103\u021bi inovatoare de plat\u0103 de pe telefonul mobil \u0219i prin Internet \u00een Europa,","og_url":"https:\/\/www.arb.ro\/en\/proiecte\/directiva-serviciilor-de-plata-revizuita\/","og_site_name":"Asocia\u021bia Rom\u00e2n\u0103 a B\u0103ncilor (ARB)","article_modified_time":"2025-04-09T08:05:53+00:00","og_image":[{"width":1920,"height":1279,"url":"https:\/\/www.arb.ro\/wp-content\/uploads\/2022\/01\/ARB_Creditarea.jpg","type":"image\/jpeg"}],"twitter_card":"summary_large_image","twitter_misc":{"Est. reading time":"3 minutes"},"schema":{"@context":"https:\/\/schema.org","@graph":[{"@type":"WebPage","@id":"https:\/\/www.arb.ro\/proiecte\/directiva-serviciilor-de-plata-revizuita\/","url":"https:\/\/www.arb.ro\/proiecte\/directiva-serviciilor-de-plata-revizuita\/","name":"Directiva Serviciilor de Plat\u0103 revizuit\u0103 - Asocia\u021bia Rom\u00e2n\u0103 a B\u0103ncilor (ARB)","isPartOf":{"@id":"https:\/\/www.arb.ro\/#website"},"primaryImageOfPage":{"@id":"https:\/\/www.arb.ro\/proiecte\/directiva-serviciilor-de-plata-revizuita\/#primaryimage"},"image":{"@id":"https:\/\/www.arb.ro\/proiecte\/directiva-serviciilor-de-plata-revizuita\/#primaryimage"},"thumbnailUrl":"https:\/\/www.arb.ro\/wp-content\/uploads\/2022\/01\/ARB_Creditarea.jpg","datePublished":"2022-01-05T16:16:05+00:00","dateModified":"2025-04-09T08:05:53+00:00","breadcrumb":{"@id":"https:\/\/www.arb.ro\/proiecte\/directiva-serviciilor-de-plata-revizuita\/#breadcrumb"},"inLanguage":"en-US","potentialAction":[{"@type":"ReadAction","target":["https:\/\/www.arb.ro\/proiecte\/directiva-serviciilor-de-plata-revizuita\/"]}]},{"@type":"ImageObject","inLanguage":"en-US","@id":"https:\/\/www.arb.ro\/proiecte\/directiva-serviciilor-de-plata-revizuita\/#primaryimage","url":"https:\/\/www.arb.ro\/wp-content\/uploads\/2022\/01\/ARB_Creditarea.jpg","contentUrl":"https:\/\/www.arb.ro\/wp-content\/uploads\/2022\/01\/ARB_Creditarea.jpg","width":1920,"height":1279},{"@type":"BreadcrumbList","@id":"https:\/\/www.arb.ro\/proiecte\/directiva-serviciilor-de-plata-revizuita\/#breadcrumb","itemListElement":[{"@type":"ListItem","position":1,"name":"Home","item":"https:\/\/www.arb.ro\/"},{"@type":"ListItem","position":2,"name":"Proiecte","item":"https:\/\/www.arb.ro\/proiecte\/"},{"@type":"ListItem","position":3,"name":"Directiva Serviciilor de Plat\u0103 revizuit\u0103"}]},{"@type":"WebSite","@id":"https:\/\/www.arb.ro\/#website","url":"https:\/\/www.arb.ro\/","name":"Asocia\u021bia Rom\u00e2n\u0103 a B\u0103ncilor (ARB)","description":"Romanian Association of Banks","publisher":{"@id":"https:\/\/www.arb.ro\/#organization"},"potentialAction":[{"@type":"SearchAction","target":{"@type":"EntryPoint","urlTemplate":"https:\/\/www.arb.ro\/?s={search_term_string}"},"query-input":{"@type":"PropertyValueSpecification","valueRequired":true,"valueName":"search_term_string"}}],"inLanguage":"en-US"},{"@type":"Organization","@id":"https:\/\/www.arb.ro\/#organization","name":"Asocia\u021bia Rom\u00e2n\u0103 a B\u0103ncilor (ARB)","url":"https:\/\/www.arb.ro\/","logo":{"@type":"ImageObject","inLanguage":"en-US","@id":"https:\/\/www.arb.ro\/#\/schema\/logo\/image\/","url":"https:\/\/www.arb.ro\/wp-content\/uploads\/ARB_35_TRANSPARENCY.png","contentUrl":"https:\/\/www.arb.ro\/wp-content\/uploads\/ARB_35_TRANSPARENCY.png","width":1820,"height":1987,"caption":"Asocia\u021bia Rom\u00e2n\u0103 a B\u0103ncilor (ARB)"},"image":{"@id":"https:\/\/www.arb.ro\/#\/schema\/logo\/image\/"}}]}},"_links":{"self":[{"href":"https:\/\/www.arb.ro\/en\/wp-json\/wp\/v2\/pages\/648","targetHints":{"allow":["GET"]}}],"collection":[{"href":"https:\/\/www.arb.ro\/en\/wp-json\/wp\/v2\/pages"}],"about":[{"href":"https:\/\/www.arb.ro\/en\/wp-json\/wp\/v2\/types\/page"}],"author":[{"embeddable":true,"href":"https:\/\/www.arb.ro\/en\/wp-json\/wp\/v2\/users\/5"}],"replies":[{"embeddable":true,"href":"https:\/\/www.arb.ro\/en\/wp-json\/wp\/v2\/comments?post=648"}],"version-history":[{"count":15,"href":"https:\/\/www.arb.ro\/en\/wp-json\/wp\/v2\/pages\/648\/revisions"}],"predecessor-version":[{"id":3684731,"href":"https:\/\/www.arb.ro\/en\/wp-json\/wp\/v2\/pages\/648\/revisions\/3684731"}],"up":[{"embeddable":true,"href":"https:\/\/www.arb.ro\/en\/wp-json\/wp\/v2\/pages\/9"}],"wp:featuredmedia":[{"embeddable":true,"href":"https:\/\/www.arb.ro\/en\/wp-json\/wp\/v2\/media\/752"}],"wp:attachment":[{"href":"https:\/\/www.arb.ro\/en\/wp-json\/wp\/v2\/media?parent=648"}],"curies":[{"name":"wp","href":"https:\/\/api.w.org\/{rel}","templated":true}]}}