{"id":640,"date":"2025-03-02T16:10:59","date_gmt":"2025-03-02T14:10:59","guid":{"rendered":"https:\/\/new.arb.ro\/?page_id=640"},"modified":"2025-03-02T16:50:37","modified_gmt":"2025-03-02T14:50:37","slug":"reglementarea-si-autoreglementarea-in-domeniul-platilor-nationale","status":"publish","type":"page","link":"https:\/\/www.arb.ro\/en\/proiecte\/reglementarea-si-autoreglementarea-in-domeniul-platilor-nationale\/","title":{"rendered":"Regulating and auto-regulating domestic payments"},"content":{"rendered":"<div data-elementor-type=\"wp-page\" data-elementor-id=\"640\" class=\"elementor elementor-640\" data-elementor-post-type=\"page\">\n\t\t\t\t<div class=\"elementor-element elementor-element-3bc6c31 e-flex e-con-boxed e-con e-parent\" data-id=\"3bc6c31\" data-element_type=\"container\" data-e-type=\"container\">\n\t\t\t\t\t<div class=\"e-con-inner\">\n\t\t\t\t<div class=\"elementor-element elementor-element-43615c2 elementor-widget elementor-widget-heading\" data-id=\"43615c2\" data-element_type=\"widget\" data-e-type=\"widget\" data-widget_type=\"heading.default\">\n\t\t\t\t<div class=\"elementor-widget-container\">\n\t\t\t\t\t<h2 class=\"elementor-heading-title elementor-size-default\">Regulating and auto-regulating domestic payments<\/h2>\t\t\t\t<\/div>\n\t\t\t\t<\/div>\n\t\t\t\t<div class=\"elementor-element elementor-element-1809bec elementor-widget elementor-widget-text-editor\" data-id=\"1809bec\" data-element_type=\"widget\" data-e-type=\"widget\" data-widget_type=\"text-editor.default\">\n\t\t\t\t<div class=\"elementor-widget-container\">\n\t\t\t\t\t\t\t\t\t<p class=\"translation-block\">A major objective of the European authorities is to facilitate access to all its citizens to banking services in a safe and transparent manner \u2013 the same conditions in any European Union Member State \u2013 by delivering better quality services, more efficient products and alternatives for making payments at lower costs. <a href=\"https:\/\/www.bnr.ro\/Legislation--3314.aspx\" target=\"_blank\">At the national level<\/a>, the European regulations in the area of payments have been applied, as the case may be, directly, as is the case with the EU Regulations, by means of transposition legislation or by specific regulations issued by the National Bank of Romania as a national competent authority in this area.<\/p>\n<p>Thus, Directive EU no. 92\/2014 on the comparability of fees related to payment accounts, payment account switching and access to payment accounts with basic features, applicable since September 2016, has as intention to facilitate access to payment accounts with basic features for the consumers not using banking services at national level and also providing access for consumers to payment services at cross-border level. European consumers will be able to open a payment account with any payment services provider from the European Union, irrespective whether they are or not residents of the country where the provider is located.<\/p>\n<p>Statele membre UE au adoptat Schemele de pl\u0103\u021bi <a href=\"\/en\/proiecte\/sepa\/\">SEPA<\/a> prin care s-au introdus reguli uniforme privind rela\u021biile de plat\u0103 \u00een euro \u00een tot spa\u021biul european pentru transferurile credit,&nbsp;<span style=\"color: var( --e-global-color-57b4f66 ); font-family: var( --e-global-typography-cc31af5-font-family ), Sans-serif; font-size: var( --e-global-typography-cc31af5-font-size ); font-weight: var( --e-global-typography-cc31af5-font-weight );\">transferurile credit instant,&nbsp;<\/span><span style=\"color: var( --e-global-color-57b4f66 ); font-family: var( --e-global-typography-cc31af5-font-family ), Sans-serif; font-size: var( --e-global-typography-cc31af5-font-size ); font-weight: var( --e-global-typography-cc31af5-font-weight );\">debit\u0103rile directe si pl\u0103\u021bile cu cardul. La nivel na\u021bional, institu\u021biile de credit au adoptat, \u00een baza acordului EPC \u0219i a avizului BNR, Conven\u021bia privind Schemele na\u021bionale de pl\u0103\u021bi prin care s-au adaptat seturile de reguli SEPA \u0219i pentru <\/span><a href=\"\/en\/proiecte\/sepa\/sepa-plati-in-lei\/\" style=\"font-family: var( --e-global-typography-cc31af5-font-family ), Sans-serif; font-size: var( --e-global-typography-cc31af5-font-size ); font-weight: var( --e-global-typography-cc31af5-font-weight ); background-color: rgb(255, 255, 255);\">pl\u0103\u021bile \u00een lei<\/a><span style=\"color: var( --e-global-color-57b4f66 ); font-family: var( --e-global-typography-cc31af5-font-family ), Sans-serif; font-size: var( --e-global-typography-cc31af5-font-size ); font-weight: var( --e-global-typography-cc31af5-font-weight );\">.<\/span><\/p>\n<p>Also, financial inclusion represents a current aspect at European level, being one of the main points of the European Platform against poverty and social exclusions and a strategic objective of Europe 2020. In this regard, new regulations were issued in order to foster consumers\u2019 financial mobility with a view to provide more transparency of fees and to encourage customers\u2019 participation to the payment market, taking especially into account the needs of the consumers.<\/p>\n<p>Thus, Directive EU no. 92\/2014 on the comparability of fees related to payment accounts, payment account switching and access to payment accounts with basic features, applicable since September 2016, has as intention to facilitate access to payment accounts with basic features for the consumers not using banking services at national level and also providing access for consumers to payment services at cross-border level. European consumers will be able to open a payment account with any payment services provider from the European Union, irrespective whether they are or not residents of the country where the provider is located. Directive EU no. 92\/2014 on the comparability of fees related to payment accounts, payment account switching and access to payment accounts with basic features has been transposed into national law by Law no 258\/2017.<\/p>\n<p>Directive EU no. 92\/2014 on the comparability of fees related to payment accounts, payment account switching and access to payment accounts with basic features has been transposed into national law by Law no 258\/2017.<\/p>\n<p>In order to ensure the operationalization of the requests to change the accounts and to facilitate the clients\u2019 access to this service, the credit institutions in Romania adopted in 2018, based on the NBR\u2019s agreement, the Convention on the procedures for changing the customer\u2019s payment accounts. The Convention replaces the Common Rules regarding the mobility of current accounts in lei of the natural persons adopted at the level of the Romanian Association of Banks in 2010.<\/p>\n<p class=\"translation-block\">Another important European regulation in the field of payments that also primarily targets the consumers of financial services is <a href=\"https:\/\/www.arb.ro\/en\/proiecte\/directiva-serviciilor-de-plata-revizuita\/\" target=\"_blank\" rel=\"noopener\">Directive EU no. 2366\/2015<\/a>, applicable since January 2018 revising the Payment Services Directive \u2013 Directive EC no. 64\/2007.<\/p>\n<p>Directive EU 2366\/2015 on payment services in the internal market has been transposed into national law by Law no. 209\/2019 on payment services.<\/p>\n<p>Credit institutions must also apply the recommendations of the European Central Bank and the Guide issued by the European Banking Authority (EBA) concerning payment security via the Internet, which target payment services providers, just like the authorities that assure the governance of payment Schemes from European Union Member States, by defining a set of minimal common requirements for payment services via the Internet, irrespective of the access device used: card payments, including virtual payments, the execution of credit transfers, credit via the Internet, issuing and amending electronic mandates for direct debiting and the transfer of electronic money between two e-money accounts, via the Internet.<\/p>\n<p><img fetchpriority=\"high\" decoding=\"async\" src=\"\/wp-content\/uploads\/NEW-EUROPEAN-REGULATIONS-ON-PAYMENTS.jpg\" width=\"981\" height=\"670\"><\/p>\t\t\t\t\t\t\t\t<\/div>\n\t\t\t\t<\/div>\n\t\t\t\t\t<\/div>\n\t\t\t\t<\/div>\n\t\t\t\t<\/div>","protected":false},"excerpt":{"rendered":"<p>Sistemul bancar din Rom\u00e2nia deruleaza un  proiect de auto-reglementare \u00een domeniul pl\u0103\u0163ilor.<\/p>","protected":false},"author":5,"featured_media":743,"parent":9,"menu_order":0,"comment_status":"closed","ping_status":"closed","template":"","meta":{"inline_featured_image":false,"footnotes":""},"class_list":["post-640","page","type-page","status-publish","has-post-thumbnail","hentry"],"acf":[],"yoast_head":"<!-- This site is optimized with the Yoast SEO plugin v27.4 - https:\/\/yoast.com\/product\/yoast-seo-wordpress\/ -->\n<title>Reglementarea \u0219i autoreglementarea \u00een domeniul pl\u0103\u021bilor na\u021bionale - Asocia\u021bia Rom\u00e2n\u0103 a B\u0103ncilor (ARB)<\/title>\n<meta name=\"robots\" content=\"index, follow, max-snippet:-1, max-image-preview:large, max-video-preview:-1\" \/>\n<link rel=\"canonical\" href=\"https:\/\/www.arb.ro\/en\/proiecte\/reglementarea-si-autoreglementarea-in-domeniul-platilor-nationale\/\" \/>\n<meta property=\"og:locale\" content=\"en_US\" \/>\n<meta property=\"og:type\" content=\"article\" \/>\n<meta property=\"og:title\" content=\"Reglementarea \u0219i autoreglementarea \u00een domeniul pl\u0103\u021bilor na\u021bionale - Asocia\u021bia Rom\u00e2n\u0103 a B\u0103ncilor (ARB)\" \/>\n<meta property=\"og:description\" content=\"Sistemul bancar din Rom\u00e2nia deruleaza un proiect de auto-reglementare \u00een domeniul pl\u0103\u0163ilor.\" \/>\n<meta property=\"og:url\" content=\"https:\/\/www.arb.ro\/en\/proiecte\/reglementarea-si-autoreglementarea-in-domeniul-platilor-nationale\/\" \/>\n<meta property=\"og:site_name\" content=\"Asocia\u021bia Rom\u00e2n\u0103 a B\u0103ncilor (ARB)\" \/>\n<meta property=\"article:modified_time\" content=\"2025-03-02T14:50:37+00:00\" \/>\n<meta property=\"og:image\" content=\"https:\/\/www.arb.ro\/wp-content\/uploads\/2022\/01\/ARB_Autoreglementare.jpg\" \/>\n\t<meta property=\"og:image:width\" content=\"626\" \/>\n\t<meta property=\"og:image:height\" content=\"469\" \/>\n\t<meta property=\"og:image:type\" content=\"image\/jpeg\" \/>\n<meta name=\"twitter:card\" content=\"summary_large_image\" \/>\n<meta name=\"twitter:label1\" content=\"Est. reading time\" \/>\n\t<meta name=\"twitter:data1\" content=\"4 minutes\" \/>\n<script type=\"application\/ld+json\" class=\"yoast-schema-graph\">{\"@context\":\"https:\\\/\\\/schema.org\",\"@graph\":[{\"@type\":\"WebPage\",\"@id\":\"https:\\\/\\\/www.arb.ro\\\/proiecte\\\/reglementarea-si-autoreglementarea-in-domeniul-platilor-nationale\\\/\",\"url\":\"https:\\\/\\\/www.arb.ro\\\/proiecte\\\/reglementarea-si-autoreglementarea-in-domeniul-platilor-nationale\\\/\",\"name\":\"Reglementarea \u0219i autoreglementarea \u00een domeniul pl\u0103\u021bilor na\u021bionale - Asocia\u021bia Rom\u00e2n\u0103 a B\u0103ncilor (ARB)\",\"isPartOf\":{\"@id\":\"https:\\\/\\\/www.arb.ro\\\/#website\"},\"primaryImageOfPage\":{\"@id\":\"https:\\\/\\\/www.arb.ro\\\/proiecte\\\/reglementarea-si-autoreglementarea-in-domeniul-platilor-nationale\\\/#primaryimage\"},\"image\":{\"@id\":\"https:\\\/\\\/www.arb.ro\\\/proiecte\\\/reglementarea-si-autoreglementarea-in-domeniul-platilor-nationale\\\/#primaryimage\"},\"thumbnailUrl\":\"https:\\\/\\\/www.arb.ro\\\/wp-content\\\/uploads\\\/2022\\\/01\\\/ARB_Autoreglementare.jpg\",\"datePublished\":\"2025-03-02T14:10:59+00:00\",\"dateModified\":\"2025-03-02T14:50:37+00:00\",\"breadcrumb\":{\"@id\":\"https:\\\/\\\/www.arb.ro\\\/proiecte\\\/reglementarea-si-autoreglementarea-in-domeniul-platilor-nationale\\\/#breadcrumb\"},\"inLanguage\":\"en-US\",\"potentialAction\":[{\"@type\":\"ReadAction\",\"target\":[\"https:\\\/\\\/www.arb.ro\\\/proiecte\\\/reglementarea-si-autoreglementarea-in-domeniul-platilor-nationale\\\/\"]}]},{\"@type\":\"ImageObject\",\"inLanguage\":\"en-US\",\"@id\":\"https:\\\/\\\/www.arb.ro\\\/proiecte\\\/reglementarea-si-autoreglementarea-in-domeniul-platilor-nationale\\\/#primaryimage\",\"url\":\"https:\\\/\\\/www.arb.ro\\\/wp-content\\\/uploads\\\/2022\\\/01\\\/ARB_Autoreglementare.jpg\",\"contentUrl\":\"https:\\\/\\\/www.arb.ro\\\/wp-content\\\/uploads\\\/2022\\\/01\\\/ARB_Autoreglementare.jpg\",\"width\":626,\"height\":469},{\"@type\":\"BreadcrumbList\",\"@id\":\"https:\\\/\\\/www.arb.ro\\\/proiecte\\\/reglementarea-si-autoreglementarea-in-domeniul-platilor-nationale\\\/#breadcrumb\",\"itemListElement\":[{\"@type\":\"ListItem\",\"position\":1,\"name\":\"Home\",\"item\":\"https:\\\/\\\/www.arb.ro\\\/\"},{\"@type\":\"ListItem\",\"position\":2,\"name\":\"Proiecte\",\"item\":\"https:\\\/\\\/www.arb.ro\\\/proiecte\\\/\"},{\"@type\":\"ListItem\",\"position\":3,\"name\":\"Reglementarea \u0219i autoreglementarea \u00een domeniul pl\u0103\u021bilor na\u021bionale\"}]},{\"@type\":\"WebSite\",\"@id\":\"https:\\\/\\\/www.arb.ro\\\/#website\",\"url\":\"https:\\\/\\\/www.arb.ro\\\/\",\"name\":\"Asocia\u021bia Rom\u00e2n\u0103 a B\u0103ncilor (ARB)\",\"description\":\"Asocia\u021bia Rom\u00e2n\u0103 a B\u0103ncilor\",\"publisher\":{\"@id\":\"https:\\\/\\\/www.arb.ro\\\/#organization\"},\"potentialAction\":[{\"@type\":\"SearchAction\",\"target\":{\"@type\":\"EntryPoint\",\"urlTemplate\":\"https:\\\/\\\/www.arb.ro\\\/?s={search_term_string}\"},\"query-input\":{\"@type\":\"PropertyValueSpecification\",\"valueRequired\":true,\"valueName\":\"search_term_string\"}}],\"inLanguage\":\"en-US\"},{\"@type\":\"Organization\",\"@id\":\"https:\\\/\\\/www.arb.ro\\\/#organization\",\"name\":\"Asocia\u021bia Rom\u00e2n\u0103 a B\u0103ncilor (ARB)\",\"url\":\"https:\\\/\\\/www.arb.ro\\\/\",\"logo\":{\"@type\":\"ImageObject\",\"inLanguage\":\"en-US\",\"@id\":\"https:\\\/\\\/www.arb.ro\\\/#\\\/schema\\\/logo\\\/image\\\/\",\"url\":\"https:\\\/\\\/www.arb.ro\\\/wp-content\\\/uploads\\\/ARB_35_TRANSPARENCY.png\",\"contentUrl\":\"https:\\\/\\\/www.arb.ro\\\/wp-content\\\/uploads\\\/ARB_35_TRANSPARENCY.png\",\"width\":1820,\"height\":1987,\"caption\":\"Asocia\u021bia Rom\u00e2n\u0103 a B\u0103ncilor (ARB)\"},\"image\":{\"@id\":\"https:\\\/\\\/www.arb.ro\\\/#\\\/schema\\\/logo\\\/image\\\/\"}}]}<\/script>\n<!-- \/ Yoast SEO plugin. -->","yoast_head_json":{"title":"Reglementarea \u0219i autoreglementarea \u00een domeniul pl\u0103\u021bilor na\u021bionale - Asocia\u021bia Rom\u00e2n\u0103 a B\u0103ncilor (ARB)","robots":{"index":"index","follow":"follow","max-snippet":"max-snippet:-1","max-image-preview":"max-image-preview:large","max-video-preview":"max-video-preview:-1"},"canonical":"https:\/\/www.arb.ro\/en\/proiecte\/reglementarea-si-autoreglementarea-in-domeniul-platilor-nationale\/","og_locale":"en_US","og_type":"article","og_title":"Reglementarea \u0219i autoreglementarea \u00een domeniul pl\u0103\u021bilor na\u021bionale - Asocia\u021bia Rom\u00e2n\u0103 a B\u0103ncilor (ARB)","og_description":"Sistemul bancar din Rom\u00e2nia deruleaza un proiect de auto-reglementare \u00een domeniul pl\u0103\u0163ilor.","og_url":"https:\/\/www.arb.ro\/en\/proiecte\/reglementarea-si-autoreglementarea-in-domeniul-platilor-nationale\/","og_site_name":"Asocia\u021bia Rom\u00e2n\u0103 a B\u0103ncilor (ARB)","article_modified_time":"2025-03-02T14:50:37+00:00","og_image":[{"width":626,"height":469,"url":"https:\/\/www.arb.ro\/wp-content\/uploads\/2022\/01\/ARB_Autoreglementare.jpg","type":"image\/jpeg"}],"twitter_card":"summary_large_image","twitter_misc":{"Est. reading time":"4 minutes"},"schema":{"@context":"https:\/\/schema.org","@graph":[{"@type":"WebPage","@id":"https:\/\/www.arb.ro\/proiecte\/reglementarea-si-autoreglementarea-in-domeniul-platilor-nationale\/","url":"https:\/\/www.arb.ro\/proiecte\/reglementarea-si-autoreglementarea-in-domeniul-platilor-nationale\/","name":"Reglementarea \u0219i autoreglementarea \u00een domeniul pl\u0103\u021bilor na\u021bionale - Asocia\u021bia Rom\u00e2n\u0103 a B\u0103ncilor (ARB)","isPartOf":{"@id":"https:\/\/www.arb.ro\/#website"},"primaryImageOfPage":{"@id":"https:\/\/www.arb.ro\/proiecte\/reglementarea-si-autoreglementarea-in-domeniul-platilor-nationale\/#primaryimage"},"image":{"@id":"https:\/\/www.arb.ro\/proiecte\/reglementarea-si-autoreglementarea-in-domeniul-platilor-nationale\/#primaryimage"},"thumbnailUrl":"https:\/\/www.arb.ro\/wp-content\/uploads\/2022\/01\/ARB_Autoreglementare.jpg","datePublished":"2025-03-02T14:10:59+00:00","dateModified":"2025-03-02T14:50:37+00:00","breadcrumb":{"@id":"https:\/\/www.arb.ro\/proiecte\/reglementarea-si-autoreglementarea-in-domeniul-platilor-nationale\/#breadcrumb"},"inLanguage":"en-US","potentialAction":[{"@type":"ReadAction","target":["https:\/\/www.arb.ro\/proiecte\/reglementarea-si-autoreglementarea-in-domeniul-platilor-nationale\/"]}]},{"@type":"ImageObject","inLanguage":"en-US","@id":"https:\/\/www.arb.ro\/proiecte\/reglementarea-si-autoreglementarea-in-domeniul-platilor-nationale\/#primaryimage","url":"https:\/\/www.arb.ro\/wp-content\/uploads\/2022\/01\/ARB_Autoreglementare.jpg","contentUrl":"https:\/\/www.arb.ro\/wp-content\/uploads\/2022\/01\/ARB_Autoreglementare.jpg","width":626,"height":469},{"@type":"BreadcrumbList","@id":"https:\/\/www.arb.ro\/proiecte\/reglementarea-si-autoreglementarea-in-domeniul-platilor-nationale\/#breadcrumb","itemListElement":[{"@type":"ListItem","position":1,"name":"Home","item":"https:\/\/www.arb.ro\/"},{"@type":"ListItem","position":2,"name":"Proiecte","item":"https:\/\/www.arb.ro\/proiecte\/"},{"@type":"ListItem","position":3,"name":"Reglementarea \u0219i autoreglementarea \u00een domeniul pl\u0103\u021bilor na\u021bionale"}]},{"@type":"WebSite","@id":"https:\/\/www.arb.ro\/#website","url":"https:\/\/www.arb.ro\/","name":"Asocia\u021bia Rom\u00e2n\u0103 a B\u0103ncilor (ARB)","description":"Romanian Association of Banks","publisher":{"@id":"https:\/\/www.arb.ro\/#organization"},"potentialAction":[{"@type":"SearchAction","target":{"@type":"EntryPoint","urlTemplate":"https:\/\/www.arb.ro\/?s={search_term_string}"},"query-input":{"@type":"PropertyValueSpecification","valueRequired":true,"valueName":"search_term_string"}}],"inLanguage":"en-US"},{"@type":"Organization","@id":"https:\/\/www.arb.ro\/#organization","name":"Asocia\u021bia Rom\u00e2n\u0103 a B\u0103ncilor (ARB)","url":"https:\/\/www.arb.ro\/","logo":{"@type":"ImageObject","inLanguage":"en-US","@id":"https:\/\/www.arb.ro\/#\/schema\/logo\/image\/","url":"https:\/\/www.arb.ro\/wp-content\/uploads\/ARB_35_TRANSPARENCY.png","contentUrl":"https:\/\/www.arb.ro\/wp-content\/uploads\/ARB_35_TRANSPARENCY.png","width":1820,"height":1987,"caption":"Asocia\u021bia Rom\u00e2n\u0103 a B\u0103ncilor (ARB)"},"image":{"@id":"https:\/\/www.arb.ro\/#\/schema\/logo\/image\/"}}]}},"_links":{"self":[{"href":"https:\/\/www.arb.ro\/en\/wp-json\/wp\/v2\/pages\/640","targetHints":{"allow":["GET"]}}],"collection":[{"href":"https:\/\/www.arb.ro\/en\/wp-json\/wp\/v2\/pages"}],"about":[{"href":"https:\/\/www.arb.ro\/en\/wp-json\/wp\/v2\/types\/page"}],"author":[{"embeddable":true,"href":"https:\/\/www.arb.ro\/en\/wp-json\/wp\/v2\/users\/5"}],"replies":[{"embeddable":true,"href":"https:\/\/www.arb.ro\/en\/wp-json\/wp\/v2\/comments?post=640"}],"version-history":[{"count":0,"href":"https:\/\/www.arb.ro\/en\/wp-json\/wp\/v2\/pages\/640\/revisions"}],"up":[{"embeddable":true,"href":"https:\/\/www.arb.ro\/en\/wp-json\/wp\/v2\/pages\/9"}],"wp:featuredmedia":[{"embeddable":true,"href":"https:\/\/www.arb.ro\/en\/wp-json\/wp\/v2\/media\/743"}],"wp:attachment":[{"href":"https:\/\/www.arb.ro\/en\/wp-json\/wp\/v2\/media?parent=640"}],"curies":[{"name":"wp","href":"https:\/\/api.w.org\/{rel}","templated":true}]}}