{"id":505,"date":"2025-01-03T09:44:05","date_gmt":"2025-01-03T07:44:05","guid":{"rendered":"https:\/\/new.arb.ro\/?page_id=505"},"modified":"2025-01-03T11:49:25","modified_gmt":"2025-01-03T09:49:25","slug":"mesajul-presedintelui","status":"publish","type":"page","link":"https:\/\/www.arb.ro\/en\/despre-arb\/mesajul-presedintelui\/","title":{"rendered":"Message of the President"},"content":{"rendered":"<div data-elementor-type=\"wp-page\" data-elementor-id=\"505\" class=\"elementor elementor-505\" data-elementor-post-type=\"page\">\n\t\t\t\t<div class=\"elementor-element elementor-element-7d052b4d e-flex e-con-boxed e-con e-parent\" data-id=\"7d052b4d\" data-element_type=\"container\" data-e-type=\"container\">\n\t\t\t\t\t<div class=\"e-con-inner\">\n\t\t\t\t<div class=\"elementor-element elementor-element-1ccb351 elementor-widget elementor-widget-heading\" data-id=\"1ccb351\" data-element_type=\"widget\" data-e-type=\"widget\" data-widget_type=\"heading.default\">\n\t\t\t\t<div class=\"elementor-widget-container\">\n\t\t\t\t\t<h1 class=\"elementor-heading-title elementor-size-default\">Message of the President<\/h1>\t\t\t\t<\/div>\n\t\t\t\t<\/div>\n\t\t\t\t<div class=\"elementor-element elementor-element-16b19a2d elementor-widget elementor-widget-text-editor\" data-id=\"16b19a2d\" data-element_type=\"widget\" data-e-type=\"widget\" data-widget_type=\"text-editor.default\">\n\t\t\t\t<div class=\"elementor-widget-container\">\n\t\t\t\t\t\t\t\t\t<h2><img fetchpriority=\"high\" decoding=\"async\" class=\"alignleft wp-image-2645356\" src=\"https:\/\/new.arb.ro\/wp-content\/uploads\/2022\/01\/ARB_Bogdan-Neacsu-300x205.jpg\" alt=\"\" width=\"600\" height=\"410\" srcset=\"https:\/\/www.arb.ro\/wp-content\/uploads\/2022\/01\/ARB_Bogdan-Neacsu-300x205.jpg 300w, https:\/\/www.arb.ro\/wp-content\/uploads\/2022\/01\/ARB_Bogdan-Neacsu-1024x699.jpg 1024w, https:\/\/www.arb.ro\/wp-content\/uploads\/2022\/01\/ARB_Bogdan-Neacsu-768x524.jpg 768w, https:\/\/www.arb.ro\/wp-content\/uploads\/2022\/01\/ARB_Bogdan-Neacsu-1536x1049.jpg 1536w, https:\/\/www.arb.ro\/wp-content\/uploads\/2022\/01\/ARB_Bogdan-Neacsu.jpg 1920w\" sizes=\"(max-width: 600px) 100vw, 600px\" \/><\/h2><h4>\u00cen acest an, Asocia\u021bia Rom\u00e2n\u0103 a B\u0103ncilor aniverseaz\u0103 34 de ani de existen\u021b\u0103. E un bun prilej s\u0103 ne uit\u0103m \u00een urm\u0103, pentru a vedea cum au evoluat sistemul \u0219i serviciile bancare, dar mai ales s\u0103 ne uit\u0103m \u00een viitor \u2013 pentru a vedea cum am putea face lucrurile mai bine \u0219i ce provoc\u0103ri ne ridic\u0103 schimbul de genera\u021bii sau revolu\u021bia digitaliz\u0103rii.<\/h4><h4>A look at the past<\/h4><p>If we could travel back in time, 30 years ago, we would see an underdeveloped banking system, relying on 2-3 state-owned banks, with rudimentary operations: there were no cards, the options for transfers and currency exchanges were limited, and we had huge gaps compared to western financial institutions. To a great extent \u2013 in terms of products and services off ered to customers \u2013 we managed to reduce these gaps. But this was not an easy road.<\/p><p>The first years after the Revolution and the transition period to the market economy in Romania were characterized by lack of experience and lack of an effi cient infrastructure, which put in an unfavorable light the real progress made by the Romanian banking system. The numerous crashes and bank scandals were events that have shaken the confi dence of the population and led to regrettable social convulsions.<\/p><h4>The last years of the 20th century<\/h4><p>The last years of the 20th century (the period 1999\/2000) marked an important change in the ownership structure of the share capital and net assets through the \u201cabsorption\u201d of Bancorex by BCR and the preparation for privatization of Banca Agricol\u0103. The share of state\u2019s ownership in banks was drastically reduced, from over 50% in 1998 to under 33% in 2001.<\/p><p>It was a period of growth and reaching maturity. And the entry of experienced players in the market contributed to the recovery of the gaps compared to the West, to modernizing internal standards and rules according to the model applied in the Western parent-banks, and last but not least \u2013 to capital infusions to support the accelerated growth of lending.<\/p><h4>\u00a0<\/h4><h4>\u00a0<\/h4><h4>The crisis of 2008-2010<\/h4><p>This period was followed by the 2008-2010 crisis, which aff ected even fi nancial institutions and systems in more mature regions like the US and Europe. Romania has not been spared \u2013 we have witnessed an increase of nonperforming loans close to alarming levels, and a wave of disputes with customers. But fortunately, there were no bank failures, or bail-out measures in Romania, as it happened in other countries. I like to see the half full side of the glass: that this tumultuous period taught us to be more transparent in the relationship with our customers, more open to listen to their problems and to fi nd solutions \u2013 together.<\/p><p>Iar acum, dup\u0103 ce am traversat dou\u0103 mari crize: criza financiar\u0103 mondial\u0103 \u0219i criza actual\u0103 de s\u0103n\u0103tate, putem spune c\u0103 avem un sistem bancar mai rezilient \u0219i care a \u00eenregistrat progrese reale \u0219i notabile. \u00cen ultimele trei decenii, totalul impactului direct, indirect \u0219i indus \u00een produc\u021bia de bunuri \u0219i servicii adus de sistemul de intermedieri financiare a fost de 198%, raportat la PIB-ul \u00eenregistrat de Rom\u00e2nia \u00een anul 2020, potrivit unui studiu de impact realizat de KPMG Advisory. \u00cen primii 14 ani scur\u0219i de la integrarea \u00een Uniunea European\u0103, sistemul bancar din Rom\u00e2nia a acordat credite ce reprezint\u0103 echivalentul Produsului Intern Brut din anul 2020. Volumul creditelor noi, acordate \u00een perioada 2007- 2020, este de 3,6 ori mai mare dec\u00e2t soldul creditului neguvernamental din 2020.<\/p><h4>The consequences of the pandemic<\/h4><p>The consequences of the pandemic on economies worldwide are not yet fully known, but the banking system in Romania has played an important role, along with the authorities, to provide support for the aff ected households and companies. 12.7% of total loans benefi ted from public and private moratoria by the end of March 2021, according to the statistics published by the National Bank of Romania. The entrepreneurial environment has struggled and managed to carry on its business forward and adapt to all these challenges generated by the pandemic. And this was absolutely remarkable!<\/p><p>Gradul de intermediere financiar\u0103 a \u00eenregistrat anul trecut o inversare de trend, ajung\u00e2nd la 24%. M\u0103sur\u0103torile realizate de studii de specialitate arat\u0103 o cre\u0219tere pe zona gradului de incluziune financiar\u0103, p\u00e2n\u0103 la 71%, pe fondul digitaliz\u0103rii accelerate. Transformarea digital\u0103 nu a \u00eenceput \u00eens\u0103 odat\u0103 cu pandemia Covid-19 \u015fi nici nu se va \u00eencheia odat\u0103 cu ea. De aceea, digitalizarea sistemului bancar \u2013 probabil cel mai \u201cexotic cuv\u00e2nt al momentului\u201d &#8211; trebuie s\u0103 continue \u00eentr-un ritm sus\u021binut, pentru a ne alinia \u00een timp real la nevoile clien\u021bilor \u0219i pentru a men\u021bine trendul de cre\u0219tere a gradului de bancarizare. Obiectivul nostru comun este cooperarea c\u00e2t mai str\u00e2ns\u0103 pentru optimizarea m\u0103surilor care ajut\u0103 cre\u0219terea economic\u0103 prin: avansul credit\u0103rii, accelerarea digitaliz\u0103rii \u0219i cre\u0219terea gradului de bancarizare. Viteza schimb\u0103rii \u0219i adapt\u0103rii la digitalizare este esen\u021bial\u0103, ca de altfel \u0219i preocuparea pentru \u00eembun\u0103t\u0103\u021birea experien\u021bei clien\u021bilor.<\/p><p>I conclude here by expressing my thanks to all the dialogue partners of the Romanian Associations of Banks, whether we are talking about authorities, industry partners, the media, governing bodies of banks and affi liated members, members of Specialized Commissions and the RAB executives for the results obtained and for increasing the contribution to the development of Romania\u2019s economy.<\/p><h3 class=\"text-lead\">Bogdan Neac\u0219u,<\/h3><p><strong>President of the Board of Directors <\/strong><br \/><strong>Romanian Association of Banks<\/strong><\/p>\t\t\t\t\t\t\t\t<\/div>\n\t\t\t\t<\/div>\n\t\t\t\t\t<\/div>\n\t\t\t\t<\/div>\n\t\t\t\t<\/div>","protected":false},"excerpt":{"rendered":"<p>Mesajul pre\u0219edintelui \u00cen acest an, Asocia\u021bia Rom\u00e2n\u0103 a B\u0103ncilor aniverseaz\u0103 34 de ani de existen\u021b\u0103. E un bun prilej s\u0103 ne uit\u0103m \u00een urm\u0103, pentru a vedea cum au evoluat sistemul \u0219i serviciile bancare, dar mai ales s\u0103 ne uit\u0103m \u00een viitor \u2013 pentru a vedea cum am putea face lucrurile mai bine \u0219i ce [&hellip;]<\/p>\n","protected":false},"author":5,"featured_media":506,"parent":123,"menu_order":0,"comment_status":"closed","ping_status":"closed","template":"","meta":{"inline_featured_image":false,"footnotes":""},"class_list":["post-505","page","type-page","status-publish","has-post-thumbnail","hentry"],"acf":[],"yoast_head":"<!-- This site is optimized with the Yoast SEO plugin v27.3 - https:\/\/yoast.com\/product\/yoast-seo-wordpress\/ -->\n<title>Mesajul pre\u0219edintelui - Asocia\u021bia Rom\u00e2n\u0103 a B\u0103ncilor (ARB)<\/title>\n<meta name=\"robots\" content=\"index, follow, max-snippet:-1, max-image-preview:large, max-video-preview:-1\" \/>\n<link rel=\"canonical\" href=\"https:\/\/www.arb.ro\/en\/despre-arb\/mesajul-presedintelui\/\" \/>\n<meta property=\"og:locale\" content=\"en_US\" \/>\n<meta property=\"og:type\" content=\"article\" \/>\n<meta property=\"og:title\" content=\"Mesajul pre\u0219edintelui - Asocia\u021bia Rom\u00e2n\u0103 a B\u0103ncilor (ARB)\" \/>\n<meta property=\"og:description\" content=\"Mesajul pre\u0219edintelui \u00cen acest an, Asocia\u021bia Rom\u00e2n\u0103 a B\u0103ncilor aniverseaz\u0103 34 de ani de existen\u021b\u0103. E un bun prilej s\u0103 ne uit\u0103m \u00een urm\u0103, pentru a vedea cum au evoluat sistemul \u0219i serviciile bancare, dar mai ales s\u0103 ne uit\u0103m \u00een viitor \u2013 pentru a vedea cum am putea face lucrurile mai bine \u0219i ce [&hellip;]\" \/>\n<meta property=\"og:url\" content=\"https:\/\/www.arb.ro\/en\/despre-arb\/mesajul-presedintelui\/\" \/>\n<meta property=\"og:site_name\" content=\"Asocia\u021bia Rom\u00e2n\u0103 a B\u0103ncilor (ARB)\" \/>\n<meta property=\"article:modified_time\" content=\"2025-01-03T09:49:25+00:00\" \/>\n<meta property=\"og:image\" content=\"https:\/\/www.arb.ro\/wp-content\/uploads\/2022\/01\/ARB_Bogdan-Neacsu.jpg\" \/>\n\t<meta property=\"og:image:width\" content=\"1920\" \/>\n\t<meta property=\"og:image:height\" content=\"1311\" \/>\n\t<meta property=\"og:image:type\" content=\"image\/jpeg\" \/>\n<meta name=\"twitter:card\" content=\"summary_large_image\" \/>\n<meta name=\"twitter:label1\" content=\"Est. reading time\" \/>\n\t<meta name=\"twitter:data1\" content=\"5 minutes\" \/>\n<script type=\"application\/ld+json\" class=\"yoast-schema-graph\">{\"@context\":\"https:\\\/\\\/schema.org\",\"@graph\":[{\"@type\":\"WebPage\",\"@id\":\"https:\\\/\\\/www.arb.ro\\\/despre-arb\\\/mesajul-presedintelui\\\/\",\"url\":\"https:\\\/\\\/www.arb.ro\\\/despre-arb\\\/mesajul-presedintelui\\\/\",\"name\":\"Mesajul pre\u0219edintelui - Asocia\u021bia Rom\u00e2n\u0103 a B\u0103ncilor (ARB)\",\"isPartOf\":{\"@id\":\"https:\\\/\\\/www.arb.ro\\\/#website\"},\"primaryImageOfPage\":{\"@id\":\"https:\\\/\\\/www.arb.ro\\\/despre-arb\\\/mesajul-presedintelui\\\/#primaryimage\"},\"image\":{\"@id\":\"https:\\\/\\\/www.arb.ro\\\/despre-arb\\\/mesajul-presedintelui\\\/#primaryimage\"},\"thumbnailUrl\":\"https:\\\/\\\/www.arb.ro\\\/wp-content\\\/uploads\\\/2022\\\/01\\\/ARB_Bogdan-Neacsu.jpg\",\"datePublished\":\"2025-01-03T07:44:05+00:00\",\"dateModified\":\"2025-01-03T09:49:25+00:00\",\"breadcrumb\":{\"@id\":\"https:\\\/\\\/www.arb.ro\\\/despre-arb\\\/mesajul-presedintelui\\\/#breadcrumb\"},\"inLanguage\":\"en-US\",\"potentialAction\":[{\"@type\":\"ReadAction\",\"target\":[\"https:\\\/\\\/www.arb.ro\\\/despre-arb\\\/mesajul-presedintelui\\\/\"]}]},{\"@type\":\"ImageObject\",\"inLanguage\":\"en-US\",\"@id\":\"https:\\\/\\\/www.arb.ro\\\/despre-arb\\\/mesajul-presedintelui\\\/#primaryimage\",\"url\":\"https:\\\/\\\/www.arb.ro\\\/wp-content\\\/uploads\\\/2022\\\/01\\\/ARB_Bogdan-Neacsu.jpg\",\"contentUrl\":\"https:\\\/\\\/www.arb.ro\\\/wp-content\\\/uploads\\\/2022\\\/01\\\/ARB_Bogdan-Neacsu.jpg\",\"width\":1920,\"height\":1311},{\"@type\":\"BreadcrumbList\",\"@id\":\"https:\\\/\\\/www.arb.ro\\\/despre-arb\\\/mesajul-presedintelui\\\/#breadcrumb\",\"itemListElement\":[{\"@type\":\"ListItem\",\"position\":1,\"name\":\"Home\",\"item\":\"https:\\\/\\\/www.arb.ro\\\/\"},{\"@type\":\"ListItem\",\"position\":2,\"name\":\"Despre ARB\",\"item\":\"https:\\\/\\\/www.arb.ro\\\/despre-arb\\\/\"},{\"@type\":\"ListItem\",\"position\":3,\"name\":\"Mesajul pre\u0219edintelui\"}]},{\"@type\":\"WebSite\",\"@id\":\"https:\\\/\\\/www.arb.ro\\\/#website\",\"url\":\"https:\\\/\\\/www.arb.ro\\\/\",\"name\":\"Asocia\u021bia Rom\u00e2n\u0103 a B\u0103ncilor (ARB)\",\"description\":\"Asocia\u021bia Rom\u00e2n\u0103 a B\u0103ncilor\",\"publisher\":{\"@id\":\"https:\\\/\\\/www.arb.ro\\\/#organization\"},\"potentialAction\":[{\"@type\":\"SearchAction\",\"target\":{\"@type\":\"EntryPoint\",\"urlTemplate\":\"https:\\\/\\\/www.arb.ro\\\/?s={search_term_string}\"},\"query-input\":{\"@type\":\"PropertyValueSpecification\",\"valueRequired\":true,\"valueName\":\"search_term_string\"}}],\"inLanguage\":\"en-US\"},{\"@type\":\"Organization\",\"@id\":\"https:\\\/\\\/www.arb.ro\\\/#organization\",\"name\":\"Asocia\u021bia Rom\u00e2n\u0103 a B\u0103ncilor (ARB)\",\"url\":\"https:\\\/\\\/www.arb.ro\\\/\",\"logo\":{\"@type\":\"ImageObject\",\"inLanguage\":\"en-US\",\"@id\":\"https:\\\/\\\/www.arb.ro\\\/#\\\/schema\\\/logo\\\/image\\\/\",\"url\":\"https:\\\/\\\/www.arb.ro\\\/wp-content\\\/uploads\\\/ARB_35_TRANSPARENCY.png\",\"contentUrl\":\"https:\\\/\\\/www.arb.ro\\\/wp-content\\\/uploads\\\/ARB_35_TRANSPARENCY.png\",\"width\":1820,\"height\":1987,\"caption\":\"Asocia\u021bia Rom\u00e2n\u0103 a B\u0103ncilor (ARB)\"},\"image\":{\"@id\":\"https:\\\/\\\/www.arb.ro\\\/#\\\/schema\\\/logo\\\/image\\\/\"}}]}<\/script>\n<!-- \/ Yoast SEO plugin. -->","yoast_head_json":{"title":"Mesajul pre\u0219edintelui - Asocia\u021bia Rom\u00e2n\u0103 a B\u0103ncilor (ARB)","robots":{"index":"index","follow":"follow","max-snippet":"max-snippet:-1","max-image-preview":"max-image-preview:large","max-video-preview":"max-video-preview:-1"},"canonical":"https:\/\/www.arb.ro\/en\/despre-arb\/mesajul-presedintelui\/","og_locale":"en_US","og_type":"article","og_title":"Mesajul pre\u0219edintelui - Asocia\u021bia Rom\u00e2n\u0103 a B\u0103ncilor (ARB)","og_description":"Mesajul pre\u0219edintelui \u00cen acest an, Asocia\u021bia Rom\u00e2n\u0103 a B\u0103ncilor aniverseaz\u0103 34 de ani de existen\u021b\u0103. E un bun prilej s\u0103 ne uit\u0103m \u00een urm\u0103, pentru a vedea cum au evoluat sistemul \u0219i serviciile bancare, dar mai ales s\u0103 ne uit\u0103m \u00een viitor \u2013 pentru a vedea cum am putea face lucrurile mai bine \u0219i ce [&hellip;]","og_url":"https:\/\/www.arb.ro\/en\/despre-arb\/mesajul-presedintelui\/","og_site_name":"Asocia\u021bia Rom\u00e2n\u0103 a B\u0103ncilor (ARB)","article_modified_time":"2025-01-03T09:49:25+00:00","og_image":[{"width":1920,"height":1311,"url":"https:\/\/www.arb.ro\/wp-content\/uploads\/2022\/01\/ARB_Bogdan-Neacsu.jpg","type":"image\/jpeg"}],"twitter_card":"summary_large_image","twitter_misc":{"Est. reading time":"5 minutes"},"schema":{"@context":"https:\/\/schema.org","@graph":[{"@type":"WebPage","@id":"https:\/\/www.arb.ro\/despre-arb\/mesajul-presedintelui\/","url":"https:\/\/www.arb.ro\/despre-arb\/mesajul-presedintelui\/","name":"Mesajul pre\u0219edintelui - Asocia\u021bia Rom\u00e2n\u0103 a B\u0103ncilor (ARB)","isPartOf":{"@id":"https:\/\/www.arb.ro\/#website"},"primaryImageOfPage":{"@id":"https:\/\/www.arb.ro\/despre-arb\/mesajul-presedintelui\/#primaryimage"},"image":{"@id":"https:\/\/www.arb.ro\/despre-arb\/mesajul-presedintelui\/#primaryimage"},"thumbnailUrl":"https:\/\/www.arb.ro\/wp-content\/uploads\/2022\/01\/ARB_Bogdan-Neacsu.jpg","datePublished":"2025-01-03T07:44:05+00:00","dateModified":"2025-01-03T09:49:25+00:00","breadcrumb":{"@id":"https:\/\/www.arb.ro\/despre-arb\/mesajul-presedintelui\/#breadcrumb"},"inLanguage":"en-US","potentialAction":[{"@type":"ReadAction","target":["https:\/\/www.arb.ro\/despre-arb\/mesajul-presedintelui\/"]}]},{"@type":"ImageObject","inLanguage":"en-US","@id":"https:\/\/www.arb.ro\/despre-arb\/mesajul-presedintelui\/#primaryimage","url":"https:\/\/www.arb.ro\/wp-content\/uploads\/2022\/01\/ARB_Bogdan-Neacsu.jpg","contentUrl":"https:\/\/www.arb.ro\/wp-content\/uploads\/2022\/01\/ARB_Bogdan-Neacsu.jpg","width":1920,"height":1311},{"@type":"BreadcrumbList","@id":"https:\/\/www.arb.ro\/despre-arb\/mesajul-presedintelui\/#breadcrumb","itemListElement":[{"@type":"ListItem","position":1,"name":"Home","item":"https:\/\/www.arb.ro\/"},{"@type":"ListItem","position":2,"name":"Despre ARB","item":"https:\/\/www.arb.ro\/despre-arb\/"},{"@type":"ListItem","position":3,"name":"Mesajul pre\u0219edintelui"}]},{"@type":"WebSite","@id":"https:\/\/www.arb.ro\/#website","url":"https:\/\/www.arb.ro\/","name":"Asocia\u021bia Rom\u00e2n\u0103 a B\u0103ncilor (ARB)","description":"Romanian Association of Banks","publisher":{"@id":"https:\/\/www.arb.ro\/#organization"},"potentialAction":[{"@type":"SearchAction","target":{"@type":"EntryPoint","urlTemplate":"https:\/\/www.arb.ro\/?s={search_term_string}"},"query-input":{"@type":"PropertyValueSpecification","valueRequired":true,"valueName":"search_term_string"}}],"inLanguage":"en-US"},{"@type":"Organization","@id":"https:\/\/www.arb.ro\/#organization","name":"Asocia\u021bia Rom\u00e2n\u0103 a B\u0103ncilor (ARB)","url":"https:\/\/www.arb.ro\/","logo":{"@type":"ImageObject","inLanguage":"en-US","@id":"https:\/\/www.arb.ro\/#\/schema\/logo\/image\/","url":"https:\/\/www.arb.ro\/wp-content\/uploads\/ARB_35_TRANSPARENCY.png","contentUrl":"https:\/\/www.arb.ro\/wp-content\/uploads\/ARB_35_TRANSPARENCY.png","width":1820,"height":1987,"caption":"Asocia\u021bia Rom\u00e2n\u0103 a B\u0103ncilor (ARB)"},"image":{"@id":"https:\/\/www.arb.ro\/#\/schema\/logo\/image\/"}}]}},"_links":{"self":[{"href":"https:\/\/www.arb.ro\/en\/wp-json\/wp\/v2\/pages\/505","targetHints":{"allow":["GET"]}}],"collection":[{"href":"https:\/\/www.arb.ro\/en\/wp-json\/wp\/v2\/pages"}],"about":[{"href":"https:\/\/www.arb.ro\/en\/wp-json\/wp\/v2\/types\/page"}],"author":[{"embeddable":true,"href":"https:\/\/www.arb.ro\/en\/wp-json\/wp\/v2\/users\/5"}],"replies":[{"embeddable":true,"href":"https:\/\/www.arb.ro\/en\/wp-json\/wp\/v2\/comments?post=505"}],"version-history":[{"count":0,"href":"https:\/\/www.arb.ro\/en\/wp-json\/wp\/v2\/pages\/505\/revisions"}],"up":[{"embeddable":true,"href":"https:\/\/www.arb.ro\/en\/wp-json\/wp\/v2\/pages\/123"}],"wp:featuredmedia":[{"embeddable":true,"href":"https:\/\/www.arb.ro\/en\/wp-json\/wp\/v2\/media\/506"}],"wp:attachment":[{"href":"https:\/\/www.arb.ro\/en\/wp-json\/wp\/v2\/media?parent=505"}],"curies":[{"name":"wp","href":"https:\/\/api.w.org\/{rel}","templated":true}]}}