{"id":3684356,"date":"2026-04-07T17:00:33","date_gmt":"2026-04-07T14:00:33","guid":{"rendered":"https:\/\/www.arb.ro\/?page_id=3684356"},"modified":"2026-04-07T19:13:16","modified_gmt":"2026-04-07T16:13:16","slug":"ropay","status":"publish","type":"page","link":"https:\/\/www.arb.ro\/en\/proiecte\/ropay\/","title":{"rendered":"RoPay"},"content":{"rendered":"\t\t<div data-elementor-type=\"wp-page\" data-elementor-id=\"3684356\" class=\"elementor elementor-3684356\" data-elementor-post-type=\"page\">\n\t\t\t\t<div class=\"elementor-element elementor-element-3bc6c31 e-flex e-con-boxed e-con e-parent\" data-id=\"3bc6c31\" data-element_type=\"container\" data-e-type=\"container\">\n\t\t\t\t\t<div class=\"e-con-inner\">\n\t\t\t\t<div class=\"elementor-element elementor-element-43615c2 elementor-widget elementor-widget-heading\" data-id=\"43615c2\" data-element_type=\"widget\" data-e-type=\"widget\" data-widget_type=\"heading.default\">\n\t\t\t\t<div class=\"elementor-widget-container\">\n\t\t\t\t\t<h2 class=\"elementor-heading-title elementor-size-default\">RoPay<\/h2>\t\t\t\t<\/div>\n\t\t\t\t<\/div>\n\t\t\t\t<div class=\"elementor-element elementor-element-bfc29b2 elementor-widget elementor-widget-image\" data-id=\"bfc29b2\" data-element_type=\"widget\" data-e-type=\"widget\" data-widget_type=\"image.default\">\n\t\t\t\t<div class=\"elementor-widget-container\">\n\t\t\t\t\t\t\t\t\t\t\t\t\t\t\t\t<a href=\"https:\/\/www.ropay.ro\">\n\t\t\t\t\t\t\t<img fetchpriority=\"high\" decoding=\"async\" width=\"398\" height=\"168\" src=\"https:\/\/www.arb.ro\/wp-content\/uploads\/RoPay.jpg\" class=\"attachment-large size-large wp-image-3683492\" alt=\"\" srcset=\"https:\/\/www.arb.ro\/wp-content\/uploads\/RoPay.jpg 398w, https:\/\/www.arb.ro\/wp-content\/uploads\/RoPay-300x127.jpg 300w, https:\/\/www.arb.ro\/wp-content\/uploads\/RoPay-150x63.jpg 150w, https:\/\/www.arb.ro\/wp-content\/uploads\/RoPay-18x8.jpg 18w\" sizes=\"(max-width: 398px) 100vw, 398px\" \/>\t\t\t\t\t\t\t\t<\/a>\n\t\t\t\t\t\t\t\t\t\t\t\t\t\t\t<\/div>\n\t\t\t\t<\/div>\n\t\t\t\t<div class=\"elementor-element elementor-element-1809bec elementor-widget elementor-widget-text-editor\" data-id=\"1809bec\" data-element_type=\"widget\" data-e-type=\"widget\" data-widget_type=\"text-editor.default\">\n\t\t\t\t<div class=\"elementor-widget-container\">\n\t\t\t\t\t\t\t\t\t<p>Serviciul <strong>RoPay<\/strong> permite utilizatorilor plata instant cu mobilul \u00een conformitate cu Schema na\u021bional\u0103 de pl\u0103\u021bi.<\/p><p>Dezvoltat de c\u0103tre TRANSFOND, <strong>RoPay<\/strong> este serviciul de ini\u021biere pl\u0103\u021bi instant cu mobilul, direct de la un cont bancar la altul A2A, (\u201daccount-to-account\u201d), care utilizeaz\u0103 tehnologii precum scanare de cod QR, deep link, NFC (contactless) sau num\u0103rul de mobil ca alias (\u201dproxy\u201d) pentru IBAN. Fiecare banc\u0103 sau comerciant poate implementa unul sau mai multe tipuri de plat\u0103 <strong>RoPay<\/strong>, \u00een func\u021bie de propria strategie. Serviciul <strong>RoPay<\/strong> intr\u0103 \u00een produc\u021bie treptat, pe m\u0103sur\u0103 ce b\u0103ncile participante introduc noi func\u021bionalit\u0103\u021bi \u0219i acoper\u0103 noi situa\u021bii de utilizare, iar utilizatorii se familiarizeaz\u0103 cu serviciul. Prima utilizare disponibil\u0103 este pentru pl\u0103\u021bi P2P (\u201dperson-to-person\u201d) \u00een proximitate.<\/p><p><strong>RoPay<\/strong> este disponibil non-stop, 24\/7, inclusiv \u00een weekenduri \u0219i zilele de s\u0103rb\u0103toare legal\u0103, garant\u00e2nd astfel accesul continuu la fonduri pentru to\u021bi utilizatorii. Prin <strong>RoPay<\/strong> se pot ini\u021bia pl\u0103\u021bi instant \u00eentre conturi aflate la b\u0103nci diferite sau \u00eentre conturi aflate la aceea\u0219i banc\u0103, f\u0103r\u0103 utilizarea detaliilor bancare. Serviciul este pus la dispozi\u021bia consumatorilor finali prin intermediul aplica\u021biilor de mobile banking ale b\u0103ncilor participante \u0219i ofer\u0103 \u00een utilizare o experien\u021b\u0103 de plat\u0103 (ini\u021biere \u0219i execu\u021bie) rapid\u0103 \u0219i pl\u0103cut\u0103 astfel \u00eenc\u00e2t s\u0103 fie adoptat\u0103 \u00een cotidian. <strong>RoPay<\/strong> \u00ee\u0219i propune s\u0103 devin\u0103 parte din via\u021ba fiec\u0103ruia dintre noi.<\/p><p>Pentru a utiliza <strong>RoPay<\/strong>, este nevoie ca at\u00e2t pl\u0103titorul, c\u00e2t \u0219i beneficiarul s\u0103 aib\u0103 instalate aplica\u021biile de mobile banking ale b\u0103ncilor unde de\u021bin conturile, iar b\u0103ncile lor s\u0103 ofere serviciul. Pl\u0103\u021bile sunt procesate instant, \u00een mai pu\u021bin de 10 secunde, la cele mai \u00eenalte standarde de securitate, asigur\u00e2ndu-se protec\u021bia datelor \u0219i tranzac\u021biilor. Prin <strong>RoPay<\/strong> po\u021bi pl\u0103ti unui prieten sau po\u021bi s\u0103-i solici\u021bi bani, vei putea pl\u0103ti pentru cump\u0103r\u0103turile online sau la POS la supermarket, vei putea pl\u0103ti v\u00e2nz\u0103torului din pia\u021b\u0103 sau vei putea s\u0103-\u021bi achi\u021bi biletul de autobuz sau facturile de utilit\u0103\u021bi \u2013 acestea fiind doar c\u00e2teva cazuri de utilizare ale serviciului, posibil de implementat de c\u0103tre b\u0103nci \u0219i comercian\u021bi.<\/p><p>Mai multe detalii le reg\u0103si\u021bi acces\u00e2nd <a href=\"https:\/\/www.ropay.ro\">https:\/\/www.ropay.ro<\/a><\/p>\t\t\t\t\t\t\t\t<\/div>\n\t\t\t\t<\/div>\n\t\t<div class=\"elementor-element elementor-element-eeae410 e-con-full e-flex e-con e-child\" data-id=\"eeae410\" data-element_type=\"container\" data-e-type=\"container\">\n\t\t\t\t<div class=\"elementor-element elementor-element-496a5f2 elementor-widget-mobile_extra__width-initial elementor-widget elementor-widget-heading\" data-id=\"496a5f2\" data-element_type=\"widget\" data-e-type=\"widget\" data-widget_type=\"heading.default\">\n\t\t\t\t<div class=\"elementor-widget-container\">\n\t\t\t\t\t<h2 class=\"elementor-heading-title elementor-size-default\">Setul de reguli privind Schema RoPay_V02R00 (intrat \u00een vigoare la data de 01.09.2025) \n<\/h2>\t\t\t\t<\/div>\n\t\t\t\t<\/div>\n\t\t\t\t<div class=\"elementor-element elementor-element-587ea5f elementor-widget elementor-widget-button\" data-id=\"587ea5f\" data-element_type=\"widget\" data-e-type=\"widget\" data-widget_type=\"button.default\">\n\t\t\t\t<div class=\"elementor-widget-container\">\n\t\t\t\t\t\t\t\t\t<div class=\"elementor-button-wrapper\">\n\t\t\t\t\t<a class=\"elementor-button elementor-button-link elementor-size-sm\" href=\"\/wp-content\/uploads\/Set-de-Reguli-privind-Schema-RoPay_V02R00.pdf\" target=\"_blank\">\n\t\t\t\t\t\t<span class=\"elementor-button-content-wrapper\">\n\t\t\t\t\t\t\t\t\t<span class=\"elementor-button-text\">Desc\u0103rca\u021bi<\/span>\n\t\t\t\t\t<\/span>\n\t\t\t\t\t<\/a>\n\t\t\t\t<\/div>\n\t\t\t\t\t\t\t\t<\/div>\n\t\t\t\t<\/div>\n\t\t\t\t<\/div>\n\t\t<div class=\"elementor-element elementor-element-aa265ed e-con-full e-flex e-con e-child\" data-id=\"aa265ed\" data-element_type=\"container\" data-e-type=\"container\">\n\t\t\t\t<div class=\"elementor-element elementor-element-691b79b elementor-widget-mobile_extra__width-initial elementor-widget elementor-widget-heading\" data-id=\"691b79b\" data-element_type=\"widget\" data-e-type=\"widget\" data-widget_type=\"heading.default\">\n\t\t\t\t<div class=\"elementor-widget-container\">\n\t\t\t\t\t<h2 class=\"elementor-heading-title elementor-size-default\">Setul de reguli privind Schema RoPay_V02R02 (intrare \u00een vigoare la data de 30.04.2026) \n<\/h2>\t\t\t\t<\/div>\n\t\t\t\t<\/div>\n\t\t\t\t<div class=\"elementor-element elementor-element-223a712 elementor-widget elementor-widget-button\" data-id=\"223a712\" data-element_type=\"widget\" data-e-type=\"widget\" data-widget_type=\"button.default\">\n\t\t\t\t<div class=\"elementor-widget-container\">\n\t\t\t\t\t\t\t\t\t<div class=\"elementor-button-wrapper\">\n\t\t\t\t\t<a class=\"elementor-button elementor-button-link elementor-size-sm\" href=\"\/wp-content\/uploads\/Set-de-Reguli-privind-Schema-RoPay_V02R02.pdf\" target=\"_blank\">\n\t\t\t\t\t\t<span class=\"elementor-button-content-wrapper\">\n\t\t\t\t\t\t\t\t\t<span class=\"elementor-button-text\">Desc\u0103rca\u021bi<\/span>\n\t\t\t\t\t<\/span>\n\t\t\t\t\t<\/a>\n\t\t\t\t<\/div>\n\t\t\t\t\t\t\t\t<\/div>\n\t\t\t\t<\/div>\n\t\t\t\t<\/div>\n\t\t<div class=\"elementor-element elementor-element-fab2673 e-con-full e-flex e-con e-child\" data-id=\"fab2673\" data-element_type=\"container\" data-e-type=\"container\">\n\t\t\t\t<div class=\"elementor-element elementor-element-46b9a24 elementor-widget elementor-widget-heading\" data-id=\"46b9a24\" data-element_type=\"widget\" data-e-type=\"widget\" data-widget_type=\"heading.default\">\n\t\t\t\t<div class=\"elementor-widget-container\">\n\t\t\t\t\t<h2 class=\"elementor-heading-title elementor-size-default\">Institu\u0163ii care au aderat la Schema RoPay RON [17.12.2025]<\/h2>\t\t\t\t<\/div>\n\t\t\t\t<\/div>\n\t\t\t\t<div class=\"elementor-element elementor-element-4bf494d elementor-widget elementor-widget-button\" data-id=\"4bf494d\" data-element_type=\"widget\" data-e-type=\"widget\" data-widget_type=\"button.default\">\n\t\t\t\t<div class=\"elementor-widget-container\">\n\t\t\t\t\t\t\t\t\t<div class=\"elementor-button-wrapper\">\n\t\t\t\t\t<a class=\"elementor-button elementor-button-link elementor-size-sm\" href=\"\/wp-content\/uploads\/Registru-RoPAY_17122025.pdf\" target=\"_blank\">\n\t\t\t\t\t\t<span class=\"elementor-button-content-wrapper\">\n\t\t\t\t\t\t\t\t\t<span class=\"elementor-button-text\">Desc\u0103rca\u021bi<\/span>\n\t\t\t\t\t<\/span>\n\t\t\t\t\t<\/a>\n\t\t\t\t<\/div>\n\t\t\t\t\t\t\t\t<\/div>\n\t\t\t\t<\/div>\n\t\t\t\t<\/div>\n\t\t\t\t\t<\/div>\n\t\t\t\t<\/div>\n\t\t\t\t<\/div>\n\t\t","protected":false},"excerpt":{"rendered":"<p>Sistemul bancar din Rom\u00e2nia deruleaza un  proiect de auto-reglementare \u00een domeniul pl\u0103\u0163ilor.<\/p>","protected":false},"author":5,"featured_media":3683492,"parent":9,"menu_order":0,"comment_status":"closed","ping_status":"closed","template":"","meta":{"inline_featured_image":false,"footnotes":""},"class_list":["post-3684356","page","type-page","status-publish","has-post-thumbnail","hentry"],"acf":[],"yoast_head":"<!-- This site is optimized with the Yoast SEO plugin v27.3 - https:\/\/yoast.com\/product\/yoast-seo-wordpress\/ -->\n<title>RoPay - Asocia\u021bia Rom\u00e2n\u0103 a B\u0103ncilor (ARB)<\/title>\n<meta name=\"robots\" content=\"index, follow, max-snippet:-1, max-image-preview:large, max-video-preview:-1\" \/>\n<link rel=\"canonical\" href=\"https:\/\/www.arb.ro\/en\/proiecte\/ropay\/\" \/>\n<meta property=\"og:locale\" content=\"en_US\" \/>\n<meta property=\"og:type\" content=\"article\" \/>\n<meta property=\"og:title\" content=\"RoPay - Asocia\u021bia Rom\u00e2n\u0103 a B\u0103ncilor (ARB)\" \/>\n<meta property=\"og:description\" content=\"Sistemul bancar din Rom\u00e2nia deruleaza un proiect de auto-reglementare \u00een domeniul pl\u0103\u0163ilor.\" \/>\n<meta property=\"og:url\" content=\"https:\/\/www.arb.ro\/en\/proiecte\/ropay\/\" \/>\n<meta property=\"og:site_name\" content=\"Asocia\u021bia Rom\u00e2n\u0103 a B\u0103ncilor (ARB)\" \/>\n<meta property=\"article:modified_time\" content=\"2026-04-07T16:13:16+00:00\" \/>\n<meta property=\"og:image\" content=\"https:\/\/www.arb.ro\/wp-content\/uploads\/RoPay.jpg\" \/>\n\t<meta property=\"og:image:width\" content=\"398\" \/>\n\t<meta property=\"og:image:height\" content=\"168\" \/>\n\t<meta property=\"og:image:type\" content=\"image\/jpeg\" \/>\n<meta name=\"twitter:card\" content=\"summary_large_image\" \/>\n<meta name=\"twitter:label1\" content=\"Est. reading time\" \/>\n\t<meta name=\"twitter:data1\" content=\"2 minutes\" \/>\n<script type=\"application\/ld+json\" class=\"yoast-schema-graph\">{\"@context\":\"https:\\\/\\\/schema.org\",\"@graph\":[{\"@type\":\"WebPage\",\"@id\":\"https:\\\/\\\/www.arb.ro\\\/proiecte\\\/ropay\\\/\",\"url\":\"https:\\\/\\\/www.arb.ro\\\/proiecte\\\/ropay\\\/\",\"name\":\"RoPay - Asocia\u021bia Rom\u00e2n\u0103 a B\u0103ncilor (ARB)\",\"isPartOf\":{\"@id\":\"https:\\\/\\\/www.arb.ro\\\/#website\"},\"primaryImageOfPage\":{\"@id\":\"https:\\\/\\\/www.arb.ro\\\/proiecte\\\/ropay\\\/#primaryimage\"},\"image\":{\"@id\":\"https:\\\/\\\/www.arb.ro\\\/proiecte\\\/ropay\\\/#primaryimage\"},\"thumbnailUrl\":\"https:\\\/\\\/www.arb.ro\\\/wp-content\\\/uploads\\\/RoPay.jpg\",\"datePublished\":\"2026-04-07T14:00:33+00:00\",\"dateModified\":\"2026-04-07T16:13:16+00:00\",\"breadcrumb\":{\"@id\":\"https:\\\/\\\/www.arb.ro\\\/proiecte\\\/ropay\\\/#breadcrumb\"},\"inLanguage\":\"en-US\",\"potentialAction\":[{\"@type\":\"ReadAction\",\"target\":[\"https:\\\/\\\/www.arb.ro\\\/proiecte\\\/ropay\\\/\"]}]},{\"@type\":\"ImageObject\",\"inLanguage\":\"en-US\",\"@id\":\"https:\\\/\\\/www.arb.ro\\\/proiecte\\\/ropay\\\/#primaryimage\",\"url\":\"https:\\\/\\\/www.arb.ro\\\/wp-content\\\/uploads\\\/RoPay.jpg\",\"contentUrl\":\"https:\\\/\\\/www.arb.ro\\\/wp-content\\\/uploads\\\/RoPay.jpg\",\"width\":398,\"height\":168},{\"@type\":\"BreadcrumbList\",\"@id\":\"https:\\\/\\\/www.arb.ro\\\/proiecte\\\/ropay\\\/#breadcrumb\",\"itemListElement\":[{\"@type\":\"ListItem\",\"position\":1,\"name\":\"Home\",\"item\":\"https:\\\/\\\/www.arb.ro\\\/\"},{\"@type\":\"ListItem\",\"position\":2,\"name\":\"Proiecte\",\"item\":\"https:\\\/\\\/www.arb.ro\\\/proiecte\\\/\"},{\"@type\":\"ListItem\",\"position\":3,\"name\":\"RoPay\"}]},{\"@type\":\"WebSite\",\"@id\":\"https:\\\/\\\/www.arb.ro\\\/#website\",\"url\":\"https:\\\/\\\/www.arb.ro\\\/\",\"name\":\"Asocia\u021bia Rom\u00e2n\u0103 a B\u0103ncilor (ARB)\",\"description\":\"Asocia\u021bia Rom\u00e2n\u0103 a B\u0103ncilor\",\"publisher\":{\"@id\":\"https:\\\/\\\/www.arb.ro\\\/#organization\"},\"potentialAction\":[{\"@type\":\"SearchAction\",\"target\":{\"@type\":\"EntryPoint\",\"urlTemplate\":\"https:\\\/\\\/www.arb.ro\\\/?s={search_term_string}\"},\"query-input\":{\"@type\":\"PropertyValueSpecification\",\"valueRequired\":true,\"valueName\":\"search_term_string\"}}],\"inLanguage\":\"en-US\"},{\"@type\":\"Organization\",\"@id\":\"https:\\\/\\\/www.arb.ro\\\/#organization\",\"name\":\"Asocia\u021bia Rom\u00e2n\u0103 a B\u0103ncilor (ARB)\",\"url\":\"https:\\\/\\\/www.arb.ro\\\/\",\"logo\":{\"@type\":\"ImageObject\",\"inLanguage\":\"en-US\",\"@id\":\"https:\\\/\\\/www.arb.ro\\\/#\\\/schema\\\/logo\\\/image\\\/\",\"url\":\"https:\\\/\\\/www.arb.ro\\\/wp-content\\\/uploads\\\/ARB_35_TRANSPARENCY.png\",\"contentUrl\":\"https:\\\/\\\/www.arb.ro\\\/wp-content\\\/uploads\\\/ARB_35_TRANSPARENCY.png\",\"width\":1820,\"height\":1987,\"caption\":\"Asocia\u021bia Rom\u00e2n\u0103 a B\u0103ncilor (ARB)\"},\"image\":{\"@id\":\"https:\\\/\\\/www.arb.ro\\\/#\\\/schema\\\/logo\\\/image\\\/\"}}]}<\/script>\n<!-- \/ Yoast SEO plugin. -->","yoast_head_json":{"title":"RoPay - Asocia\u021bia Rom\u00e2n\u0103 a B\u0103ncilor (ARB)","robots":{"index":"index","follow":"follow","max-snippet":"max-snippet:-1","max-image-preview":"max-image-preview:large","max-video-preview":"max-video-preview:-1"},"canonical":"https:\/\/www.arb.ro\/en\/proiecte\/ropay\/","og_locale":"en_US","og_type":"article","og_title":"RoPay - Asocia\u021bia Rom\u00e2n\u0103 a B\u0103ncilor (ARB)","og_description":"Sistemul bancar din Rom\u00e2nia deruleaza un proiect de auto-reglementare \u00een domeniul pl\u0103\u0163ilor.","og_url":"https:\/\/www.arb.ro\/en\/proiecte\/ropay\/","og_site_name":"Asocia\u021bia Rom\u00e2n\u0103 a B\u0103ncilor (ARB)","article_modified_time":"2026-04-07T16:13:16+00:00","og_image":[{"width":398,"height":168,"url":"https:\/\/www.arb.ro\/wp-content\/uploads\/RoPay.jpg","type":"image\/jpeg"}],"twitter_card":"summary_large_image","twitter_misc":{"Est. reading time":"2 minutes"},"schema":{"@context":"https:\/\/schema.org","@graph":[{"@type":"WebPage","@id":"https:\/\/www.arb.ro\/proiecte\/ropay\/","url":"https:\/\/www.arb.ro\/proiecte\/ropay\/","name":"RoPay - Asocia\u021bia Rom\u00e2n\u0103 a B\u0103ncilor (ARB)","isPartOf":{"@id":"https:\/\/www.arb.ro\/#website"},"primaryImageOfPage":{"@id":"https:\/\/www.arb.ro\/proiecte\/ropay\/#primaryimage"},"image":{"@id":"https:\/\/www.arb.ro\/proiecte\/ropay\/#primaryimage"},"thumbnailUrl":"https:\/\/www.arb.ro\/wp-content\/uploads\/RoPay.jpg","datePublished":"2026-04-07T14:00:33+00:00","dateModified":"2026-04-07T16:13:16+00:00","breadcrumb":{"@id":"https:\/\/www.arb.ro\/proiecte\/ropay\/#breadcrumb"},"inLanguage":"en-US","potentialAction":[{"@type":"ReadAction","target":["https:\/\/www.arb.ro\/proiecte\/ropay\/"]}]},{"@type":"ImageObject","inLanguage":"en-US","@id":"https:\/\/www.arb.ro\/proiecte\/ropay\/#primaryimage","url":"https:\/\/www.arb.ro\/wp-content\/uploads\/RoPay.jpg","contentUrl":"https:\/\/www.arb.ro\/wp-content\/uploads\/RoPay.jpg","width":398,"height":168},{"@type":"BreadcrumbList","@id":"https:\/\/www.arb.ro\/proiecte\/ropay\/#breadcrumb","itemListElement":[{"@type":"ListItem","position":1,"name":"Home","item":"https:\/\/www.arb.ro\/"},{"@type":"ListItem","position":2,"name":"Proiecte","item":"https:\/\/www.arb.ro\/proiecte\/"},{"@type":"ListItem","position":3,"name":"RoPay"}]},{"@type":"WebSite","@id":"https:\/\/www.arb.ro\/#website","url":"https:\/\/www.arb.ro\/","name":"Asocia\u021bia Rom\u00e2n\u0103 a B\u0103ncilor (ARB)","description":"Romanian Association of Banks","publisher":{"@id":"https:\/\/www.arb.ro\/#organization"},"potentialAction":[{"@type":"SearchAction","target":{"@type":"EntryPoint","urlTemplate":"https:\/\/www.arb.ro\/?s={search_term_string}"},"query-input":{"@type":"PropertyValueSpecification","valueRequired":true,"valueName":"search_term_string"}}],"inLanguage":"en-US"},{"@type":"Organization","@id":"https:\/\/www.arb.ro\/#organization","name":"Asocia\u021bia Rom\u00e2n\u0103 a B\u0103ncilor (ARB)","url":"https:\/\/www.arb.ro\/","logo":{"@type":"ImageObject","inLanguage":"en-US","@id":"https:\/\/www.arb.ro\/#\/schema\/logo\/image\/","url":"https:\/\/www.arb.ro\/wp-content\/uploads\/ARB_35_TRANSPARENCY.png","contentUrl":"https:\/\/www.arb.ro\/wp-content\/uploads\/ARB_35_TRANSPARENCY.png","width":1820,"height":1987,"caption":"Asocia\u021bia Rom\u00e2n\u0103 a B\u0103ncilor (ARB)"},"image":{"@id":"https:\/\/www.arb.ro\/#\/schema\/logo\/image\/"}}]}},"_links":{"self":[{"href":"https:\/\/www.arb.ro\/en\/wp-json\/wp\/v2\/pages\/3684356","targetHints":{"allow":["GET"]}}],"collection":[{"href":"https:\/\/www.arb.ro\/en\/wp-json\/wp\/v2\/pages"}],"about":[{"href":"https:\/\/www.arb.ro\/en\/wp-json\/wp\/v2\/types\/page"}],"author":[{"embeddable":true,"href":"https:\/\/www.arb.ro\/en\/wp-json\/wp\/v2\/users\/5"}],"replies":[{"embeddable":true,"href":"https:\/\/www.arb.ro\/en\/wp-json\/wp\/v2\/comments?post=3684356"}],"version-history":[{"count":15,"href":"https:\/\/www.arb.ro\/en\/wp-json\/wp\/v2\/pages\/3684356\/revisions"}],"predecessor-version":[{"id":3686473,"href":"https:\/\/www.arb.ro\/en\/wp-json\/wp\/v2\/pages\/3684356\/revisions\/3686473"}],"up":[{"embeddable":true,"href":"https:\/\/www.arb.ro\/en\/wp-json\/wp\/v2\/pages\/9"}],"wp:featuredmedia":[{"embeddable":true,"href":"https:\/\/www.arb.ro\/en\/wp-json\/wp\/v2\/media\/3683492"}],"wp:attachment":[{"href":"https:\/\/www.arb.ro\/en\/wp-json\/wp\/v2\/media?parent=3684356"}],"curies":[{"name":"wp","href":"https:\/\/api.w.org\/{rel}","templated":true}]}}